{"id":8790,"date":"2017-02-10T11:59:00","date_gmt":"2017-02-10T10:59:00","guid":{"rendered":"http:\/\/recarprofi.cz\/?page_id=8790"},"modified":"2024-04-26T10:00:15","modified_gmt":"2024-04-26T08:00:15","slug":"polonez","status":"publish","type":"page","link":"https:\/\/recarprofi.cz\/uvod\/zemedelska-technika\/puda\/seci-stroje\/polonez\/","title":{"rendered":"Mechanick\u00e9 sec\u00ed stroje Polonez"},"content":{"rendered":"\t\t<div data-elementor-type=\"wp-page\" data-elementor-id=\"8790\" class=\"elementor elementor-8790\">\n\t\t\t\t\t\t<section class=\"elementor-section elementor-top-section elementor-element elementor-element-76ee916b elementor-section-boxed elementor-section-height-default elementor-section-height-default\" data-id=\"76ee916b\" data-element_type=\"section\" data-e-type=\"section\">\n\t\t\t\t\t\t<div class=\"elementor-container elementor-column-gap-default\">\n\t\t\t\t\t<div class=\"elementor-column elementor-col-100 elementor-top-column elementor-element elementor-element-126985bb\" data-id=\"126985bb\" data-element_type=\"column\" data-e-type=\"column\">\n\t\t\t<div class=\"elementor-widget-wrap elementor-element-populated\">\n\t\t\t\t\t\t<div class=\"elementor-element elementor-element-6c067e67 elementor-widget elementor-widget-text-editor\" data-id=\"6c067e67\" data-element_type=\"widget\" data-e-type=\"widget\" data-widget_type=\"text-editor.default\">\n\t\t\t\t<div class=\"elementor-widget-container\">\n\t\t\t\t\t\t\t\t\t<h4><a href=\"http:\/\/recarprofi.cz\/wp-content\/uploads\/2018\/03\/unia-polonez2.jpg\"><img fetchpriority=\"high\" decoding=\"async\" class=\"aligncenter wp-image-10353 size-full\" src=\"https:\/\/recarprofi.cz\/wp-content\/uploads\/2018\/03\/unia-polonez2.jpg\" alt=\"\" width=\"640\" height=\"360\" srcset=\"https:\/\/recarprofi.cz\/wp-content\/uploads\/2018\/03\/unia-polonez2.jpg 640w, https:\/\/recarprofi.cz\/wp-content\/uploads\/2018\/03\/unia-polonez2-600x338.jpg 600w\" sizes=\"(max-width: 640px) 100vw, 640px\" \/><\/a><\/h4><p>Dvouv\u00e1le\u010dkov\u00e9 v\u00fdsevn\u00ed \u00fastroj\u00ed spolu s bezstup\u0148ovou p\u0159evodovkou v oleji s p\u0159esn\u00fdm nastaven\u00edm v\u00fdsevu v rozmez\u00ed 1-450kg\/ha, pru\u017en\u00e9 zahrnovac\u00ed zavla\u017eova\u010de a mechanick\u00e9 kyp\u0159i\u010de kol, radli\u010dkov\u00e9 nebo dvoukotou\u010dov\u00e9 samo\u010dist\u00edc\u00ed botky s centr\u00e1ln\u00edm i individu\u00e1ln\u00edm hydraulick\u00fdm p\u0159\u00edtlakem.<\/p><p><em><strong>Standardn\u00ed v\u00fdbava:<\/strong><\/em><\/p><ul><li>zav\u011b\u0161en\u00ed \u00f828-675\/\u00f828 (Polonez 550)<\/li><li>zav\u011b\u0161en\u00ed \u00f828-825\/\u00f836 (Polonez 780-1000)<\/li><li>stopkov\u00e9 botky<\/li><li>diskov\u00e9 botky (varianta D)<\/li><li>centr\u00e1ln\u00ed regulace hloubky v\u00fdsevu<\/li><li>centr\u00e1ln\u00ed p\u0159\u00edtlak v\u00fdsevn\u00edch jednotek<\/li><li>hydraulick\u00fd bo\u010dn\u00ed zna\u010dkova\u010d na dvou pistnic\u00edch<\/li><li>dvoud\u00edln\u00e9, integrovan\u00e9 v\u00fdsevn\u00ed kole\u010dka, pro v\u00fdsev obilovin a \u0159epky<\/li><li>bezestup\u0148ov\u00e1 p\u0159evodovka<\/li><li>zavla\u010dova\u010de s individu\u00e1ln\u00edm p\u0159\u00edtlakem<\/li><li>kola<\/li><li>vnit\u0159n\u00ed m\u00edchadlo<\/li><li>obslu\u017en\u00e1 l\u00e1vka po cel\u00e9 d\u00e9lce se\u010dky<\/li><\/ul><p><em><strong>Technick\u00e9 parametry:<\/strong><\/em><\/p><table><tbody><tr><td width=\"85\">Polonez<\/td><td width=\"85\">550\/3<\/td><td width=\"85\">550\/3D<\/td><td width=\"85\">780\/4<\/td><td width=\"85\">780\/4D<\/td><td width=\"85\">780\/4D Duplo<\/td><td width=\"85\">1000\/4<\/td><td width=\"85\">1000\/4D<\/td><td width=\"85\">1000\/4D Duplo<\/td><\/tr><tr><td width=\"85\">Pracovn\u00ed z\u00e1b\u011br (m)<\/td><td width=\"85\">3<\/td><td width=\"85\">3<\/td><td width=\"85\">4<\/td><td width=\"85\">4<\/td><td width=\"85\">4<\/td><td width=\"85\">4<\/td><td width=\"85\">4<\/td><td width=\"85\">4<\/td><\/tr><tr><td width=\"85\">Objem z\u00e1sobn\u00edku (L)<\/td><td width=\"85\">550<\/td><td width=\"85\">550<\/td><td width=\"85\">780<\/td><td width=\"85\">780<\/td><td width=\"85\">780<\/td><td width=\"85\">1000<\/td><td width=\"85\">1000<\/td><td width=\"85\">1000<\/td><\/tr><tr><td width=\"85\">Typ botek<\/td><td width=\"85\">stopkov\u00e9<\/td><td width=\"85\">diskov\u00e9<\/td><td width=\"85\">stopkov\u00e9<\/td><td width=\"85\">diskov\u00e9<\/td><td width=\"85\">diskov\u00e9<\/td><td width=\"85\">stopkov\u00e9<\/td><td width=\"85\">diskov\u00e9<\/td><td width=\"85\">diskov\u00e9<\/td><\/tr><tr><td width=\"85\"><p>Po\u010det botek<\/p><p>(ks)<\/p><\/td><td width=\"85\">25<\/td><td width=\"85\">25<\/td><td width=\"85\">35<\/td><td width=\"85\">31<\/td><td width=\"85\">31<\/td><td width=\"85\">35<\/td><td width=\"85\">31<\/td><td width=\"85\">31<\/td><\/tr><tr><td width=\"85\">Hloubka pr\u00e1ce (cm)<\/td><td width=\"85\">0\u00f77<\/td><td width=\"85\">0\u00f77<\/td><td width=\"85\">0\u00f77<\/td><td width=\"85\">0\u00f77<\/td><td width=\"85\">0\u00f77<\/td><td width=\"85\">0\u00f77<\/td><td width=\"85\">0\u00f77<\/td><td width=\"85\">0\u00f77<\/td><\/tr><tr><td width=\"85\">Po\u010det \u0159ad botek (ks)<\/td><td width=\"85\">2<\/td><td width=\"85\">2<\/td><td width=\"85\">2<\/td><td width=\"85\">2<\/td><td width=\"85\">2<\/td><td width=\"85\">2<\/td><td width=\"85\">2<\/td><td width=\"85\">2<\/td><\/tr><tr><td width=\"85\">V\u00fdkon traktoru (k)<\/td><td width=\"85\">80<\/td><td width=\"85\">80<\/td><td width=\"85\">80<\/td><td width=\"85\">80<\/td><td width=\"85\">80<\/td><td width=\"85\">100<\/td><td width=\"85\">100<\/td><td width=\"85\">100<\/td><\/tr><tr><td width=\"85\">Hmotnost (kg)<\/td><td width=\"85\">710<\/td><td width=\"85\">850<\/td><td width=\"85\">920<\/td><td width=\"85\">1100<\/td><td width=\"85\">1150<\/td><td width=\"85\">970<\/td><td width=\"85\">1150<\/td><td width=\"85\">1200<\/td><\/tr><\/tbody><\/table><p><a href=\"http:\/\/recarprofi.cz\/wp-content\/uploads\/2018\/03\/unia-polonez1.png\"><img decoding=\"async\" class=\"aligncenter wp-image-10356 size-large\" src=\"https:\/\/recarprofi.cz\/wp-content\/uploads\/2018\/03\/unia-polonez1-1200x1048.png\" alt=\"\" width=\"1140\" height=\"996\" srcset=\"https:\/\/recarprofi.cz\/wp-content\/uploads\/2018\/03\/unia-polonez1-1200x1048.png 1200w, https:\/\/recarprofi.cz\/wp-content\/uploads\/2018\/03\/unia-polonez1-600x524.png 600w, https:\/\/recarprofi.cz\/wp-content\/uploads\/2018\/03\/unia-polonez1-420x367.png 420w, https:\/\/recarprofi.cz\/wp-content\/uploads\/2018\/03\/unia-polonez1-744x650.png 744w, https:\/\/recarprofi.cz\/wp-content\/uploads\/2018\/03\/unia-polonez1-768x671.png 768w, https:\/\/recarprofi.cz\/wp-content\/uploads\/2018\/03\/unia-polonez1.png 1240w\" sizes=\"(max-width: 1140px) 100vw, 1140px\" \/><\/a><\/p><p><a href=\"https:\/\/recarprofi.cz\/wp-content\/uploads\/2013\/02\/pozniak-320.jpg\"><img decoding=\"async\" class=\"aligncenter wp-image-8784 size-large\" src=\"https:\/\/recarprofi.cz\/wp-content\/uploads\/2013\/02\/pozniak-320-1024x574.jpg\" alt=\"\" width=\"1024\" height=\"574\" srcset=\"https:\/\/recarprofi.cz\/wp-content\/uploads\/2013\/02\/pozniak-320-1024x574.jpg 1024w, https:\/\/recarprofi.cz\/wp-content\/uploads\/2013\/02\/pozniak-320-600x337.jpg 600w, https:\/\/recarprofi.cz\/wp-content\/uploads\/2013\/02\/pozniak-320-300x168.jpg 300w, https:\/\/recarprofi.cz\/wp-content\/uploads\/2013\/02\/pozniak-320-768x431.jpg 768w, https:\/\/recarprofi.cz\/wp-content\/uploads\/2013\/02\/pozniak-320.jpg 1920w\" sizes=\"(max-width: 1024px) 100vw, 1024px\" \/><\/a><\/p>\t\t\t\t\t\t\t\t<\/div>\n\t\t\t\t<\/div>\n\t\t\t\t\t<\/div>\n\t\t<\/div>\n\t\t\t\t\t<\/div>\n\t\t<\/section>\n\t\t\t\t<\/div>\n\t\t","protected":false},"excerpt":{"rendered":"<p>Dvouv\u00e1le\u010dkov\u00e9 v\u00fdsevn\u00ed \u00fastroj\u00ed spolu s bezstup\u0148ovou p\u0159evodovkou v oleji s p\u0159esn\u00fdm nastaven\u00edm v\u00fdsevu v rozmez\u00ed 1-450kg\/ha, pru\u017en\u00e9 zahrnovac\u00ed zavla\u017eova\u010de a mechanick\u00e9 kyp\u0159i\u010de kol, radli\u010dkov\u00e9 nebo dvoukotou\u010dov\u00e9 samo\u010dist\u00edc\u00ed botky s centr\u00e1ln\u00edm i individu\u00e1ln\u00edm hydraulick\u00fdm p\u0159\u00edtlakem. Standardn\u00ed&hellip;<\/p>\n","protected":false},"author":1,"featured_media":0,"parent":2348,"menu_order":2,"comment_status":"closed","ping_status":"closed","template":"","meta":{"footnotes":""},"class_list":["post-8790","page","type-page","status-publish","hentry"],"_links":{"self":[{"href":"https:\/\/recarprofi.cz\/uvod\/wp-json\/wp\/v2\/pages\/8790","targetHints":{"allow":["GET"]}}],"collection":[{"href":"https:\/\/recarprofi.cz\/uvod\/wp-json\/wp\/v2\/pages"}],"about":[{"href":"https:\/\/recarprofi.cz\/uvod\/wp-json\/wp\/v2\/types\/page"}],"author":[{"embeddable":true,"href":"https:\/\/recarprofi.cz\/uvod\/wp-json\/wp\/v2\/users\/1"}],"replies":[{"embeddable":true,"href":"https:\/\/recarprofi.cz\/uvod\/wp-json\/wp\/v2\/comments?post=8790"}],"version-history":[{"count":13,"href":"https:\/\/recarprofi.cz\/uvod\/wp-json\/wp\/v2\/pages\/8790\/revisions"}],"predecessor-version":[{"id":21289,"href":"https:\/\/recarprofi.cz\/uvod\/wp-json\/wp\/v2\/pages\/8790\/revisions\/21289"}],"up":[{"embeddable":true,"href":"https:\/\/recarprofi.cz\/uvod\/wp-json\/wp\/v2\/pages\/2348"}],"wp:attachment":[{"href":"https:\/\/recarprofi.cz\/uvod\/wp-json\/wp\/v2\/media?parent=8790"}],"curies":[{"name":"wp","href":"https:\/\/api.w.org\/{rel}","templated":true}]}}