{"id":8803,"date":"2017-02-10T12:35:45","date_gmt":"2017-02-10T11:35:45","guid":{"rendered":"http:\/\/recarprofi.cz\/?page_id=8803"},"modified":"2024-04-26T10:24:41","modified_gmt":"2024-04-26T08:24:41","slug":"delta","status":"publish","type":"page","link":"https:\/\/recarprofi.cz\/uvod\/zemedelska-technika\/puda\/seci-stroje\/delta\/","title":{"rendered":"P\u0159esn\u00e9 sec\u00ed stroje Unia"},"content":{"rendered":"\t\t<div data-elementor-type=\"wp-page\" data-elementor-id=\"8803\" class=\"elementor elementor-8803\">\n\t\t\t\t\t\t<section class=\"elementor-section elementor-top-section elementor-element elementor-element-2762345 elementor-section-boxed elementor-section-height-default elementor-section-height-default\" data-id=\"2762345\" data-element_type=\"section\" data-e-type=\"section\">\n\t\t\t\t\t\t<div class=\"elementor-container elementor-column-gap-default\">\n\t\t\t\t\t<div class=\"elementor-column elementor-col-100 elementor-top-column elementor-element elementor-element-4e2681c\" data-id=\"4e2681c\" data-element_type=\"column\" data-e-type=\"column\">\n\t\t\t<div class=\"elementor-widget-wrap elementor-element-populated\">\n\t\t\t\t\t\t<div class=\"elementor-element elementor-element-c2ef05d elementor-widget elementor-widget-image\" data-id=\"c2ef05d\" data-element_type=\"widget\" data-e-type=\"widget\" data-widget_type=\"image.default\">\n\t\t\t\t<div class=\"elementor-widget-container\">\n\t\t\t\t\t\t\t\t\t\t\t\t\t\t\t<img fetchpriority=\"high\" decoding=\"async\" width=\"847\" height=\"603\" src=\"https:\/\/recarprofi.cz\/wp-content\/uploads\/2017\/02\/unia-delta2-1024x729.jpg\" class=\"attachment-large size-large wp-image-8813\" alt=\"\" srcset=\"https:\/\/recarprofi.cz\/wp-content\/uploads\/2017\/02\/unia-delta2.jpg 1024w, https:\/\/recarprofi.cz\/wp-content\/uploads\/2017\/02\/unia-delta2-600x427.jpg 600w, https:\/\/recarprofi.cz\/wp-content\/uploads\/2017\/02\/unia-delta2-300x214.jpg 300w, https:\/\/recarprofi.cz\/wp-content\/uploads\/2017\/02\/unia-delta2-768x547.jpg 768w\" sizes=\"(max-width: 847px) 100vw, 847px\" \/>\t\t\t\t\t\t\t\t\t\t\t\t\t\t\t<\/div>\n\t\t\t\t<\/div>\n\t\t\t\t\t<\/div>\n\t\t<\/div>\n\t\t\t\t\t<\/div>\n\t\t<\/section>\n\t\t\t\t<section class=\"elementor-section elementor-top-section elementor-element elementor-element-fc1a118 elementor-section-boxed elementor-section-height-default elementor-section-height-default\" data-id=\"fc1a118\" data-element_type=\"section\" data-e-type=\"section\">\n\t\t\t\t\t\t<div class=\"elementor-container elementor-column-gap-default\">\n\t\t\t\t\t<div class=\"elementor-column elementor-col-100 elementor-top-column elementor-element elementor-element-c9d1398\" data-id=\"c9d1398\" data-element_type=\"column\" data-e-type=\"column\">\n\t\t\t<div class=\"elementor-widget-wrap elementor-element-populated\">\n\t\t\t\t\t\t<div class=\"elementor-element elementor-element-3487a0d elementor-widget elementor-widget-text-editor\" data-id=\"3487a0d\" data-element_type=\"widget\" data-e-type=\"widget\" data-widget_type=\"text-editor.default\">\n\t\t\t\t<div class=\"elementor-widget-container\">\n\t\t\t\t\t\t\t\t\t<p><strong>\u0158ada DELTA<\/strong><\/p><p>P\u0159esn\u00fd, pneumaticky sec\u00ed stroj pro v\u00fdsev kuku\u0159ice a \u0159epy, slune\u010dnice v tradi\u010dn\u00ed technologi\u00ed. Plazov\u00e9 i diskov\u00e9 v\u00fdsevn\u00ed \u00fastroj\u00ed pro v\u00fdsevek kuku\u0159ice, integrovan\u00fd pohon v\u0161ech v\u00fdsevn\u00edch jednotek, manometr, hydraulick\u00e9 znamen\u00e1ky, bezestup\u0148ov\u00e1 regulace hloubky v\u00fdsevu, individu\u00e1ln\u00ed zav\u011b\u0161en\u00ed sekc\u00ed na ta\u017en\u00e9m r\u00e1mu. mo\u017enost dokoupit i p\u0159ihnojov\u00e1n\u00ed pod patku, mo\u017enost rychl\u00e9ho vypr\u00e1zdn\u011bn\u00ed. Pohon ventil\u00e1toru \u00a0pomoc\u00ed v\u00fdvodov\u00e9 h\u0159\u00eddele traktoru. Zadn\u00ed syst\u00e9m kol pro zav\u00e1len\u00ed \u0159\u00e1dku v\u00fdsevu.<\/p>\t\t\t\t\t\t\t\t<\/div>\n\t\t\t\t<\/div>\n\t\t\t\t\t<\/div>\n\t\t<\/div>\n\t\t\t\t\t<\/div>\n\t\t<\/section>\n\t\t\t\t<section class=\"elementor-section elementor-top-section elementor-element elementor-element-c5c7525 elementor-section-boxed elementor-section-height-default elementor-section-height-default\" data-id=\"c5c7525\" data-element_type=\"section\" data-e-type=\"section\">\n\t\t\t\t\t\t<div class=\"elementor-container elementor-column-gap-default\">\n\t\t\t\t\t<div class=\"elementor-column elementor-col-100 elementor-top-column elementor-element elementor-element-ec7d61e\" data-id=\"ec7d61e\" data-element_type=\"column\" data-e-type=\"column\">\n\t\t\t<div class=\"elementor-widget-wrap elementor-element-populated\">\n\t\t\t\t\t\t<div class=\"elementor-element elementor-element-d1832b2 elementor-widget elementor-widget-image\" data-id=\"d1832b2\" data-element_type=\"widget\" data-e-type=\"widget\" data-widget_type=\"image.default\">\n\t\t\t\t<div class=\"elementor-widget-container\">\n\t\t\t\t\t\t\t\t\t\t\t\t\t\t\t<img decoding=\"async\" width=\"847\" height=\"604\" src=\"https:\/\/recarprofi.cz\/wp-content\/uploads\/2020\/04\/unia-delta-k65-1200x856.jpg\" class=\"attachment-large size-large wp-image-21584\" alt=\"\" srcset=\"https:\/\/recarprofi.cz\/wp-content\/uploads\/2020\/04\/unia-delta-k65-1200x856.jpg 1200w, https:\/\/recarprofi.cz\/wp-content\/uploads\/2020\/04\/unia-delta-k65-600x428.jpg 600w, https:\/\/recarprofi.cz\/wp-content\/uploads\/2020\/04\/unia-delta-k65-744x531.jpg 744w, https:\/\/recarprofi.cz\/wp-content\/uploads\/2020\/04\/unia-delta-k65-420x300.jpg 420w, https:\/\/recarprofi.cz\/wp-content\/uploads\/2020\/04\/unia-delta-k65-768x548.jpg 768w, https:\/\/recarprofi.cz\/wp-content\/uploads\/2020\/04\/unia-delta-k65-1536x1095.jpg 1536w, https:\/\/recarprofi.cz\/wp-content\/uploads\/2020\/04\/unia-delta-k65.jpg 1600w\" sizes=\"(max-width: 847px) 100vw, 847px\" \/>\t\t\t\t\t\t\t\t\t\t\t\t\t\t\t<\/div>\n\t\t\t\t<\/div>\n\t\t\t\t\t<\/div>\n\t\t<\/div>\n\t\t\t\t\t<\/div>\n\t\t<\/section>\n\t\t\t\t<section class=\"elementor-section elementor-top-section elementor-element elementor-element-b7c3b24 elementor-section-boxed elementor-section-height-default elementor-section-height-default\" data-id=\"b7c3b24\" data-element_type=\"section\" data-e-type=\"section\">\n\t\t\t\t\t\t<div class=\"elementor-container elementor-column-gap-default\">\n\t\t\t\t\t<div class=\"elementor-column elementor-col-100 elementor-top-column elementor-element elementor-element-6fe1194\" data-id=\"6fe1194\" data-element_type=\"column\" data-e-type=\"column\">\n\t\t\t<div class=\"elementor-widget-wrap elementor-element-populated\">\n\t\t\t\t\t\t<div class=\"elementor-element elementor-element-d4c2d94 elementor-widget elementor-widget-text-editor\" data-id=\"d4c2d94\" data-element_type=\"widget\" data-e-type=\"widget\" data-widget_type=\"text-editor.default\">\n\t\t\t\t<div class=\"elementor-widget-container\">\n\t\t\t\t\t\t\t\t\t<table border=\"0\" width=\"643\" cellspacing=\"0\" cellpadding=\"2\"><tbody><tr><td width=\"106\"><p>TYP<\/p><\/td><td width=\"30\"><p>\u00a0<\/p><\/td><td width=\"120\"><p>K4<\/p><\/td><td width=\"120\"><p>K6<\/p><\/td><td width=\"120\"><p>K6H<\/p><\/td><td width=\"122\"><p>K8<\/p><\/td><\/tr><tr bgcolor=\"#fcfdfd\"><td width=\"106\"><p>PRACOVN\u00cd Z\u00c1B\u011aR<\/p><\/td><td width=\"30\"><p>m<\/p><\/td><td width=\"120\"><p>\u00a03,0<\/p><\/td><td width=\"120\"><p>4,2<\/p><\/td><td width=\"120\"><p>4,5\/3,0<\/p><\/td><td width=\"122\"><p>6,0<\/p><\/td><\/tr><tr><td width=\"106\"><p>OBJEM Z\u00c1SOBN\u00cdKU<\/p><\/td><td width=\"30\"><p>L<\/p><\/td><td width=\"120\"><p>4\u00d754<\/p><\/td><td width=\"120\"><p>6\u00d754<\/p><\/td><td width=\"120\"><p>6\u00d754<\/p><\/td><td width=\"122\"><p>8\u00d754<\/p><\/td><\/tr><tr bgcolor=\"#fcfdfd\"><td width=\"106\"><p>PO\u010cET V\u00ddSEVN\u00cdCH BOTEK<\/p><\/td><td width=\"30\"><p>ks<\/p><\/td><td width=\"120\"><p>4 sekce<\/p><\/td><td width=\"120\"><p>6 sekc\u00ed<\/p><\/td><td width=\"120\"><p>6 sekc\u00ed<\/p><\/td><td width=\"122\"><p>8 sekc\u00ed<\/p><\/td><\/tr><tr><td width=\"106\"><p>HMOTNOST<\/p><\/td><td width=\"30\"><p>kg<\/p><\/td><td width=\"120\"><p>1 050<\/p><\/td><td width=\"120\"><p>1 350<\/p><\/td><td width=\"120\"><p>1 570<\/p><\/td><td width=\"122\"><p>1 700<\/p><\/td><\/tr><tr bgcolor=\"#fcfdfd\"><td width=\"106\"><p>TA\u017dN\u00dd PROST\u0158EDEK<\/p><\/td><td width=\"30\"><p>k<\/p><\/td><td width=\"120\"><p>60<\/p><\/td><td width=\"120\"><p>60<\/p><\/td><td width=\"120\"><p>80<\/p><\/td><td width=\"122\"><p>80<\/p><\/td><\/tr><tr><td width=\"106\"><p>STANDARDN\u00cd V\u00ddBAVA<\/p><\/td><td width=\"30\"><p>\u00a0<\/p><\/td><td width=\"120\"><p>zav\u011b\u0161en\u00ed 825\/\u00d822 i 28mm, pevn\u00fd r\u00e1m, radli\u010dkov\u00e9 v\u00fdsevn\u00ed botky sekc\u00ed, tal\u00ed\u0159ov\u00e9 v\u00fdsevn\u00ed botky sekci (verze D), p\u0159ihnojov\u00e1n\u00ed s radli\u010dkov\u00fdmi botkami z\u00e1sobn\u00edk plechov\u00fd o objemu: 2x200dm3, podp\u011brn\u00e9 kola 370x165mm, hydraulick\u00e9 bo\u010dn\u00ed znamen\u00e1ky se dv\u011bma p\u00edstnicemi, vakuometr, integrovan\u00fd pohon v\u00fdsevu v\u0161ech sekc\u00ed, zubatkov\u00e1 p\u0159evodovka se 6 stupni p\u0159evod\u016f, syst\u00e9m rychl\u00e9ho vypr\u00e1zdn\u011bn\u00ed z\u00e1sobn\u00edku, bezestup\u0148ov\u00e1 regulace hloubky pr\u00e1ce, zav\u011b\u0161en\u00ed v\u00fdsevn\u00edch sekc\u00ed na rovnob\u011b\u017en\u00edkov\u00e9m paralelogramu, z\u00e1sobn\u00edky semen 54 l<\/p><\/td><td width=\"120\"><p>\u00a0zav\u011b\u0161en\u00ed 825\/\u00d822 i 28mm, pevn\u00fd r\u00e1m, radli\u010dkov\u00e9 v\u00fdsevn\u00ed botky sekc\u00ed, tal\u00ed\u0159ov\u00e9 v\u00fdsevn\u00ed botky sekci (verze D), p\u0159ihnojov\u00e1n\u00ed s radli\u010dkov\u00fdmi botkami z\u00e1sobn\u00edk plechov\u00fd o objemu: 1x850dm3, podp\u011brn\u00e9 kola 370x165mm, hydraulick\u00e9 bo\u010dn\u00ed znamen\u00e1ky se dv\u011bma p\u00edstnicemi, vakuometr, integrovan\u00fd pohon v\u00fdsevu v\u0161ech sekc\u00ed, zubatkov\u00e1 p\u0159evodovka se 6 stupni p\u0159evod\u016f, syst\u00e9m rychl\u00e9ho vypr\u00e1zdn\u011bn\u00ed z\u00e1sobn\u00edku, bezestup\u0148ov\u00e1 regulace hloubky pr\u00e1ce, zav\u011b\u0161en\u00ed v\u00fdsevn\u00edch sekc\u00ed na rovnob\u011b\u017en\u00edkov\u00e9m paralelogramu, z\u00e1sobn\u00edky semen 54 l<\/p><\/td><td width=\"120\"><p>zav\u011b\u0161en\u00ed 825\/\u00d822 i 28mm, teleskopov\u00e9 rameno, radli\u010dkov\u00e9 v\u00fdsevn\u00ed botky sekc\u00ed, tal\u00ed\u0159ov\u00e9 v\u00fdsevn\u00ed botky sekci (verze D), p\u0159ihnojov\u00e1n\u00ed s radli\u010dkov\u00fdmi botkami z\u00e1sobn\u00edk plechov\u00fd o objemu: 1x850dm3, podp\u011brn\u00e9 kola 370x165mm, hydraulick\u00e9 bo\u010dn\u00ed znamen\u00e1ky se dv\u011bma p\u00edstnicemi, vakuometr, integrovan\u00fd pohon v\u00fdsevu v\u0161ech sekc\u00ed, zubatkov\u00e1 p\u0159evodovka se 6 stupni p\u0159evod\u016f, syst\u00e9m rychl\u00e9ho vypr\u00e1zdn\u011bn\u00ed z\u00e1sobn\u00edku, bezestup\u0148ov\u00e1 regulace hloubky pr\u00e1ce, zav\u011b\u0161en\u00ed v\u00fdsevn\u00edch sekc\u00ed na rovnob\u011b\u017en\u00edkov\u00e9m paralelogramu, z\u00e1sobn\u00edky semen 54 l<\/p><\/td><td width=\"122\"><p>zav\u011b\u0161en\u00ed 825\/\u00d822 i 28mm, pevn\u00fd r\u00e1m, radli\u010dkov\u00e9 v\u00fdsevn\u00ed botky sekc\u00ed, tal\u00ed\u0159ov\u00e9 v\u00fdsevn\u00ed botky sekci (verze D), p\u0159ihnojov\u00e1n\u00ed s radli\u010dkov\u00fdmi botkami z\u00e1sobn\u00edk plechov\u00fd o objemu: 4x200dm3, podp\u011brn\u00e9 kola 370x165mm, hydraulick\u00e9 bo\u010dn\u00ed znamen\u00e1ky se dv\u011bma p\u00edstnicemi, vakuometr, integrovan\u00fd pohon v\u00fdsevu v\u0161ech sekc\u00ed, zubatkov\u00e1 p\u0159evodovka se 6 stupni p\u0159evod\u016f, syst\u00e9m rychl\u00e9ho vypr\u00e1zdn\u011bn\u00ed z\u00e1sobn\u00edku, bezestup\u0148ov\u00e1 regulace hloubky pr\u00e1ce, zav\u011b\u0161en\u00ed v\u00fdsevn\u00edch sekc\u00ed na rovnob\u011b\u017en\u00edkov\u00e9m paralelogramu, z\u00e1sobn\u00edky semen 54 l<\/p><\/td><\/tr><\/tbody><\/table>\t\t\t\t\t\t\t\t<\/div>\n\t\t\t\t<\/div>\n\t\t\t\t\t<\/div>\n\t\t<\/div>\n\t\t\t\t\t<\/div>\n\t\t<\/section>\n\t\t\t\t<section class=\"elementor-section elementor-top-section elementor-element elementor-element-8497886 elementor-section-boxed elementor-section-height-default elementor-section-height-default\" data-id=\"8497886\" data-element_type=\"section\" data-e-type=\"section\">\n\t\t\t\t\t\t<div class=\"elementor-container elementor-column-gap-default\">\n\t\t\t\t\t<div class=\"elementor-column elementor-col-100 elementor-top-column elementor-element elementor-element-d110ae0\" data-id=\"d110ae0\" data-element_type=\"column\" data-e-type=\"column\">\n\t\t\t<div class=\"elementor-widget-wrap elementor-element-populated\">\n\t\t\t\t\t\t<div class=\"elementor-element elementor-element-06a5d65 elementor-widget elementor-widget-image\" data-id=\"06a5d65\" data-element_type=\"widget\" data-e-type=\"widget\" data-widget_type=\"image.default\">\n\t\t\t\t<div class=\"elementor-widget-container\">\n\t\t\t\t\t\t\t\t\t\t\t\t\t\t\t<img decoding=\"async\" width=\"800\" height=\"450\" src=\"https:\/\/recarprofi.cz\/wp-content\/uploads\/2020\/04\/unia-delta-k47.jpg\" class=\"attachment-large size-large wp-image-21574\" alt=\"\" srcset=\"https:\/\/recarprofi.cz\/wp-content\/uploads\/2020\/04\/unia-delta-k47.jpg 800w, https:\/\/recarprofi.cz\/wp-content\/uploads\/2020\/04\/unia-delta-k47-600x338.jpg 600w, https:\/\/recarprofi.cz\/wp-content\/uploads\/2020\/04\/unia-delta-k47-744x419.jpg 744w, https:\/\/recarprofi.cz\/wp-content\/uploads\/2020\/04\/unia-delta-k47-420x236.jpg 420w, https:\/\/recarprofi.cz\/wp-content\/uploads\/2020\/04\/unia-delta-k47-768x432.jpg 768w, https:\/\/recarprofi.cz\/wp-content\/uploads\/2020\/04\/unia-delta-k47-720x405.jpg 720w\" sizes=\"(max-width: 800px) 100vw, 800px\" \/>\t\t\t\t\t\t\t\t\t\t\t\t\t\t\t<\/div>\n\t\t\t\t<\/div>\n\t\t\t\t\t<\/div>\n\t\t<\/div>\n\t\t\t\t\t<\/div>\n\t\t<\/section>\n\t\t\t\t<section class=\"elementor-section elementor-top-section elementor-element elementor-element-39337c4 elementor-section-boxed elementor-section-height-default elementor-section-height-default\" data-id=\"39337c4\" data-element_type=\"section\" data-e-type=\"section\">\n\t\t\t\t\t\t<div class=\"elementor-container elementor-column-gap-default\">\n\t\t\t\t\t<div class=\"elementor-column elementor-col-100 elementor-top-column elementor-element elementor-element-d479291\" data-id=\"d479291\" data-element_type=\"column\" data-e-type=\"column\">\n\t\t\t<div class=\"elementor-widget-wrap elementor-element-populated\">\n\t\t\t\t\t\t<div class=\"elementor-element elementor-element-b9c6c06 elementor-widget elementor-widget-image\" data-id=\"b9c6c06\" data-element_type=\"widget\" data-e-type=\"widget\" data-widget_type=\"image.default\">\n\t\t\t\t<div class=\"elementor-widget-container\">\n\t\t\t\t\t\t\t\t\t\t\t\t\t\t\t<img loading=\"lazy\" decoding=\"async\" width=\"800\" height=\"450\" src=\"https:\/\/recarprofi.cz\/wp-content\/uploads\/2020\/04\/unia-delta-k44.jpg\" class=\"attachment-large size-large wp-image-21571\" alt=\"\" srcset=\"https:\/\/recarprofi.cz\/wp-content\/uploads\/2020\/04\/unia-delta-k44.jpg 800w, https:\/\/recarprofi.cz\/wp-content\/uploads\/2020\/04\/unia-delta-k44-600x338.jpg 600w, https:\/\/recarprofi.cz\/wp-content\/uploads\/2020\/04\/unia-delta-k44-744x419.jpg 744w, https:\/\/recarprofi.cz\/wp-content\/uploads\/2020\/04\/unia-delta-k44-420x236.jpg 420w, https:\/\/recarprofi.cz\/wp-content\/uploads\/2020\/04\/unia-delta-k44-768x432.jpg 768w, https:\/\/recarprofi.cz\/wp-content\/uploads\/2020\/04\/unia-delta-k44-720x405.jpg 720w\" sizes=\"(max-width: 800px) 100vw, 800px\" \/>\t\t\t\t\t\t\t\t\t\t\t\t\t\t\t<\/div>\n\t\t\t\t<\/div>\n\t\t\t\t\t<\/div>\n\t\t<\/div>\n\t\t\t\t\t<\/div>\n\t\t<\/section>\n\t\t\t\t<section class=\"elementor-section elementor-top-section elementor-element elementor-element-04cfc9d elementor-section-boxed elementor-section-height-default elementor-section-height-default\" data-id=\"04cfc9d\" data-element_type=\"section\" data-e-type=\"section\">\n\t\t\t\t\t\t<div class=\"elementor-container elementor-column-gap-default\">\n\t\t\t\t\t<div class=\"elementor-column elementor-col-100 elementor-top-column elementor-element elementor-element-d69231a\" data-id=\"d69231a\" data-element_type=\"column\" data-e-type=\"column\">\n\t\t\t<div class=\"elementor-widget-wrap elementor-element-populated\">\n\t\t\t\t\t\t<div class=\"elementor-element elementor-element-429b9be elementor-widget elementor-widget-image\" data-id=\"429b9be\" data-element_type=\"widget\" data-e-type=\"widget\" data-widget_type=\"image.default\">\n\t\t\t\t<div class=\"elementor-widget-container\">\n\t\t\t\t\t\t\t\t\t\t\t\t\t\t\t<img loading=\"lazy\" decoding=\"async\" width=\"800\" height=\"450\" src=\"https:\/\/recarprofi.cz\/wp-content\/uploads\/2020\/04\/unia-delta-k46.jpg\" class=\"attachment-large size-large wp-image-21573\" alt=\"\" srcset=\"https:\/\/recarprofi.cz\/wp-content\/uploads\/2020\/04\/unia-delta-k46.jpg 800w, https:\/\/recarprofi.cz\/wp-content\/uploads\/2020\/04\/unia-delta-k46-600x338.jpg 600w, https:\/\/recarprofi.cz\/wp-content\/uploads\/2020\/04\/unia-delta-k46-744x419.jpg 744w, https:\/\/recarprofi.cz\/wp-content\/uploads\/2020\/04\/unia-delta-k46-420x236.jpg 420w, https:\/\/recarprofi.cz\/wp-content\/uploads\/2020\/04\/unia-delta-k46-768x432.jpg 768w, https:\/\/recarprofi.cz\/wp-content\/uploads\/2020\/04\/unia-delta-k46-720x405.jpg 720w\" sizes=\"(max-width: 800px) 100vw, 800px\" \/>\t\t\t\t\t\t\t\t\t\t\t\t\t\t\t<\/div>\n\t\t\t\t<\/div>\n\t\t\t\t\t<\/div>\n\t\t<\/div>\n\t\t\t\t\t<\/div>\n\t\t<\/section>\n\t\t\t\t<\/div>\n\t\t","protected":false},"excerpt":{"rendered":"<p>\u0158ada DELTA P\u0159esn\u00fd, pneumaticky sec\u00ed stroj pro v\u00fdsev kuku\u0159ice a \u0159epy, slune\u010dnice v tradi\u010dn\u00ed technologi\u00ed. Plazov\u00e9 i diskov\u00e9 v\u00fdsevn\u00ed \u00fastroj\u00ed pro v\u00fdsevek kuku\u0159ice, integrovan\u00fd pohon v\u0161ech v\u00fdsevn\u00edch jednotek, manometr, hydraulick\u00e9 znamen\u00e1ky, bezestup\u0148ov\u00e1 regulace hloubky v\u00fdsevu,&hellip;<\/p>\n","protected":false},"author":1,"featured_media":0,"parent":2348,"menu_order":5,"comment_status":"closed","ping_status":"closed","template":"","meta":{"footnotes":""},"class_list":["post-8803","page","type-page","status-publish","hentry"],"_links":{"self":[{"href":"https:\/\/recarprofi.cz\/uvod\/wp-json\/wp\/v2\/pages\/8803","targetHints":{"allow":["GET"]}}],"collection":[{"href":"https:\/\/recarprofi.cz\/uvod\/wp-json\/wp\/v2\/pages"}],"about":[{"href":"https:\/\/recarprofi.cz\/uvod\/wp-json\/wp\/v2\/types\/page"}],"author":[{"embeddable":true,"href":"https:\/\/recarprofi.cz\/uvod\/wp-json\/wp\/v2\/users\/1"}],"replies":[{"embeddable":true,"href":"https:\/\/recarprofi.cz\/uvod\/wp-json\/wp\/v2\/comments?post=8803"}],"version-history":[{"count":28,"href":"https:\/\/recarprofi.cz\/uvod\/wp-json\/wp\/v2\/pages\/8803\/revisions"}],"predecessor-version":[{"id":31274,"href":"https:\/\/recarprofi.cz\/uvod\/wp-json\/wp\/v2\/pages\/8803\/revisions\/31274"}],"up":[{"embeddable":true,"href":"https:\/\/recarprofi.cz\/uvod\/wp-json\/wp\/v2\/pages\/2348"}],"wp:attachment":[{"href":"https:\/\/recarprofi.cz\/uvod\/wp-json\/wp\/v2\/media?parent=8803"}],"curies":[{"name":"wp","href":"https:\/\/api.w.org\/{rel}","templated":true}]}}