{"id":8900,"date":"2017-02-27T10:52:23","date_gmt":"2017-02-27T09:52:23","guid":{"rendered":"http:\/\/recarprofi.cz\/?page_id=8900"},"modified":"2024-04-24T10:43:23","modified_gmt":"2024-04-24T08:43:23","slug":"navesy-cynkomet","status":"publish","type":"page","link":"https:\/\/recarprofi.cz\/uvod\/zemedelska-technika\/doprava\/navesy-cynkomet\/","title":{"rendered":"N\u00e1v\u011bsy Cynkomet"},"content":{"rendered":"\t\t<div data-elementor-type=\"wp-page\" data-elementor-id=\"8900\" class=\"elementor elementor-8900\">\n\t\t\t\t\t\t<section class=\"elementor-section elementor-top-section elementor-element elementor-element-c710f08 elementor-section-boxed elementor-section-height-default elementor-section-height-default\" data-id=\"c710f08\" data-element_type=\"section\" data-e-type=\"section\">\n\t\t\t\t\t\t<div class=\"elementor-container elementor-column-gap-default\">\n\t\t\t\t\t<div class=\"elementor-column elementor-col-100 elementor-top-column elementor-element elementor-element-652a564\" data-id=\"652a564\" data-element_type=\"column\" data-e-type=\"column\">\n\t\t\t<div class=\"elementor-widget-wrap elementor-element-populated\">\n\t\t\t\t\t\t<div class=\"elementor-element elementor-element-d74dcee elementor-position-left elementor-vertical-align-top elementor-widget elementor-widget-image-box\" data-id=\"d74dcee\" data-element_type=\"widget\" data-e-type=\"widget\" data-widget_type=\"image-box.default\">\n\t\t\t\t<div class=\"elementor-widget-container\">\n\t\t\t\t\t<div class=\"elementor-image-box-wrapper\"><figure class=\"elementor-image-box-img\"><a href=\"https:\/\/recarprofi.cz\/uvod\/zemedelska-technika\/doprava\/navesy-cynkomet\/t-117\/\" tabindex=\"-1\"><img fetchpriority=\"high\" decoding=\"async\" width=\"1000\" height=\"667\" src=\"https:\/\/recarprofi.cz\/wp-content\/uploads\/2019\/08\/cynkomet-t117.jpg\" class=\"attachment-full size-full wp-image-13283\" alt=\"\" srcset=\"https:\/\/recarprofi.cz\/wp-content\/uploads\/2019\/08\/cynkomet-t117.jpg 1000w, https:\/\/recarprofi.cz\/wp-content\/uploads\/2019\/08\/cynkomet-t117-600x400.jpg 600w, https:\/\/recarprofi.cz\/wp-content\/uploads\/2019\/08\/cynkomet-t117-420x280.jpg 420w, https:\/\/recarprofi.cz\/wp-content\/uploads\/2019\/08\/cynkomet-t117-744x496.jpg 744w, https:\/\/recarprofi.cz\/wp-content\/uploads\/2019\/08\/cynkomet-t117-768x512.jpg 768w\" sizes=\"(max-width: 1000px) 100vw, 1000px\" \/><\/a><\/figure><div class=\"elementor-image-box-content\"><h3 class=\"elementor-image-box-title\"><a href=\"https:\/\/recarprofi.cz\/uvod\/zemedelska-technika\/doprava\/navesy-cynkomet\/t-117\/\">N\u00e1v\u011bs Cynkomet T-117<\/a><\/h3><p class=\"elementor-image-box-description\">Nosnost 3,5t., t\u0159\u00edstrann\u011b sklopn\u00fd.<\/p><\/div><\/div>\t\t\t\t<\/div>\n\t\t\t\t<\/div>\n\t\t\t\t\t<\/div>\n\t\t<\/div>\n\t\t\t\t\t<\/div>\n\t\t<\/section>\n\t\t\t\t<section class=\"elementor-section elementor-top-section elementor-element elementor-element-b6bfbd6 elementor-section-boxed elementor-section-height-default elementor-section-height-default\" data-id=\"b6bfbd6\" data-element_type=\"section\" data-e-type=\"section\">\n\t\t\t\t\t\t<div class=\"elementor-container elementor-column-gap-default\">\n\t\t\t\t\t<div class=\"elementor-column elementor-col-100 elementor-top-column elementor-element elementor-element-ac221f8\" data-id=\"ac221f8\" data-element_type=\"column\" data-e-type=\"column\">\n\t\t\t<div class=\"elementor-widget-wrap elementor-element-populated\">\n\t\t\t\t\t\t<div class=\"elementor-element elementor-element-cd3dd7a elementor-position-left elementor-vertical-align-top elementor-widget elementor-widget-image-box\" data-id=\"cd3dd7a\" data-element_type=\"widget\" data-e-type=\"widget\" data-widget_type=\"image-box.default\">\n\t\t\t\t<div class=\"elementor-widget-container\">\n\t\t\t\t\t<div class=\"elementor-image-box-wrapper\"><figure class=\"elementor-image-box-img\"><a href=\"https:\/\/recarprofi.cz\/uvod\/zemedelska-technika\/doprava\/navesy-cynkomet\/t-617-5\/\" tabindex=\"-1\"><img decoding=\"async\" width=\"2000\" height=\"1333\" src=\"https:\/\/recarprofi.cz\/wp-content\/uploads\/2019\/08\/cynkomet-t6177.jpg\" class=\"attachment-full size-full wp-image-13398\" alt=\"\" srcset=\"https:\/\/recarprofi.cz\/wp-content\/uploads\/2019\/08\/cynkomet-t6177.jpg 2000w, https:\/\/recarprofi.cz\/wp-content\/uploads\/2019\/08\/cynkomet-t6177-600x400.jpg 600w, https:\/\/recarprofi.cz\/wp-content\/uploads\/2019\/08\/cynkomet-t6177-420x280.jpg 420w, https:\/\/recarprofi.cz\/wp-content\/uploads\/2019\/08\/cynkomet-t6177-744x496.jpg 744w, https:\/\/recarprofi.cz\/wp-content\/uploads\/2019\/08\/cynkomet-t6177-768x512.jpg 768w, https:\/\/recarprofi.cz\/wp-content\/uploads\/2019\/08\/cynkomet-t6177-1200x800.jpg 1200w\" sizes=\"(max-width: 2000px) 100vw, 2000px\" \/><\/a><\/figure><div class=\"elementor-image-box-content\"><h3 class=\"elementor-image-box-title\"><a href=\"https:\/\/recarprofi.cz\/uvod\/zemedelska-technika\/doprava\/navesy-cynkomet\/t-617-5\/\">N\u00e1v\u011bs Cynkomet T-617\/5<\/a><\/h3><p class=\"elementor-image-box-description\">Nosnost 14t., t\u0159\u00edstrann\u011b sklopn\u00fd.<\/p><\/div><\/div>\t\t\t\t<\/div>\n\t\t\t\t<\/div>\n\t\t\t\t\t<\/div>\n\t\t<\/div>\n\t\t\t\t\t<\/div>\n\t\t<\/section>\n\t\t\t\t<section class=\"elementor-section elementor-top-section elementor-element elementor-element-ef2cae0 elementor-section-boxed elementor-section-height-default elementor-section-height-default\" data-id=\"ef2cae0\" data-element_type=\"section\" data-e-type=\"section\">\n\t\t\t\t\t\t<div class=\"elementor-container elementor-column-gap-default\">\n\t\t\t\t\t<div class=\"elementor-column elementor-col-100 elementor-top-column elementor-element elementor-element-f7732c4\" data-id=\"f7732c4\" data-element_type=\"column\" data-e-type=\"column\">\n\t\t\t<div class=\"elementor-widget-wrap elementor-element-populated\">\n\t\t\t\t\t\t<div class=\"elementor-element elementor-element-c6d725b elementor-position-left elementor-vertical-align-top elementor-widget elementor-widget-image-box\" data-id=\"c6d725b\" data-element_type=\"widget\" data-e-type=\"widget\" data-widget_type=\"image-box.default\">\n\t\t\t\t<div class=\"elementor-widget-container\">\n\t\t\t\t\t<div class=\"elementor-image-box-wrapper\"><figure class=\"elementor-image-box-img\"><a href=\"https:\/\/recarprofi.cz\/uvod\/zemedelska-technika\/doprava\/navesy-cynkomet\/t-617-4\/\" tabindex=\"-1\"><img decoding=\"async\" width=\"1000\" height=\"575\" src=\"https:\/\/recarprofi.cz\/wp-content\/uploads\/2018\/07\/cynkomet-t617.png\" class=\"attachment-full size-full wp-image-10889\" alt=\"\" srcset=\"https:\/\/recarprofi.cz\/wp-content\/uploads\/2018\/07\/cynkomet-t617.png 1000w, https:\/\/recarprofi.cz\/wp-content\/uploads\/2018\/07\/cynkomet-t617-600x345.png 600w, https:\/\/recarprofi.cz\/wp-content\/uploads\/2018\/07\/cynkomet-t617-420x242.png 420w, https:\/\/recarprofi.cz\/wp-content\/uploads\/2018\/07\/cynkomet-t617-744x428.png 744w, https:\/\/recarprofi.cz\/wp-content\/uploads\/2018\/07\/cynkomet-t617-768x442.png 768w\" sizes=\"(max-width: 1000px) 100vw, 1000px\" \/><\/a><\/figure><div class=\"elementor-image-box-content\"><h3 class=\"elementor-image-box-title\"><a href=\"https:\/\/recarprofi.cz\/uvod\/zemedelska-technika\/doprava\/navesy-cynkomet\/t-617-4\/\">N\u00e1v\u011bs Cynkomet T-617\/4<\/a><\/h3><p class=\"elementor-image-box-description\">Nosnost 14t., vana.<\/p><\/div><\/div>\t\t\t\t<\/div>\n\t\t\t\t<\/div>\n\t\t\t\t\t<\/div>\n\t\t<\/div>\n\t\t\t\t\t<\/div>\n\t\t<\/section>\n\t\t\t\t<\/div>\n\t\t","protected":false},"excerpt":{"rendered":"<p>N\u00e1v\u011bs Cynkomet T-117 Nosnost 3,5t., t\u0159\u00edstrann\u011b sklopn\u00fd. N\u00e1v\u011bs Cynkomet T-617\/5 Nosnost 14t., t\u0159\u00edstrann\u011b sklopn\u00fd. N\u00e1v\u011bs Cynkomet T-617\/4 Nosnost 14t., vana.<\/p>\n","protected":false},"author":1,"featured_media":0,"parent":125,"menu_order":3,"comment_status":"closed","ping_status":"closed","template":"","meta":{"footnotes":""},"class_list":["post-8900","page","type-page","status-publish","hentry"],"_links":{"self":[{"href":"https:\/\/recarprofi.cz\/uvod\/wp-json\/wp\/v2\/pages\/8900","targetHints":{"allow":["GET"]}}],"collection":[{"href":"https:\/\/recarprofi.cz\/uvod\/wp-json\/wp\/v2\/pages"}],"about":[{"href":"https:\/\/recarprofi.cz\/uvod\/wp-json\/wp\/v2\/types\/page"}],"author":[{"embeddable":true,"href":"https:\/\/recarprofi.cz\/uvod\/wp-json\/wp\/v2\/users\/1"}],"replies":[{"embeddable":true,"href":"https:\/\/recarprofi.cz\/uvod\/wp-json\/wp\/v2\/comments?post=8900"}],"version-history":[{"count":28,"href":"https:\/\/recarprofi.cz\/uvod\/wp-json\/wp\/v2\/pages\/8900\/revisions"}],"predecessor-version":[{"id":30724,"href":"https:\/\/recarprofi.cz\/uvod\/wp-json\/wp\/v2\/pages\/8900\/revisions\/30724"}],"up":[{"embeddable":true,"href":"https:\/\/recarprofi.cz\/uvod\/wp-json\/wp\/v2\/pages\/125"}],"wp:attachment":[{"href":"https:\/\/recarprofi.cz\/uvod\/wp-json\/wp\/v2\/media?parent=8900"}],"curies":[{"name":"wp","href":"https:\/\/api.w.org\/{rel}","templated":true}]}}