{"id":13282,"date":"2019-08-13T14:32:14","date_gmt":"2019-08-13T12:32:14","guid":{"rendered":"http:\/\/recarprofi.cz\/?post_type=product&#038;p=13282"},"modified":"2022-07-29T14:39:52","modified_gmt":"2022-07-29T12:39:52","slug":"naves-cynkomet-t-117","status":"publish","type":"product","link":"https:\/\/recarprofi.cz\/uvod\/produkt\/naves-cynkomet-t-117\/","title":{"rendered":"N\u00e1v\u011bs Cynkomet T-117"},"content":{"rendered":"<header class=\"entry-header\"><strong><span style=\"font-size: 16px;\">Univerz\u00e1ln\u00ed syst\u00e9m otev\u00edr\u00e1n\u00ed bo\u010dnic, centr\u00e1ln\u00ed ji\u0161t\u011bn\u00ed bo\u010dnic k podlaze, libovoln\u00e9 otev\u00edr\u00e1n\u00ed bo\u010dnic a snadn\u00e1 demont\u00e1\u017e sloupk\u016f, syst\u00e9m skl\u00e1p\u011bn\u00ed 3 strany, 4 bezpe\u010dnostn\u00ed \u010depy pro v\u00fdb\u011br sklopen\u00ed, pevn\u00e9 zav\u011b\u0161en\u00ed n\u00e1pravy, s\u00edla podlahy\/bo\u010dnic 3\/2 mm, \u00fahel nakl\u00e1p\u011bn\u00ed dozadu\/v bok 50\/50\u00b0, oje pevn\u00e1 do spodn\u00edho z\u00e1v\u011bsu 50 mm, podp\u016frn\u00e1 noha sklopn\u00e1 s kole\u010dkem, brzdy 1 hadicov\u00e9 pneumatick\u00e9, mechanick\u00e1 parkovac\u00ed brzda, sv\u011bteln\u00e1 instalace, pojistn\u00fd ventil skl\u00e1p\u011bn\u00ed, teleskopick\u00e1 p\u00edstnice v kulov\u00e9m ulo\u017een\u00ed, bo\u010dnice s horn\u00ed hranou 70 mm, s kovan\u00fdmi z\u00e1mky a panty, otev\u00edrateln\u00e9 a staviteln\u00e9 zadn\u00ed v\u00fdsypn\u00e9 ok\u00e9nko, \u017eeb\u0159\u00edk a vnit\u0159n\u00ed n\u00e1\u0161lapy, povrchov\u00e1 \u00faprava bo\u010dnic a r\u00e1mu pozinkovan\u00e1, lo\u017en\u00e1 plocha barva zelen\u00e1.<\/span><\/strong><\/header>\n<div class=\"entry-content\">\n<p><strong>Technick\u00e9 parametry:<\/strong><\/p>\n<table border=\"0\" cellspacing=\"0\" cellpadding=\"0\">\n<tbody>\n<tr>\n<td valign=\"top\" width=\"43%\"><strong>Celkov\u00e1 hmotnost<\/strong><\/td>\n<td valign=\"top\" width=\"18%\">\n<p align=\"center\"><strong>[kg]<\/strong><\/p>\n<\/td>\n<td valign=\"top\" width=\"38%\">\n<p align=\"center\"><strong>4 680<\/strong><\/p>\n<\/td>\n<\/tr>\n<tr>\n<td valign=\"top\" width=\"43%\"><strong>Nosnost<\/strong><\/td>\n<td valign=\"top\" width=\"18%\">\n<p align=\"center\"><strong>[kg]<\/strong><\/p>\n<\/td>\n<td valign=\"top\" width=\"38%\">\n<p align=\"center\"><strong>3 500<\/strong><\/p>\n<\/td>\n<\/tr>\n<tr>\n<td valign=\"top\" width=\"43%\"><strong>Objem sk\u0159\u00edn\u011b<\/strong><\/td>\n<td valign=\"top\" width=\"18%\">\n<p align=\"center\"><strong>[m<sup>3<\/sup>]<\/strong><\/p>\n<\/td>\n<td valign=\"top\" width=\"38%\">\n<p align=\"center\"><strong>3<\/strong><\/p>\n<\/td>\n<\/tr>\n<tr>\n<td valign=\"top\" width=\"43%\"><strong>Lo\u017en\u00e1 plocha<\/strong><\/td>\n<td valign=\"top\" width=\"18%\">\n<p align=\"center\"><strong>[m<sup>2<\/sup>]<\/strong><\/p>\n<\/td>\n<td valign=\"top\" width=\"38%\">\n<p align=\"center\"><strong>6<\/strong><\/p>\n<\/td>\n<\/tr>\n<tr>\n<td valign=\"top\" width=\"43%\"><strong>Vnit\u0159n\u00ed d\u00e9lka korby<\/strong><\/td>\n<td valign=\"top\" width=\"18%\">\n<p align=\"center\"><strong>[mm]<\/strong><\/p>\n<\/td>\n<td valign=\"top\" width=\"38%\">\n<p align=\"center\"><strong>3 320<\/strong><\/p>\n<\/td>\n<\/tr>\n<tr>\n<td valign=\"top\" width=\"43%\"><strong>Vnit\u0159n\u00ed \u0161\u00ed\u0159ka korby<\/strong><\/td>\n<td valign=\"top\" width=\"18%\">\n<p align=\"center\"><strong>[mm]<\/strong><\/p>\n<\/td>\n<td valign=\"top\" width=\"38%\">\n<p align=\"center\"><strong>1 810<\/strong><\/p>\n<\/td>\n<\/tr>\n<tr>\n<td valign=\"top\" width=\"43%\"><strong>Celkov\u00e9 rozm\u011bry<\/strong><\/td>\n<td valign=\"top\" width=\"18%\">\n<p align=\"center\"><strong>[mm]<\/strong><\/p>\n<\/td>\n<td valign=\"top\" width=\"38%\">\n<p align=\"center\"><strong>4 730\/1 990\/ 1 490<\/strong><\/p>\n<\/td>\n<\/tr>\n<tr>\n<td valign=\"top\" width=\"43%\"><strong>V\u00fd\u0161ka bo\u010dnic<\/strong><\/td>\n<td valign=\"top\" width=\"18%\">\n<p align=\"center\"><strong>[mm]<\/strong><\/p>\n<\/td>\n<td valign=\"top\" width=\"38%\">\n<p align=\"center\"><strong>500<\/strong><\/p>\n<\/td>\n<\/tr>\n<tr>\n<td valign=\"top\" width=\"43%\"><strong>Nakl\u00e1dac\u00ed v\u00fd\u0161ka<\/strong><\/td>\n<td valign=\"top\" width=\"18%\">\n<p align=\"center\"><strong>[mm]<\/strong><\/p>\n<\/td>\n<td valign=\"top\" width=\"38%\">\n<p align=\"center\"><strong>1 050<\/strong><\/p>\n<\/td>\n<\/tr>\n<tr>\n<td valign=\"top\" width=\"43%\"><strong>Rozchod kol<\/strong><\/td>\n<td valign=\"top\" width=\"18%\">\n<p align=\"center\"><strong>[mm]<\/strong><\/p>\n<\/td>\n<td valign=\"top\" width=\"38%\">\n<p align=\"center\"><strong>1 450<\/strong><\/p>\n<\/td>\n<\/tr>\n<tr>\n<td valign=\"top\" width=\"43%\"><strong>Kola<\/strong><\/td>\n<td valign=\"top\" width=\"18%\"><\/td>\n<td valign=\"top\" width=\"38%\">\n<p align=\"center\"><strong>11,5\/80-15,3 10 protektory<\/strong><\/p>\n<\/td>\n<\/tr>\n<tr>\n<td valign=\"top\" width=\"43%\"><strong>Konstruk\u010dn\u00ed rychlost<\/strong><\/td>\n<td valign=\"top\" width=\"18%\">\n<p align=\"center\"><strong>[km\/h]<\/strong><\/p>\n<\/td>\n<td valign=\"top\" width=\"38%\">\n<p align=\"center\"><strong>30<\/strong><\/p>\n<\/td>\n<\/tr>\n<tr>\n<td valign=\"top\" width=\"43%\"><strong>Traktor<\/strong><\/td>\n<td valign=\"top\" width=\"18%\">\n<p align=\"center\"><strong>[k]<\/strong><\/p>\n<\/td>\n<td valign=\"top\" width=\"38%\">\n<p align=\"center\"><strong>30<\/strong><\/p>\n<\/td>\n<\/tr>\n<\/tbody>\n<\/table>\n<p>&nbsp;<\/p>\n<\/div>\n<p><strong>Kontakt:<\/strong><\/p>\n<p><strong>tel. 603 753 615<\/strong><\/p>\n<p><strong>info@recarprofi.cz<\/strong><\/p>\n","protected":false},"excerpt":{"rendered":"<p>Univerz\u00e1ln\u00ed syst\u00e9m otev\u00edr\u00e1n\u00ed bo\u010dnic, centr\u00e1ln\u00ed ji\u0161t\u011bn\u00ed bo\u010dnic k podlaze, libovoln\u00e9 otev\u00edr\u00e1n\u00ed bo\u010dnic a snadn\u00e1 demont\u00e1\u017e sloupk\u016f, syst\u00e9m skl\u00e1p\u011bn\u00ed 3 strany, 4 bezpe\u010dnostn\u00ed \u010depy pro v\u00fdb\u011br sklopen\u00ed, pevn\u00e9 zav\u011b\u0161en\u00ed n\u00e1pravy, s\u00edla podlahy\/bo\u010dnic 3\/2 mm, \u00fahel nakl\u00e1p\u011bn\u00ed&hellip;<\/p>\n","protected":false},"featured_media":13283,"comment_status":"open","ping_status":"closed","template":"","meta":[],"product_brand":[],"product_cat":[63],"product_tag":[],"class_list":{"0":"post-13282","1":"product","2":"type-product","3":"status-publish","4":"has-post-thumbnail","6":"product_cat-navesy-traktorove","8":"first","9":"instock","10":"taxable","11":"shipping-taxable","12":"purchasable","13":"product-type-simple"},"_links":{"self":[{"href":"https:\/\/recarprofi.cz\/uvod\/wp-json\/wp\/v2\/product\/13282","targetHints":{"allow":["GET"]}}],"collection":[{"href":"https:\/\/recarprofi.cz\/uvod\/wp-json\/wp\/v2\/product"}],"about":[{"href":"https:\/\/recarprofi.cz\/uvod\/wp-json\/wp\/v2\/types\/product"}],"replies":[{"embeddable":true,"href":"https:\/\/recarprofi.cz\/uvod\/wp-json\/wp\/v2\/comments?post=13282"}],"version-history":[{"count":2,"href":"https:\/\/recarprofi.cz\/uvod\/wp-json\/wp\/v2\/product\/13282\/revisions"}],"predecessor-version":[{"id":24569,"href":"https:\/\/recarprofi.cz\/uvod\/wp-json\/wp\/v2\/product\/13282\/revisions\/24569"}],"wp:featuredmedia":[{"embeddable":true,"href":"https:\/\/recarprofi.cz\/uvod\/wp-json\/wp\/v2\/media\/13283"}],"wp:attachment":[{"href":"https:\/\/recarprofi.cz\/uvod\/wp-json\/wp\/v2\/media?parent=13282"}],"wp:term":[{"taxonomy":"product_brand","embeddable":true,"href":"https:\/\/recarprofi.cz\/uvod\/wp-json\/wp\/v2\/product_brand?post=13282"},{"taxonomy":"product_cat","embeddable":true,"href":"https:\/\/recarprofi.cz\/uvod\/wp-json\/wp\/v2\/product_cat?post=13282"},{"taxonomy":"product_tag","embeddable":true,"href":"https:\/\/recarprofi.cz\/uvod\/wp-json\/wp\/v2\/product_tag?post=13282"}],"curies":[{"name":"wp","href":"https:\/\/api.w.org\/{rel}","templated":true}]}}