{"id":13285,"date":"2019-08-13T15:21:37","date_gmt":"2019-08-13T13:21:37","guid":{"rendered":"http:\/\/recarprofi.cz\/?post_type=product&#038;p=13285"},"modified":"2026-02-19T11:34:49","modified_gmt":"2026-02-19T10:34:49","slug":"naves-cynkomet-t-617-5","status":"publish","type":"product","link":"https:\/\/recarprofi.cz\/uvod\/produkt\/naves-cynkomet-t-617-5\/","title":{"rendered":"N\u00e1v\u011bs Cynkomet T-617\/5"},"content":{"rendered":"<p><strong>Tandemov\u00fd n\u00e1v\u011bs, n\u00e1prava ADR, pozinkovan\u00e9 bo\u010dnice 500 d\u011blen\u00e9, zadn\u00ed v\u00fdsypn\u00e9 ok\u00e9nko, t\u0159\u00edstrann\u00e9 sklopn\u00e1 korba, podlaha vykonan\u00e1 z plechu 5mm, bo\u010dnice 3 mm, dvou-hadicov\u00e9 pneumatick\u00e9 brzdy, pozinkovan\u00fd r\u00e1m, centr\u00e1ln\u00ed otev\u00edr\u00e1n\u00ed bo\u010dnic od podlahy, osv\u011btlen\u00ed, hydraulick\u00e1 podp\u016frn\u00e1 noha. Z\u00e1ruka na pozinkovan\u00e9 \u010d\u00e1sti 36 m\u011bs\u00edc\u016f.<\/strong><\/p>\n<p><strong>Technick\u00e9 parametry:<\/strong><\/p>\n<p><strong>Typ n\u00e1v\u011bsu T 617\/5<\/strong><\/p>\n<p><strong>Celkov\u00e1 p\u0159\u00edpustn\u00e1 hmotnost [kg] 21000<\/strong><\/p>\n<p><strong>Nosnost [kg] 15500<\/strong><\/p>\n<p><strong>Vlastn\u00ed hmotnost [kg] 5500<\/strong><\/p>\n<p><strong>Rozchod kol [mm] 1 900<\/strong><\/p>\n<p><strong>Kola 385\/65-22,5<\/strong><\/p>\n<p><strong>Konstruk\u010dn\u00ed rychlost [km\/h] 40<\/strong><\/p>\n<p><strong>Objem [m3] 18,2 m3<\/strong><\/p>\n<p><strong>D\u00e9lka (mm) 7250<\/strong><\/p>\n<p><strong>\u0160\u00ed\u0159ka (mm) 2550<\/strong><\/p>\n<p><strong>V\u00fd\u0161ka (mm) 3010<\/strong><\/p>\n<p>&nbsp;<\/p>\n<p><strong><span style=\"color: #000000;\">Kontakt:<\/span><\/strong><\/p>\n<p><strong>tel. 603 753 615<\/strong><\/p>\n<p><strong>info@recarprofi.cz<\/strong><\/p>\n","protected":false},"excerpt":{"rendered":"<p>Tandemov\u00fd n\u00e1v\u011bs, n\u00e1prava ADR, pozinkovan\u00e9 bo\u010dnice 500 d\u011blen\u00e9, zadn\u00ed v\u00fdsypn\u00e9 ok\u00e9nko, t\u0159\u00edstrann\u00e9 sklopn\u00e1 korba, podlaha vykonan\u00e1 z plechu 5mm, bo\u010dnice 3 mm, dvou-hadicov\u00e9 pneumatick\u00e9 brzdy, pozinkovan\u00fd r\u00e1m, centr\u00e1ln\u00ed otev\u00edr\u00e1n\u00ed bo\u010dnic od podlahy, osv\u011btlen\u00ed, hydraulick\u00e1 podp\u016frn\u00e1&hellip;<\/p>\n","protected":false},"featured_media":11552,"comment_status":"closed","ping_status":"closed","template":"","meta":[],"product_brand":[],"product_cat":[63],"product_tag":[],"class_list":{"0":"post-13285","1":"product","2":"type-product","3":"status-publish","4":"has-post-thumbnail","6":"product_cat-navesy-traktorove","8":"first","9":"instock","10":"taxable","11":"shipping-taxable","12":"purchasable","13":"product-type-simple"},"_links":{"self":[{"href":"https:\/\/recarprofi.cz\/uvod\/wp-json\/wp\/v2\/product\/13285","targetHints":{"allow":["GET"]}}],"collection":[{"href":"https:\/\/recarprofi.cz\/uvod\/wp-json\/wp\/v2\/product"}],"about":[{"href":"https:\/\/recarprofi.cz\/uvod\/wp-json\/wp\/v2\/types\/product"}],"replies":[{"embeddable":true,"href":"https:\/\/recarprofi.cz\/uvod\/wp-json\/wp\/v2\/comments?post=13285"}],"version-history":[{"count":3,"href":"https:\/\/recarprofi.cz\/uvod\/wp-json\/wp\/v2\/product\/13285\/revisions"}],"predecessor-version":[{"id":26699,"href":"https:\/\/recarprofi.cz\/uvod\/wp-json\/wp\/v2\/product\/13285\/revisions\/26699"}],"wp:featuredmedia":[{"embeddable":true,"href":"https:\/\/recarprofi.cz\/uvod\/wp-json\/wp\/v2\/media\/11552"}],"wp:attachment":[{"href":"https:\/\/recarprofi.cz\/uvod\/wp-json\/wp\/v2\/media?parent=13285"}],"wp:term":[{"taxonomy":"product_brand","embeddable":true,"href":"https:\/\/recarprofi.cz\/uvod\/wp-json\/wp\/v2\/product_brand?post=13285"},{"taxonomy":"product_cat","embeddable":true,"href":"https:\/\/recarprofi.cz\/uvod\/wp-json\/wp\/v2\/product_cat?post=13285"},{"taxonomy":"product_tag","embeddable":true,"href":"https:\/\/recarprofi.cz\/uvod\/wp-json\/wp\/v2\/product_tag?post=13285"}],"curies":[{"name":"wp","href":"https:\/\/api.w.org\/{rel}","templated":true}]}}