{"id":13591,"date":"2019-08-22T15:23:44","date_gmt":"2019-08-22T13:23:44","guid":{"rendered":"http:\/\/recarprofi.cz\/?post_type=product&#038;p=13591"},"modified":"2026-03-05T12:13:24","modified_gmt":"2026-03-05T11:13:24","slug":"pluh-zahonovy-katland-fx-2","status":"publish","type":"product","link":"https:\/\/recarprofi.cz\/uvod\/produkt\/pluh-zahonovy-katland-fx-2\/","title":{"rendered":"Pluh z\u00e1honov\u00fd Katland FX 2"},"content":{"rendered":"<p><strong>Standardn\u00ed v\u00fdbava:<\/strong><\/p>\n<ul>\n<li><strong>Po\u010det t\u011bles 2 ks<\/strong><\/li>\n<li><strong>Vlastn\u00ed hmotnost 175 kg<\/strong><\/li>\n<li><strong>Odhrnovac\u00ed deska 25 mm<\/strong><\/li>\n<li><strong>Podp\u011brn\u00e9 kolo<\/strong><\/li>\n<li><strong>Vidlicov\u00fd z\u00e1v\u011bs kat.2<\/strong><\/li>\n<li><strong>Mechanick\u00e1 zm\u011bna z\u00e1b\u011bru na 1 t\u011bleso<\/strong><\/li>\n<li><strong>Ji\u0161t\u011bn\u00ed \u0161roubem<\/strong><\/li>\n<li><strong>R\u00e1m 100 x 100 mm<\/strong><\/li>\n<\/ul>\n<p><strong>Kontakt:<\/strong><\/p>\n<p><strong>tel.603 753 615<\/strong><\/p>\n<p><strong>info@recarprofi.cz<\/strong><\/p>\n<p>&nbsp;<\/p>\n","protected":false},"excerpt":{"rendered":"<p>Standardn\u00ed v\u00fdbava: Po\u010det t\u011bles 2 ks Vlastn\u00ed hmotnost 175 kg Odhrnovac\u00ed deska 25 mm Podp\u011brn\u00e9 kolo Vidlicov\u00fd z\u00e1v\u011bs kat.2 Mechanick\u00e1 zm\u011bna z\u00e1b\u011bru na 1 t\u011bleso Ji\u0161t\u011bn\u00ed \u0161roubem R\u00e1m 100 x 100 mm Kontakt: tel.603 753&hellip;<\/p>\n","protected":false},"featured_media":32891,"comment_status":"closed","ping_status":"closed","template":"","meta":[],"product_brand":[],"product_cat":[70],"product_tag":[],"class_list":{"0":"post-13591","1":"product","2":"type-product","3":"status-publish","4":"has-post-thumbnail","6":"product_cat-www-recarprofi-cz-eshop-pluhy","8":"first","9":"instock","10":"sale","11":"taxable","12":"shipping-taxable","13":"purchasable","14":"product-type-simple"},"_links":{"self":[{"href":"https:\/\/recarprofi.cz\/uvod\/wp-json\/wp\/v2\/product\/13591","targetHints":{"allow":["GET"]}}],"collection":[{"href":"https:\/\/recarprofi.cz\/uvod\/wp-json\/wp\/v2\/product"}],"about":[{"href":"https:\/\/recarprofi.cz\/uvod\/wp-json\/wp\/v2\/types\/product"}],"replies":[{"embeddable":true,"href":"https:\/\/recarprofi.cz\/uvod\/wp-json\/wp\/v2\/comments?post=13591"}],"version-history":[{"count":2,"href":"https:\/\/recarprofi.cz\/uvod\/wp-json\/wp\/v2\/product\/13591\/revisions"}],"predecessor-version":[{"id":25669,"href":"https:\/\/recarprofi.cz\/uvod\/wp-json\/wp\/v2\/product\/13591\/revisions\/25669"}],"wp:featuredmedia":[{"embeddable":true,"href":"https:\/\/recarprofi.cz\/uvod\/wp-json\/wp\/v2\/media\/32891"}],"wp:attachment":[{"href":"https:\/\/recarprofi.cz\/uvod\/wp-json\/wp\/v2\/media?parent=13591"}],"wp:term":[{"taxonomy":"product_brand","embeddable":true,"href":"https:\/\/recarprofi.cz\/uvod\/wp-json\/wp\/v2\/product_brand?post=13591"},{"taxonomy":"product_cat","embeddable":true,"href":"https:\/\/recarprofi.cz\/uvod\/wp-json\/wp\/v2\/product_cat?post=13591"},{"taxonomy":"product_tag","embeddable":true,"href":"https:\/\/recarprofi.cz\/uvod\/wp-json\/wp\/v2\/product_tag?post=13591"}],"curies":[{"name":"wp","href":"https:\/\/api.w.org\/{rel}","templated":true}]}}