{"id":14189,"date":"2019-09-12T09:36:26","date_gmt":"2019-09-12T07:36:26","guid":{"rendered":"http:\/\/recarprofi.cz\/?post_type=product&#038;p=14189"},"modified":"2024-12-10T13:36:09","modified_gmt":"2024-12-10T12:36:09","slug":"rozmetadlo-mrvy-cynkomet-n-233-6-a4vs","status":"publish","type":"product","link":"https:\/\/recarprofi.cz\/uvod\/produkt\/rozmetadlo-mrvy-cynkomet-n-233-6-a4vs\/","title":{"rendered":"Rozmetadlo Cynkomet N-233\/6 A4VS"},"content":{"rendered":"<p><strong>Pozinkovan\u00e1 korba a r\u00e1m, podlaha 3 mm, z\u00e1v\u011bs spodn\u00ed oko 50 mm. posuv dopravn\u00edku mechanick\u00fd, pomoc\u00ed rohatky a z\u00e1padky se skokovou regulac\u00ed 9 stup\u0148\u016f. Konstruk\u010dn\u00ed rychlost 30 km\/h, traktor 45k, demontovateln\u00e9 metac\u00ed za\u0159\u00edzen\u00ed, nahraditeln\u00e9 zadn\u00edm \u010delem, pneumatick\u00e9 brzdy 1 hadicov\u00e9, ru\u010dn\u00ed brzda mechanick\u00e1, podp\u016frn\u00e1 noha s kole\u010dkem, p\u0159edn\u00ed ochrann\u00e1 s\u00ed\u0165ka, osv\u011btlen\u00ed 12 V, sklopn\u00e9 bo\u010dn\u00ed st\u011bny, bo\u010dn\u00ed st\u011bny 750 mm.<\/strong><\/p>\n<p><strong>Technick\u00e9 parametry:<\/strong><\/p>\n<p><strong>Nosnost [kg] 4 500<\/strong><br \/>\n<strong>Vlastn\u00ed hmotnost [kg] 1 620<\/strong><br \/>\n<strong>Objem sk\u0159\u00edn\u011b [m3] 5,25<\/strong><br \/>\n<strong>Lo\u017en\u00e1 plocha [m2] 6,8<\/strong><br \/>\n<strong>D\u00e9lka [mm] 5 730<\/strong><br \/>\n<strong>\u0160\u00ed\u0159ka [mm] 2 060<\/strong><br \/>\n<strong>V\u00fd\u0161ka [mm] 2 600<\/strong><br \/>\n<strong>Rozm\u011bry korby [mm] 3 960 x 1720 x 750<\/strong><br \/>\n<strong>V\u00fd\u0161ka podlahy od zem\u011b [mm] 1 060<\/strong><br \/>\n<strong>Rozchod kol [mm] 1 450<\/strong><br \/>\n<strong>Kola 400\/60-15,5<\/strong><br \/>\n<strong>Typ metac\u00edho adapt\u00e9ru: vertik\u00e1ln\u00ed 4-\u0161nekov\u00fd<\/strong><\/p>\n<p><strong><span style=\"color: #ff0000;\">P\u0159\u00edplatkov\u00e1 v\u00fdbava:<\/span><\/strong><\/p>\n<p><strong><span style=\"color: #ff0000;\">Zvolenou v\u00fdbavu zd\u011blte do pozn\u00e1mky.<\/span><\/strong><\/p>\n<ol>\n<li><strong>N\u00e1stavky + zadn\u00ed \u010delo 500mm\u00a0 \u00a0(25.000,-K\u010d)<\/strong><\/li>\n<li><strong>Kardan\u00a0 \u00a0(6.500,-K\u010d)<\/strong><\/li>\n<li><strong>Zadn\u00ed gilotina\u00a0 \u00a0(28.800,-K\u010d)<\/strong><\/li>\n<li><strong>Deflektor\u00a0 (12.000,-K\u010d)<\/strong><\/li>\n<li><strong>Oko 40mm ( 2.000,-K\u010d)<\/strong><\/li>\n<li><strong>Spodn\u00ed oto\u010dn\u00e9 oko 50mm\u00a0 ( 6.000,-K\u010d)<\/strong><\/li>\n<\/ol>\n<p><strong><em>Kontakt:<\/em><\/strong><\/p>\n<p><strong>tel.603 753 615<\/strong><\/p>\n<p><strong>info@recarprofi.cz<\/strong><\/p>\n","protected":false},"excerpt":{"rendered":"<p>Pozinkovan\u00e1 korba a r\u00e1m, podlaha 3 mm, z\u00e1v\u011bs spodn\u00ed oko 50 mm. posuv dopravn\u00edku mechanick\u00fd, pomoc\u00ed rohatky a z\u00e1padky se skokovou regulac\u00ed 9 stup\u0148\u016f. Konstruk\u010dn\u00ed rychlost 30 km\/h, traktor 45k, demontovateln\u00e9 metac\u00ed za\u0159\u00edzen\u00ed, nahraditeln\u00e9 zadn\u00edm&hellip;<\/p>\n","protected":false},"featured_media":14184,"comment_status":"open","ping_status":"closed","template":"","meta":[],"product_brand":[],"product_cat":[71],"product_tag":[],"class_list":{"0":"post-14189","1":"product","2":"type-product","3":"status-publish","4":"has-post-thumbnail","6":"product_cat-rozmetadla-mrvy","8":"first","9":"instock","10":"taxable","11":"shipping-taxable","12":"purchasable","13":"product-type-simple"},"_links":{"self":[{"href":"https:\/\/recarprofi.cz\/uvod\/wp-json\/wp\/v2\/product\/14189","targetHints":{"allow":["GET"]}}],"collection":[{"href":"https:\/\/recarprofi.cz\/uvod\/wp-json\/wp\/v2\/product"}],"about":[{"href":"https:\/\/recarprofi.cz\/uvod\/wp-json\/wp\/v2\/types\/product"}],"replies":[{"embeddable":true,"href":"https:\/\/recarprofi.cz\/uvod\/wp-json\/wp\/v2\/comments?post=14189"}],"version-history":[{"count":2,"href":"https:\/\/recarprofi.cz\/uvod\/wp-json\/wp\/v2\/product\/14189\/revisions"}],"predecessor-version":[{"id":24586,"href":"https:\/\/recarprofi.cz\/uvod\/wp-json\/wp\/v2\/product\/14189\/revisions\/24586"}],"wp:featuredmedia":[{"embeddable":true,"href":"https:\/\/recarprofi.cz\/uvod\/wp-json\/wp\/v2\/media\/14184"}],"wp:attachment":[{"href":"https:\/\/recarprofi.cz\/uvod\/wp-json\/wp\/v2\/media?parent=14189"}],"wp:term":[{"taxonomy":"product_brand","embeddable":true,"href":"https:\/\/recarprofi.cz\/uvod\/wp-json\/wp\/v2\/product_brand?post=14189"},{"taxonomy":"product_cat","embeddable":true,"href":"https:\/\/recarprofi.cz\/uvod\/wp-json\/wp\/v2\/product_cat?post=14189"},{"taxonomy":"product_tag","embeddable":true,"href":"https:\/\/recarprofi.cz\/uvod\/wp-json\/wp\/v2\/product_tag?post=14189"}],"curies":[{"name":"wp","href":"https:\/\/api.w.org\/{rel}","templated":true}]}}