{"id":14211,"date":"2019-09-12T13:55:58","date_gmt":"2019-09-12T11:55:58","guid":{"rendered":"http:\/\/recarprofi.cz\/?post_type=product&#038;p=14211"},"modified":"2022-08-01T13:48:19","modified_gmt":"2022-08-01T11:48:19","slug":"rozmetadlo-cynkomet-n-221-3-4-a4vs","status":"publish","type":"product","link":"https:\/\/recarprofi.cz\/uvod\/produkt\/rozmetadlo-cynkomet-n-221-3-4-a4vs\/","title":{"rendered":"Rozmetadlo Cynkomet N-221\/3-4 A4VS"},"content":{"rendered":"<p><strong>Rozmetadlo Cynkomet N &#8211; 221\/3-4 je ur\u010deno k rozmet\u00e1n\u00ed chl\u00e9vsk\u00e9 mrvy, kompostu, ra\u0161eliny a v\u00e1pna. Konstrukce je pozinkovan\u00e1, podlaha m\u00e1 s\u00edlu plechu 3mm, co\u017e zaji\u0161\u0165uje dlouhou bezporuchovou \u017eivotnost. Pro v\u00fdrobu komponent\u016f jsou pou\u017e\u00edv\u00e1ny vysoce kvalitn\u00ed materi\u00e1ly co\u017e zaru\u010duje vysokou jakost a bezporuchovost. . Zav\u011b\u0161en\u00ed n\u00e1prav typu tandem na listov\u00fdch p\u00e9rech, nebo vahadlov\u011b, garantuje optim\u00e1ln\u00ed p\u0159enesen\u00ed v\u00e1hy na podlo\u017e\u00ed eliminuj\u00edc\u00ed vytv\u00e1\u0159en\u00ed kolej\u00ed. Hydraulick\u00e1 gilotina odd\u011bluje n\u00e1klad od rozmetac\u00edho adapt\u00e9ru. \u00a0Po namontov\u00e1n\u00ed dodate\u010dn\u00fdch n\u00e1stavk\u016f se zadn\u00ed gilotinou se zv\u011bt\u0161\u00ed objem sk\u0159\u00edn\u011b na 17 m3 , co je mimo\u0159\u00e1dn\u00e9 v dan\u00e9 kategorii nosnosti a umo\u017e\u0148uje vyu\u017eit\u00ed rozmetadla jako velkoobjemov\u00fd, samovyprazd\u0148ovac\u00ed n\u00e1v\u011bs.<\/strong><\/p>\n<p><strong>Standardn\u00ed v\u00fdbava:<\/strong><\/p>\n<ul>\n<li><strong>hydraulick\u00fd posuv \u00a0bezstup\u0148ov\u00fd<\/strong><\/li>\n<li><strong>zadn\u00ed gilotina hydraulicky ovl\u00e1dan\u00e1<\/strong><\/li>\n<li><strong>oto\u010dn\u00fd z\u00e1v\u011bs pro horn\u00ed i doln\u00ed zapojen\u00ed s okem 50<\/strong><\/li>\n<li><strong>podp\u011bra oje skl\u00e1dan\u00e1 s kovov\u00fdm kolem<\/strong><\/li>\n<li><strong>kryt adapt\u00e9ru hydraulicky ovl\u00e1dan\u00fd<\/strong><\/li>\n<li><strong>\u00a0adapt\u00e9r A4VS lopatkov\u00fd poh\u00e1n\u011bn\u00fd od VH<\/strong><\/li>\n<li><strong>elektrick\u00fd kabel<\/strong><\/li>\n<li><strong>dvouhadicov\u00e1 pneumatick\u00e1 soustava<\/strong><\/li>\n<li><strong>ru\u010dn\u00ed brzda s klikou<\/strong><\/li>\n<li><strong>\u017eeb\u0159\u00edk + zakl\u00e1dac\u00ed kl\u00edny<\/strong><\/li>\n<li><strong>v\u00fdm\u011bnn\u00e1 pozinkovan\u00e1 podlaha<\/strong><\/li>\n<\/ul>\n<p><strong>Technick\u00e9 parametry:<\/strong><\/p>\n<p><strong>Nosnost [kg] 8 000<\/strong><br \/>\n<strong>Vlastn\u00ed hmotnost [kg] 3 380<\/strong><br \/>\n<strong>Objem sk\u0159\u00edn\u011b [m3] 9,2<\/strong><br \/>\n<strong>D\u00e9lka [mm] 6 538<\/strong><br \/>\n<strong>\u0160\u00ed\u0159ka [mm] 2 410<\/strong><br \/>\n<strong>V\u00fd\u0161ka [mm] 2 670<\/strong><br \/>\n<strong>Rozm\u011bry korby [mm] 4 460 x 2 060 x 1000<\/strong><br \/>\n<strong>V\u00fd\u0161ka podlahy od zem\u011b [mm] 1 400<\/strong><br \/>\n<strong>Rozchod kol [mm] 1 700<\/strong><br \/>\n<strong>Kola 500\/50-17<\/strong><br \/>\n<strong>Typ metac\u00edho adapt\u00e9ru: vertik\u00e1ln\u00ed 4-\u0161nekov\u00fd<\/strong><\/p>\n<p><strong><span style=\"color: #ff0000;\">P\u0159\u00edplatkov\u00e1 v\u00fdbava:<\/span><\/strong><\/p>\n<p><strong><span style=\"color: #ff0000;\">Zvolenou v\u00fdbavu zd\u011blte do pozn\u00e1mky.<\/span><\/strong><\/p>\n<ol>\n<li><strong>N\u00e1stavky 800 mm + zadn\u00ed \u010delo\u00a0 \u00a0(42.000,-K\u010d)<\/strong><\/li>\n<li><strong>Kardan homokinetick\u00fd\u00a0 \u00a0(14.500,-K\u010d)<\/strong><\/li>\n<li><strong>Deflektor\u00a0 (13.000,-K\u010d)<\/strong><\/li>\n<li><strong>Hydraulick\u00e1 podp\u016frn\u00e1 noha\u00a0 (12.000,-K\u010d)<\/strong><\/li>\n<\/ol>\n<p><strong>Kontakt:<\/strong><\/p>\n<p><strong>info@recarprofi.cz<\/strong><\/p>\n<p><strong>tel. 603 753 615<\/strong><\/p>\n","protected":false},"excerpt":{"rendered":"<p>Rozmetadlo Cynkomet N &#8211; 221\/3-4 je ur\u010deno k rozmet\u00e1n\u00ed chl\u00e9vsk\u00e9 mrvy, kompostu, ra\u0161eliny a v\u00e1pna. Konstrukce je pozinkovan\u00e1, podlaha m\u00e1 s\u00edlu plechu 3mm, co\u017e zaji\u0161\u0165uje dlouhou bezporuchovou \u017eivotnost. Pro v\u00fdrobu komponent\u016f jsou pou\u017e\u00edv\u00e1ny vysoce kvalitn\u00ed&hellip;<\/p>\n","protected":false},"featured_media":14214,"comment_status":"open","ping_status":"closed","template":"","meta":[],"product_brand":[],"product_cat":[71],"product_tag":[],"class_list":{"0":"post-14211","1":"product","2":"type-product","3":"status-publish","4":"has-post-thumbnail","6":"product_cat-rozmetadla-mrvy","8":"first","9":"instock","10":"taxable","11":"shipping-taxable","12":"purchasable","13":"product-type-simple"},"_links":{"self":[{"href":"https:\/\/recarprofi.cz\/uvod\/wp-json\/wp\/v2\/product\/14211","targetHints":{"allow":["GET"]}}],"collection":[{"href":"https:\/\/recarprofi.cz\/uvod\/wp-json\/wp\/v2\/product"}],"about":[{"href":"https:\/\/recarprofi.cz\/uvod\/wp-json\/wp\/v2\/types\/product"}],"replies":[{"embeddable":true,"href":"https:\/\/recarprofi.cz\/uvod\/wp-json\/wp\/v2\/comments?post=14211"}],"version-history":[{"count":2,"href":"https:\/\/recarprofi.cz\/uvod\/wp-json\/wp\/v2\/product\/14211\/revisions"}],"predecessor-version":[{"id":24592,"href":"https:\/\/recarprofi.cz\/uvod\/wp-json\/wp\/v2\/product\/14211\/revisions\/24592"}],"wp:featuredmedia":[{"embeddable":true,"href":"https:\/\/recarprofi.cz\/uvod\/wp-json\/wp\/v2\/media\/14214"}],"wp:attachment":[{"href":"https:\/\/recarprofi.cz\/uvod\/wp-json\/wp\/v2\/media?parent=14211"}],"wp:term":[{"taxonomy":"product_brand","embeddable":true,"href":"https:\/\/recarprofi.cz\/uvod\/wp-json\/wp\/v2\/product_brand?post=14211"},{"taxonomy":"product_cat","embeddable":true,"href":"https:\/\/recarprofi.cz\/uvod\/wp-json\/wp\/v2\/product_cat?post=14211"},{"taxonomy":"product_tag","embeddable":true,"href":"https:\/\/recarprofi.cz\/uvod\/wp-json\/wp\/v2\/product_tag?post=14211"}],"curies":[{"name":"wp","href":"https:\/\/api.w.org\/{rel}","templated":true}]}}