{"id":14223,"date":"2019-09-12T15:26:19","date_gmt":"2019-09-12T13:26:19","guid":{"rendered":"http:\/\/recarprofi.cz\/?post_type=product&#038;p=14223"},"modified":"2024-12-10T13:45:21","modified_gmt":"2024-12-10T12:45:21","slug":"rozmetadlo-cynkomet-n-221-3-9-a2v","status":"publish","type":"product","link":"https:\/\/recarprofi.cz\/uvod\/produkt\/rozmetadlo-cynkomet-n-221-3-9-a2v\/","title":{"rendered":"Rozmetadlo Cynkomet N-221\/3-9 A2V"},"content":{"rendered":"<p><strong>Rozmetadlo Cynkomet N \u2013 221\/3-9 je ur\u010deno k rozmet\u00e1n\u00ed chl\u00e9vsk\u00e9 mrvy, kompostu, ra\u0161eliny a v\u00e1pna. Konstrukce je \u017e\u00e1rov\u011b zinkovan\u00e1, podlaha m\u00e1 s\u00edlu plechu 4 mm, co\u017e zaji\u0161\u0165uje dlouhou bezporuchovou \u017eivotnost. Pro v\u00fdrobu komponent\u016f jsou pou\u017e\u00edv\u00e1ny vysoce kvalitn\u00ed materi\u00e1ly, co\u017e zaru\u010duje vysokou jakost a bezporuchovost. Rozmetadlo m\u00e1 n\u00e1pravy tandem odpru\u017een\u00e9. Posuv dopravn\u00edku se \u010dty\u0159mi \u0159et\u011bzy je hydraulick\u00fd s plynulou regulac\u00ed posuvu. Po v\u00fdm\u011bn\u011b rozmetac\u00edho adapt\u00e9ru za zadn\u00ed \u010delo s n\u00e1stavky je mo\u017eno vyu\u017e\u00edt rozmetadlo jako velkoobjemov\u00fd p\u0159epravn\u00edk p\u0159i sb\u011bru p\u00edcnin. Hydraulick\u00e1 gilotina odd\u011bluje materi\u00e1l od rozmetac\u00edho adapt\u00e9ru. Rozmetac\u00ed adapt\u00e9r s dv\u011bma svisl\u00fdmi \u0161neky ukon\u010den\u00fdmi tal\u00ed\u0159i a syst\u00e9m deflektor\u016f umo\u017e\u0148uje \u0161irokou \u0161k\u00e1lu mo\u017enost\u00ed nastaven\u00ed rozhozu.<\/strong><\/p>\n<p><strong>Standardn\u00ed v\u00fdbava:<\/strong><\/p>\n<ul>\n<li><strong>hydraulick\u00fd posuv \u00a0bezstup\u0148ov\u00fd<\/strong><\/li>\n<li><strong>zadn\u00ed gilotina hydraulicky ovl\u00e1dan\u00e1<\/strong><\/li>\n<li><strong>oto\u010dn\u00fd z\u00e1v\u011bs pro horn\u00ed i doln\u00ed zapojen\u00ed s okem 50<\/strong><\/li>\n<li><strong>podp\u011bra oje skl\u00e1dan\u00e1 s kovov\u00fdm kolem<\/strong><\/li>\n<li><strong>kryt adapt\u00e9ru hydraulicky ovl\u00e1dan\u00fd<\/strong><\/li>\n<li><strong>\u00a0adapt\u00e9r A2V lopatkov\u00fd poh\u00e1n\u011bn\u00fd od VH<\/strong><\/li>\n<li><strong>elektrick\u00fd kabel<\/strong><\/li>\n<li><strong>dvouhadicov\u00e1 pneumatick\u00e1 soustava<\/strong><\/li>\n<li><strong>ru\u010dn\u00ed brzda s klikou<\/strong><\/li>\n<li><strong>\u017eeb\u0159\u00edk + zakl\u00e1dac\u00ed kl\u00edny<\/strong><\/li>\n<li><strong>deflektor<\/strong><\/li>\n<li><strong>v\u00fdm\u011bnn\u00e1 pozinkovan\u00e1 podlaha<\/strong><\/li>\n<\/ul>\n<p><strong>Technick\u00e9 parametry:<\/strong><\/p>\n<p><strong>Nosnost [kg] 12 000<\/strong><br \/>\n<strong>Vlastn\u00ed hmotnost [kg] 6 260<\/strong><br \/>\n<strong>Objem sk\u0159\u00edn\u011b [m3] 15,3<\/strong><br \/>\n<strong>D\u00e9lka [mm] 8 370<\/strong><br \/>\n<strong>\u0160\u00ed\u0159ka [mm] 2 405<\/strong><br \/>\n<strong>V\u00fd\u0161ka [mm] 3 280<\/strong><br \/>\n<strong>Rozm\u011bry korby [mm] 5 460 x 2 080 x 1350<\/strong><br \/>\n<strong>V\u00fd\u0161ka podlahy od zem\u011b [mm] 1 640<\/strong><br \/>\n<strong>Rozchod kol [mm] 1 860<\/strong><br \/>\n<strong>Kola 550\/60-22,5<\/strong><br \/>\n<strong>Typ metac\u00edho adapt\u00e9ru: vertik\u00e1ln\u00ed 2-\u0161nekov\u00fd<\/strong><\/p>\n<p><strong><span style=\"color: #ff0000;\">P\u0159\u00edplatkov\u00e1 v\u00fdbava:<\/span><\/strong><\/p>\n<p><strong><span style=\"color: #ff0000;\">Zvolenou v\u00fdbavu zd\u011blte do pozn\u00e1mky.<\/span><\/strong><\/p>\n<ol>\n<li><strong>N\u00e1stavky 800 mm + zadn\u00ed \u010delo\u00a0 \u00a0(52.000,-K\u010d)<\/strong><\/li>\n<li><strong>Kardan homokinetick\u00fd\u00a0 (14.500,-K\u010d)<\/strong><\/li>\n<li><strong>Hydraulick\u00e9 ovl\u00e1dan\u00ed deflektoru\u00a0 (45 000,-K\u010d)<\/strong><\/li>\n<li><strong>Hydraulick\u00fd posuv dopravn\u00edku s el. ovl\u00e1d\u00e1n\u00edm\u00a0 (13.000,-K\u010d)<\/strong><\/li>\n<li><strong>Kola 600\/50-22,5\u00a0 (50.000,-K\u010d)\u00a0<\/strong><\/li>\n<\/ol>\n<p><strong>Kontakt:<\/strong><\/p>\n<p><strong>info@recarprofi.cz<\/strong><\/p>\n<p><strong>tel. 603 753 615<\/strong><\/p>\n","protected":false},"excerpt":{"rendered":"<p>Rozmetadlo Cynkomet N \u2013 221\/3-9 je ur\u010deno k rozmet\u00e1n\u00ed chl\u00e9vsk\u00e9 mrvy, kompostu, ra\u0161eliny a v\u00e1pna. Konstrukce je \u017e\u00e1rov\u011b zinkovan\u00e1, podlaha m\u00e1 s\u00edlu plechu 4 mm, co\u017e zaji\u0161\u0165uje dlouhou bezporuchovou \u017eivotnost. Pro v\u00fdrobu komponent\u016f jsou pou\u017e\u00edv\u00e1ny&hellip;<\/p>\n","protected":false},"featured_media":14218,"comment_status":"open","ping_status":"closed","template":"","meta":[],"product_brand":[],"product_cat":[71],"product_tag":[],"class_list":{"0":"post-14223","1":"product","2":"type-product","3":"status-publish","4":"has-post-thumbnail","6":"product_cat-rozmetadla-mrvy","8":"first","9":"instock","10":"taxable","11":"shipping-taxable","12":"purchasable","13":"product-type-simple"},"_links":{"self":[{"href":"https:\/\/recarprofi.cz\/uvod\/wp-json\/wp\/v2\/product\/14223","targetHints":{"allow":["GET"]}}],"collection":[{"href":"https:\/\/recarprofi.cz\/uvod\/wp-json\/wp\/v2\/product"}],"about":[{"href":"https:\/\/recarprofi.cz\/uvod\/wp-json\/wp\/v2\/types\/product"}],"replies":[{"embeddable":true,"href":"https:\/\/recarprofi.cz\/uvod\/wp-json\/wp\/v2\/comments?post=14223"}],"version-history":[{"count":2,"href":"https:\/\/recarprofi.cz\/uvod\/wp-json\/wp\/v2\/product\/14223\/revisions"}],"predecessor-version":[{"id":24594,"href":"https:\/\/recarprofi.cz\/uvod\/wp-json\/wp\/v2\/product\/14223\/revisions\/24594"}],"wp:featuredmedia":[{"embeddable":true,"href":"https:\/\/recarprofi.cz\/uvod\/wp-json\/wp\/v2\/media\/14218"}],"wp:attachment":[{"href":"https:\/\/recarprofi.cz\/uvod\/wp-json\/wp\/v2\/media?parent=14223"}],"wp:term":[{"taxonomy":"product_brand","embeddable":true,"href":"https:\/\/recarprofi.cz\/uvod\/wp-json\/wp\/v2\/product_brand?post=14223"},{"taxonomy":"product_cat","embeddable":true,"href":"https:\/\/recarprofi.cz\/uvod\/wp-json\/wp\/v2\/product_cat?post=14223"},{"taxonomy":"product_tag","embeddable":true,"href":"https:\/\/recarprofi.cz\/uvod\/wp-json\/wp\/v2\/product_tag?post=14223"}],"curies":[{"name":"wp","href":"https:\/\/api.w.org\/{rel}","templated":true}]}}