{"id":15821,"date":"2019-10-25T09:34:05","date_gmt":"2019-10-25T07:34:05","guid":{"rendered":"https:\/\/recarprofi.cz\/uvod\/?post_type=product&#038;p=15821"},"modified":"2022-01-20T15:49:24","modified_gmt":"2022-01-20T14:49:24","slug":"snehova-radlice-celni-t-201-v4","status":"publish","type":"product","link":"https:\/\/recarprofi.cz\/uvod\/produkt\/snehova-radlice-celni-t-201-v4\/","title":{"rendered":"Sn\u011bhov\u00e1 radlice \u010deln\u00ed T-201\/V340"},"content":{"rendered":"<p><strong>\u010celn\u00ed radlice je za\u0159\u00edzen\u00ed skl\u00e1daj\u00edc\u00ed se z t\u0159\u00edbodov\u00e9m z\u00e1v\u011bsu, hydraulicky nastaviteln\u00fdch k\u0159\u00eddel a pracovn\u00edho b\u0159itu. Ovl\u00e1d\u00e1n\u00ed radlice z pohodl\u00ed kabiny traktoru pomoc\u00ed elektrick\u00e9ho ovl\u00e1d\u00e1n\u00ed, mo\u017enost dovybavit podp\u016frn\u00fdmi koly, LED osv\u011btlen\u00edm. V z\u00e1kladn\u00edm proveden\u00ed \u010depy kat. 2, gumov\u00fd b\u0159it a bo\u010dn\u00ed dorazy proti obrubn\u00edk\u016fm. B\u0159it odpru\u017een pomoc\u00ed vinut\u00fdch pru\u017ein, masivn\u00ed st\u0159edov\u00fd \u010dep, vykrojen\u00ed radlice pro lep\u0161\u00ed odhazov\u00e1n\u00ed sn\u011bhu.<\/strong><\/p>\n<p><strong>Technick\u00e9 parametry:<\/strong><\/p>\n<p><strong>Pracovn\u00ed z\u00e1b\u011br cm\u00a0 304 \u2013 340<\/strong><\/p>\n<p><strong>V\u00fd\u0161ka radlice cm\u00a0 109<\/strong><\/p>\n<p><strong>Hmotnost kg\u00a0 530<\/strong><\/p>\n<p><strong>B\u0159it gumov\u00fd<\/strong><\/p>\n<p><strong>Kontakt:<\/strong><\/p>\n<p><strong>info@recarprofi.cz<\/strong><\/p>\n<p><strong>tel. 603 753 615<\/strong><\/p>\n","protected":false},"excerpt":{"rendered":"<p>\u010celn\u00ed radlice je za\u0159\u00edzen\u00ed skl\u00e1daj\u00edc\u00ed se z t\u0159\u00edbodov\u00e9m z\u00e1v\u011bsu, hydraulicky nastaviteln\u00fdch k\u0159\u00eddel a pracovn\u00edho b\u0159itu. Ovl\u00e1d\u00e1n\u00ed radlice z pohodl\u00ed kabiny traktoru pomoc\u00ed elektrick\u00e9ho ovl\u00e1d\u00e1n\u00ed, mo\u017enost dovybavit podp\u016frn\u00fdmi koly, LED osv\u011btlen\u00edm. V z\u00e1kladn\u00edm proveden\u00ed \u010depy kat.&hellip;<\/p>\n","protected":false},"featured_media":15814,"comment_status":"open","ping_status":"closed","template":"","meta":[],"product_brand":[],"product_cat":[90],"product_tag":[],"class_list":{"0":"post-15821","1":"product","2":"type-product","3":"status-publish","4":"has-post-thumbnail","6":"product_cat-snehove-radlice","8":"first","9":"instock","10":"taxable","11":"shipping-taxable","12":"purchasable","13":"product-type-simple"},"_links":{"self":[{"href":"https:\/\/recarprofi.cz\/uvod\/wp-json\/wp\/v2\/product\/15821","targetHints":{"allow":["GET"]}}],"collection":[{"href":"https:\/\/recarprofi.cz\/uvod\/wp-json\/wp\/v2\/product"}],"about":[{"href":"https:\/\/recarprofi.cz\/uvod\/wp-json\/wp\/v2\/types\/product"}],"replies":[{"embeddable":true,"href":"https:\/\/recarprofi.cz\/uvod\/wp-json\/wp\/v2\/comments?post=15821"}],"version-history":[{"count":2,"href":"https:\/\/recarprofi.cz\/uvod\/wp-json\/wp\/v2\/product\/15821\/revisions"}],"predecessor-version":[{"id":23872,"href":"https:\/\/recarprofi.cz\/uvod\/wp-json\/wp\/v2\/product\/15821\/revisions\/23872"}],"wp:featuredmedia":[{"embeddable":true,"href":"https:\/\/recarprofi.cz\/uvod\/wp-json\/wp\/v2\/media\/15814"}],"wp:attachment":[{"href":"https:\/\/recarprofi.cz\/uvod\/wp-json\/wp\/v2\/media?parent=15821"}],"wp:term":[{"taxonomy":"product_brand","embeddable":true,"href":"https:\/\/recarprofi.cz\/uvod\/wp-json\/wp\/v2\/product_brand?post=15821"},{"taxonomy":"product_cat","embeddable":true,"href":"https:\/\/recarprofi.cz\/uvod\/wp-json\/wp\/v2\/product_cat?post=15821"},{"taxonomy":"product_tag","embeddable":true,"href":"https:\/\/recarprofi.cz\/uvod\/wp-json\/wp\/v2\/product_tag?post=15821"}],"curies":[{"name":"wp","href":"https:\/\/api.w.org\/{rel}","templated":true}]}}