{"id":17316,"date":"2019-12-10T14:24:03","date_gmt":"2019-12-10T13:24:03","guid":{"rendered":"https:\/\/recarprofi.cz\/uvod\/?post_type=product&#038;p=17316"},"modified":"2024-04-05T12:26:20","modified_gmt":"2024-04-05T10:26:20","slug":"teleskopicky-kloubovy-nakladac-dieci-agri-pivot-t-60","status":"publish","type":"product","link":"https:\/\/recarprofi.cz\/uvod\/produkt\/teleskopicky-kloubovy-nakladac-dieci-agri-pivot-t-60\/","title":{"rendered":"Teleskopick\u00fd kloubov\u00fd naklada\u010d Dieci Agri Pivot T-60"},"content":{"rendered":"<p>Technick\u00e9 parametry:<\/p>\n<ul>\n<li>Maxim\u00e1ln\u00ed nosnost: 2 250 kg<br \/>\nMaxim\u00e1ln\u00ed dosah: 4,7 m; 1 v\u00fdsuvn\u00e1 sekce, vybaven hydr. paralelogramem<\/li>\n<li>Celkov\u00e1 hmotnost (nezat\u00ed\u017een\u00fd stroj): 6 020 kg<\/li>\n<li>Maxim\u00e1ln\u00ed rychlost 40 km\/h<\/li>\n<li>Rozchod: 1430 mm. Odhlu\u010dn\u011bn\u00ed motoru.<br \/>\nRozm\u011bry: 5400 x 1880 x 2490 mm<\/li>\n<li>Homologace CE<\/li>\n<\/ul>\n<p>Motor<\/p>\n<ul>\n<li>Kubota, model: V3307 STAGE V DCI-2<\/li>\n<li>Po\u010det v\u00e1lc\u016f : 4, vertik\u00e1ln\u00ed ulo\u017een\u00ed. P\u0159epl\u0148ovan\u00fd.<br \/>\nNaftov\u00fd, 4-taktn\u00ed, s elektronicky \u0159\u00edzen\u00fdm vst\u0159ikov\u00e1n\u00edm<br \/>\nMaxim\u00e1ln\u00ed v\u00fdkon: 54,6 kW (73 kon\u00ed) p\u0159i 2600 ot\/min<\/li>\n<li>P\u0159edeh\u0159ev vzduchu; chlazen\u00ed vodou, vzduchov\u00fd filtr s\u00e1n\u00ed se separ\u00e1torem prachu.<br \/>\nObjem: 3 331 cm3. Spl\u0148uje emisn\u00ed normu Stage V\/Tier 4f (Directive EC 2000\/14), filtr pev.\u010d\u00e1stic<\/li>\n<\/ul>\n<p>P\u0159evod:<\/p>\n<ul>\n<li>2-rychlostn\u00ed. Hydrostatick\u00e9 \u010derpadlo s prom\u011bnn\u00fdm pr\u016ftokem<\/li>\n<li>Hydraulick\u00fd motor: plynul\u00e9 automatick\u00e9 nastaven\u00ed<\/li>\n<li>Elektro-hydraulicky ovl\u00e1dan\u00fd reverz s mo\u017enost\u00ed zapnut\u00ed za pohybu stroje<br \/>\nInching ped\u00e1l pro p\u0159esn\u00e9 ovl\u00e1d\u00e1n\u00ed pohybu<\/li>\n<\/ul>\n<p>Hydraulick\u00fd system:<\/p>\n<ul>\n<li>Zubov\u00e9 \u010derpadlo pro \u0159\u00edzen\u00ed a hydraulick\u00e9 funkce.<\/li>\n<li>Pr\u016ftok 101 l\/min. Tlak 23 MPa.<\/li>\n<li>1 hydraulick\u00fd okruh na \u0161pi\u010dce v\u00fdlo\u017en\u00edku (s rychlospojkami)s mo\u017enost\u00ed kontinu\u00e1ln\u00edho pr\u016ftoku oleje.<\/li>\n<\/ul>\n<p>N\u00e1pravy:<\/p>\n<ul>\n<li>N\u00e1pravy: pevn\u00e1 p\u0159edn\u00ed, v\u00fdkyvn\u00e1 zadn\u00ed, 4 koncov\u00e9 planetov\u00e9 p\u0159evody.<\/li>\n<li>Typ \u0159\u00edzen\u00ed : kloubov\u00fd podvozek, celk. \u00fahel zat\u00e1\u010den\u00ed 80\u00b0, s hydraul.\u0159\u00edzen\u00edm (Load Sensing)<br \/>\nBrzdy : v olejov\u00e9 l\u00e1zni na p\u0159edn\u00ed a zadn\u00ed n\u00e1prav\u011b s posilova\u010dem<br \/>\nNegativn\u00ed parkovac\u00ed brzda na obou n\u00e1prav\u00e1ch.<\/li>\n<\/ul>\n<p>Kabina:<\/p>\n<ul>\n<li>ROPS-FOPS homologace. Odpru\u017een\u00e1 na silentbloc\u00edch, ochrana proti hluku, ventil\u00e1tor a topen\u00ed,p\u0159edn\u00ed a zadn\u00ed st\u011bra\u010d s ost\u0159ikova\u010dem, dve\u0159e s dvojit\u00fdm sklem, otev\u00edrateln\u00e1 st\u0159echa, nastaviteln\u00e9 sedadlo s bezpe\u010dnostn\u00edm p\u00e1sem, p\u0159\u00edprava pro r\u00e1dio, nastaviteln\u00fd sloupek \u0159\u00edzen\u00ed, joystick s FNR.<\/li>\n<li>P\u0159\u00edstrojov\u00e1 deska vybavena ukazatelem zat\u00ed\u017een\u00ed, ot\u00e1\u010dkom\u011brem, teplom\u011brem vody, ukazatelem stavu paliva, varovnou kontrolkou teploty vody a oleje, po\u010d\u00edtadlo motohodin, hodiny, LCD display,ukazatel plnosti filtru DPF.<\/li>\n<\/ul>\n<p>Bezpe\u010dnost:<\/p>\n<ul>\n<li>Blokace pohybu ramene p\u0159i p\u0159et\u00ed\u017een\u00ed. Joystick se senzorem lidsk\u00e9 ruky.<br \/>\nStartov\u00e1n\u00ed pouze pokud je za\u0159azen neutr\u00e1l. Bo\u010dn\u00ed a zadn\u00ed zrc\u00e1tka.<br \/>\nJ\u00edzda pouze s obsluhou na seda\u010dce. Bezpe\u010dnostn\u00ed p\u00e1s.<br \/>\nAutomatick\u00e1 aktivace parkovac\u00ed brzdy p\u0159i vypnut\u00ed motoru.Nouzov\u00e9 zastaven\u00ed.<\/li>\n<\/ul>\n<p>Standardn\u00ed v\u00fdbava:<\/p>\n<ul>\n<li>Blokace pohybu ramene p\u0159i p\u0159et\u00ed\u017een\u00ed (povinn\u00e1 v\u00fdbava pro stroje vybaven\u00e9 homologac\u00ed CE)<br \/>\nN\u00e1pravy: pevn\u00e1 p\u0159edn\u00ed, v\u00fdkyvn\u00e1 zadn\u00ed, 4 koncov\u00e9 planetov\u00e9 p\u0159evody, s jednostup\u0148ovou p\u0159evodovkou (30 km\/h). Typ \u0159\u00edzen\u00ed : kloubov\u00fd podvozek, celk. \u00fahel zat\u00e1\u010den\u00ed 80\u00b0, s hydraul.\u0159\u00edzen\u00edm (Load Sensing)<br \/>\nJednop\u00e1kov\u00fd hydraulick\u00fd rozvad\u011b\u010d s proporcion\u00e1ln\u00edm ovl\u00e1d\u00e1n\u00edm v\u0161ech funkc\u00ed a spole\u010dn\u00fdmi funkcemi (Flow Sharing). Hydraulick\u00fd syst\u00e9m uzav\u0159en\u00fd st\u0159ed v\u010d. odtlakov\u00e1n\u00ed rychlospojek.<br \/>\nMechanicky odpru\u017een\u00e9 sedadlo \u0159idi\u010de<br \/>\nTopen\u00ed<br \/>\nDvoj\u010dinn\u00fd hydraulick\u00fd z\u00e1mek<br \/>\nPrav\u00e1 a lev\u00e1 vn\u011bj\u0161\u00ed zrc\u00e1tka<\/li>\n<li>Nosi\u010d n\u00e1\u0159ad\u00ed Dieci<\/li>\n<li>Kola s blatn\u00edky 405\/70-20<\/li>\n<\/ul>\n<p>Kontakt:<\/p>\n<p>info@recarprofi.cz<\/p>\n<p>tel. 603 753 615<\/p>\n","protected":false},"excerpt":{"rendered":"<p>Technick\u00e9 parametry: Maxim\u00e1ln\u00ed nosnost: 2 250 kg Maxim\u00e1ln\u00ed dosah: 4,7 m; 1 v\u00fdsuvn\u00e1 sekce, vybaven hydr. paralelogramem Celkov\u00e1 hmotnost (nezat\u00ed\u017een\u00fd stroj): 6 020 kg Maxim\u00e1ln\u00ed rychlost 40 km\/h Rozchod: 1430 mm. Odhlu\u010dn\u011bn\u00ed motoru. Rozm\u011bry: 5400&hellip;<\/p>\n","protected":false},"featured_media":17309,"comment_status":"open","ping_status":"closed","template":"","meta":[],"product_brand":[],"product_cat":[65],"product_tag":[],"class_list":{"0":"post-17316","1":"product","2":"type-product","3":"status-publish","4":"has-post-thumbnail","6":"product_cat-nakladace","8":"first","9":"instock","10":"sale","11":"taxable","12":"shipping-taxable","13":"purchasable","14":"product-type-simple"},"_links":{"self":[{"href":"https:\/\/recarprofi.cz\/uvod\/wp-json\/wp\/v2\/product\/17316","targetHints":{"allow":["GET"]}}],"collection":[{"href":"https:\/\/recarprofi.cz\/uvod\/wp-json\/wp\/v2\/product"}],"about":[{"href":"https:\/\/recarprofi.cz\/uvod\/wp-json\/wp\/v2\/types\/product"}],"replies":[{"embeddable":true,"href":"https:\/\/recarprofi.cz\/uvod\/wp-json\/wp\/v2\/comments?post=17316"}],"version-history":[{"count":2,"href":"https:\/\/recarprofi.cz\/uvod\/wp-json\/wp\/v2\/product\/17316\/revisions"}],"predecessor-version":[{"id":29208,"href":"https:\/\/recarprofi.cz\/uvod\/wp-json\/wp\/v2\/product\/17316\/revisions\/29208"}],"wp:featuredmedia":[{"embeddable":true,"href":"https:\/\/recarprofi.cz\/uvod\/wp-json\/wp\/v2\/media\/17309"}],"wp:attachment":[{"href":"https:\/\/recarprofi.cz\/uvod\/wp-json\/wp\/v2\/media?parent=17316"}],"wp:term":[{"taxonomy":"product_brand","embeddable":true,"href":"https:\/\/recarprofi.cz\/uvod\/wp-json\/wp\/v2\/product_brand?post=17316"},{"taxonomy":"product_cat","embeddable":true,"href":"https:\/\/recarprofi.cz\/uvod\/wp-json\/wp\/v2\/product_cat?post=17316"},{"taxonomy":"product_tag","embeddable":true,"href":"https:\/\/recarprofi.cz\/uvod\/wp-json\/wp\/v2\/product_tag?post=17316"}],"curies":[{"name":"wp","href":"https:\/\/api.w.org\/{rel}","templated":true}]}}