{"id":17396,"date":"2019-12-12T13:26:49","date_gmt":"2019-12-12T12:26:49","guid":{"rendered":"https:\/\/recarprofi.cz\/uvod\/?post_type=product&#038;p=17396"},"modified":"2022-07-27T08:48:54","modified_gmt":"2022-07-27T06:48:54","slug":"pneu-mitas-5-00-8-8pr-fl-03","status":"publish","type":"product","link":"https:\/\/recarprofi.cz\/uvod\/produkt\/pneu-mitas-5-00-8-8pr-fl-03\/","title":{"rendered":"Pneu Mitas 5.00-8 8PR FL-03"},"content":{"rendered":"<p>Rozm\u011br 5.00-8<\/p>\n<p>Po\u010det pl\u00e1ten 8<\/p>\n<p>Typ vzorku TL-03<\/p>\n","protected":false},"excerpt":{"rendered":"<p>Rozm\u011br 5.00-8 Po\u010det pl\u00e1ten 8 Typ vzorku TL-03<\/p>\n","protected":false},"featured_media":17397,"comment_status":"open","ping_status":"closed","template":"","meta":[],"product_brand":[],"product_cat":[93],"product_tag":[],"class_list":{"0":"post-17396","1":"product","2":"type-product","3":"status-publish","4":"has-post-thumbnail","6":"product_cat-prumyslove-pneumatiky","8":"first","9":"instock","10":"taxable","11":"shipping-taxable","12":"purchasable","13":"product-type-simple"},"_links":{"self":[{"href":"https:\/\/recarprofi.cz\/uvod\/wp-json\/wp\/v2\/product\/17396","targetHints":{"allow":["GET"]}}],"collection":[{"href":"https:\/\/recarprofi.cz\/uvod\/wp-json\/wp\/v2\/product"}],"about":[{"href":"https:\/\/recarprofi.cz\/uvod\/wp-json\/wp\/v2\/types\/product"}],"replies":[{"embeddable":true,"href":"https:\/\/recarprofi.cz\/uvod\/wp-json\/wp\/v2\/comments?post=17396"}],"version-history":[{"count":1,"href":"https:\/\/recarprofi.cz\/uvod\/wp-json\/wp\/v2\/product\/17396\/revisions"}],"predecessor-version":[{"id":24519,"href":"https:\/\/recarprofi.cz\/uvod\/wp-json\/wp\/v2\/product\/17396\/revisions\/24519"}],"wp:featuredmedia":[{"embeddable":true,"href":"https:\/\/recarprofi.cz\/uvod\/wp-json\/wp\/v2\/media\/17397"}],"wp:attachment":[{"href":"https:\/\/recarprofi.cz\/uvod\/wp-json\/wp\/v2\/media?parent=17396"}],"wp:term":[{"taxonomy":"product_brand","embeddable":true,"href":"https:\/\/recarprofi.cz\/uvod\/wp-json\/wp\/v2\/product_brand?post=17396"},{"taxonomy":"product_cat","embeddable":true,"href":"https:\/\/recarprofi.cz\/uvod\/wp-json\/wp\/v2\/product_cat?post=17396"},{"taxonomy":"product_tag","embeddable":true,"href":"https:\/\/recarprofi.cz\/uvod\/wp-json\/wp\/v2\/product_tag?post=17396"}],"curies":[{"name":"wp","href":"https:\/\/api.w.org\/{rel}","templated":true}]}}