{"id":17400,"date":"2019-12-12T13:37:09","date_gmt":"2019-12-12T12:37:09","guid":{"rendered":"https:\/\/recarprofi.cz\/uvod\/?post_type=product&#038;p=17400"},"modified":"2022-07-27T08:50:24","modified_gmt":"2022-07-27T06:50:24","slug":"pneu-mitas-5-00-8-8pr-fl-08-tt","status":"publish","type":"product","link":"https:\/\/recarprofi.cz\/uvod\/produkt\/pneu-mitas-5-00-8-8pr-fl-08-tt\/","title":{"rendered":"Pneu Mitas 5.00-8 8PR FL-08 TT"},"content":{"rendered":"<p>Rozm\u011br 5.00-8<\/p>\n<p>Po\u010det pl\u00e1ten 8<\/p>\n<p>Typ vzorku FL-08<\/p>\n<p>Du\u0161ov\u00e9 proveden\u00ed<\/p>\n","protected":false},"excerpt":{"rendered":"<p>Rozm\u011br 5.00-8 Po\u010det pl\u00e1ten 8 Typ vzorku FL-08 Du\u0161ov\u00e9 proveden\u00ed<\/p>\n","protected":false},"featured_media":17401,"comment_status":"open","ping_status":"closed","template":"","meta":[],"product_brand":[],"product_cat":[93],"product_tag":[],"class_list":{"0":"post-17400","1":"product","2":"type-product","3":"status-publish","4":"has-post-thumbnail","6":"product_cat-prumyslove-pneumatiky","8":"first","9":"instock","10":"taxable","11":"shipping-taxable","12":"purchasable","13":"product-type-simple"},"_links":{"self":[{"href":"https:\/\/recarprofi.cz\/uvod\/wp-json\/wp\/v2\/product\/17400","targetHints":{"allow":["GET"]}}],"collection":[{"href":"https:\/\/recarprofi.cz\/uvod\/wp-json\/wp\/v2\/product"}],"about":[{"href":"https:\/\/recarprofi.cz\/uvod\/wp-json\/wp\/v2\/types\/product"}],"replies":[{"embeddable":true,"href":"https:\/\/recarprofi.cz\/uvod\/wp-json\/wp\/v2\/comments?post=17400"}],"version-history":[{"count":1,"href":"https:\/\/recarprofi.cz\/uvod\/wp-json\/wp\/v2\/product\/17400\/revisions"}],"predecessor-version":[{"id":24520,"href":"https:\/\/recarprofi.cz\/uvod\/wp-json\/wp\/v2\/product\/17400\/revisions\/24520"}],"wp:featuredmedia":[{"embeddable":true,"href":"https:\/\/recarprofi.cz\/uvod\/wp-json\/wp\/v2\/media\/17401"}],"wp:attachment":[{"href":"https:\/\/recarprofi.cz\/uvod\/wp-json\/wp\/v2\/media?parent=17400"}],"wp:term":[{"taxonomy":"product_brand","embeddable":true,"href":"https:\/\/recarprofi.cz\/uvod\/wp-json\/wp\/v2\/product_brand?post=17400"},{"taxonomy":"product_cat","embeddable":true,"href":"https:\/\/recarprofi.cz\/uvod\/wp-json\/wp\/v2\/product_cat?post=17400"},{"taxonomy":"product_tag","embeddable":true,"href":"https:\/\/recarprofi.cz\/uvod\/wp-json\/wp\/v2\/product_tag?post=17400"}],"curies":[{"name":"wp","href":"https:\/\/api.w.org\/{rel}","templated":true}]}}