{"id":17402,"date":"2019-12-12T13:43:23","date_gmt":"2019-12-12T12:43:23","guid":{"rendered":"https:\/\/recarprofi.cz\/uvod\/?post_type=product&#038;p=17402"},"modified":"2024-02-15T15:54:34","modified_gmt":"2024-02-15T14:54:34","slug":"duse-5-00-8-v6-02-2","status":"publish","type":"product","link":"https:\/\/recarprofi.cz\/uvod\/produkt\/duse-5-00-8-v6-02-2\/","title":{"rendered":"Du\u0161e 5.00-8 V6.02.2"},"content":{"rendered":"<p>Rozm\u011br 5.00-8<\/p>\n<p>Ventil V6.02.2 kovov\u00fd, 1 x zahnut\u00fd<\/p>\n<p>&nbsp;<\/p>\n","protected":false},"excerpt":{"rendered":"<p>Rozm\u011br 5.00-8 Ventil V6.02.2 kovov\u00fd, 1 x zahnut\u00fd &nbsp;<\/p>\n","protected":false},"featured_media":17384,"comment_status":"closed","ping_status":"closed","template":"","meta":[],"product_brand":[],"product_cat":[93],"product_tag":[],"class_list":{"0":"post-17402","1":"product","2":"type-product","3":"status-publish","4":"has-post-thumbnail","6":"product_cat-prumyslove-pneumatiky","8":"first","9":"instock","10":"taxable","11":"shipping-taxable","12":"purchasable","13":"product-type-simple"},"_links":{"self":[{"href":"https:\/\/recarprofi.cz\/uvod\/wp-json\/wp\/v2\/product\/17402","targetHints":{"allow":["GET"]}}],"collection":[{"href":"https:\/\/recarprofi.cz\/uvod\/wp-json\/wp\/v2\/product"}],"about":[{"href":"https:\/\/recarprofi.cz\/uvod\/wp-json\/wp\/v2\/types\/product"}],"replies":[{"embeddable":true,"href":"https:\/\/recarprofi.cz\/uvod\/wp-json\/wp\/v2\/comments?post=17402"}],"version-history":[{"count":1,"href":"https:\/\/recarprofi.cz\/uvod\/wp-json\/wp\/v2\/product\/17402\/revisions"}],"predecessor-version":[{"id":24825,"href":"https:\/\/recarprofi.cz\/uvod\/wp-json\/wp\/v2\/product\/17402\/revisions\/24825"}],"wp:featuredmedia":[{"embeddable":true,"href":"https:\/\/recarprofi.cz\/uvod\/wp-json\/wp\/v2\/media\/17384"}],"wp:attachment":[{"href":"https:\/\/recarprofi.cz\/uvod\/wp-json\/wp\/v2\/media?parent=17402"}],"wp:term":[{"taxonomy":"product_brand","embeddable":true,"href":"https:\/\/recarprofi.cz\/uvod\/wp-json\/wp\/v2\/product_brand?post=17402"},{"taxonomy":"product_cat","embeddable":true,"href":"https:\/\/recarprofi.cz\/uvod\/wp-json\/wp\/v2\/product_cat?post=17402"},{"taxonomy":"product_tag","embeddable":true,"href":"https:\/\/recarprofi.cz\/uvod\/wp-json\/wp\/v2\/product_tag?post=17402"}],"curies":[{"name":"wp","href":"https:\/\/api.w.org\/{rel}","templated":true}]}}