{"id":17408,"date":"2019-12-12T14:32:21","date_gmt":"2019-12-12T13:32:21","guid":{"rendered":"https:\/\/recarprofi.cz\/uvod\/?post_type=product&#038;p=17408"},"modified":"2024-02-15T15:53:08","modified_gmt":"2024-02-15T14:53:08","slug":"duse-6-00-9-tr87","status":"publish","type":"product","link":"https:\/\/recarprofi.cz\/uvod\/produkt\/duse-6-00-9-tr87\/","title":{"rendered":"Du\u0161e 6.00-9 TR87"},"content":{"rendered":"<p>Rozm\u011br 6.00-9<\/p>\n<p>Ventil TR 87, kovov\u00fd, 1 x zahnut\u00fd<\/p>\n","protected":false},"excerpt":{"rendered":"<p>Rozm\u011br 6.00-9 Ventil TR 87, kovov\u00fd, 1 x zahnut\u00fd<\/p>\n","protected":false},"featured_media":17384,"comment_status":"closed","ping_status":"closed","template":"","meta":[],"product_brand":[],"product_cat":[93],"product_tag":[],"class_list":{"0":"post-17408","1":"product","2":"type-product","3":"status-publish","4":"has-post-thumbnail","6":"product_cat-prumyslove-pneumatiky","8":"first","9":"instock","10":"taxable","11":"shipping-taxable","12":"purchasable","13":"product-type-simple"},"_links":{"self":[{"href":"https:\/\/recarprofi.cz\/uvod\/wp-json\/wp\/v2\/product\/17408","targetHints":{"allow":["GET"]}}],"collection":[{"href":"https:\/\/recarprofi.cz\/uvod\/wp-json\/wp\/v2\/product"}],"about":[{"href":"https:\/\/recarprofi.cz\/uvod\/wp-json\/wp\/v2\/types\/product"}],"replies":[{"embeddable":true,"href":"https:\/\/recarprofi.cz\/uvod\/wp-json\/wp\/v2\/comments?post=17408"}],"version-history":[{"count":1,"href":"https:\/\/recarprofi.cz\/uvod\/wp-json\/wp\/v2\/product\/17408\/revisions"}],"predecessor-version":[{"id":24826,"href":"https:\/\/recarprofi.cz\/uvod\/wp-json\/wp\/v2\/product\/17408\/revisions\/24826"}],"wp:featuredmedia":[{"embeddable":true,"href":"https:\/\/recarprofi.cz\/uvod\/wp-json\/wp\/v2\/media\/17384"}],"wp:attachment":[{"href":"https:\/\/recarprofi.cz\/uvod\/wp-json\/wp\/v2\/media?parent=17408"}],"wp:term":[{"taxonomy":"product_brand","embeddable":true,"href":"https:\/\/recarprofi.cz\/uvod\/wp-json\/wp\/v2\/product_brand?post=17408"},{"taxonomy":"product_cat","embeddable":true,"href":"https:\/\/recarprofi.cz\/uvod\/wp-json\/wp\/v2\/product_cat?post=17408"},{"taxonomy":"product_tag","embeddable":true,"href":"https:\/\/recarprofi.cz\/uvod\/wp-json\/wp\/v2\/product_tag?post=17408"}],"curies":[{"name":"wp","href":"https:\/\/api.w.org\/{rel}","templated":true}]}}