{"id":17531,"date":"2019-12-16T08:18:23","date_gmt":"2019-12-16T07:18:23","guid":{"rendered":"https:\/\/recarprofi.cz\/uvod\/?post_type=product&#038;p=17531"},"modified":"2022-07-27T09:00:53","modified_gmt":"2022-07-27T07:00:53","slug":"pneu-continental-6-50-10-14pr-ic10-tt","status":"publish","type":"product","link":"https:\/\/recarprofi.cz\/uvod\/produkt\/pneu-continental-6-50-10-14pr-ic10-tt\/","title":{"rendered":"Pneu Continental 6.50-10 14PR IC10 TT"},"content":{"rendered":"<p class=\" no-margin\">Univerz\u00e1ln\u00ed pneumatika pro v\u0161echny kolov\u00e9 pozice.<\/p>\n<div class=\"ci-intro-inner\">\n<div>\n<div class=\"ci-spacer\">\n<div id=\"407012\">\n<p>IC10 je d\u00edky sv\u00e9 robustn\u00ed konstrukci odoln\u00e1 proti prora\u017een\u00ed b\u011bhounu.<\/p>\n<div class=\"ci-richtext js-product-teaser-bullet-points\">\n<ul class=\"rte--list rte--list\">\n<li>Ochrana proti po\u0161kozen\u00ed<\/li>\n<li>Dobr\u00fd j\u00edzdn\u00ed komfort<\/li>\n<li>Dobr\u00e9 odpru\u017een\u00ed<\/li>\n<li>Rozm\u011br 6.50-10<\/li>\n<li>Po\u010det pl\u00e1ten 14<\/li>\n<\/ul>\n<\/div>\n<\/div>\n<\/div>\n<\/div>\n<\/div>\n","protected":false},"excerpt":{"rendered":"<p>Univerz\u00e1ln\u00ed pneumatika pro v\u0161echny kolov\u00e9 pozice. IC10 je d\u00edky sv\u00e9 robustn\u00ed konstrukci odoln\u00e1 proti prora\u017een\u00ed b\u011bhounu. Ochrana proti po\u0161kozen\u00ed Dobr\u00fd j\u00edzdn\u00ed komfort Dobr\u00e9 odpru\u017een\u00ed Rozm\u011br 6.50-10 Po\u010det pl\u00e1ten 14<\/p>\n","protected":false},"featured_media":17393,"comment_status":"open","ping_status":"closed","template":"","meta":[],"product_brand":[],"product_cat":[93],"product_tag":[],"class_list":{"0":"post-17531","1":"product","2":"type-product","3":"status-publish","4":"has-post-thumbnail","6":"product_cat-prumyslove-pneumatiky","8":"first","9":"instock","10":"taxable","11":"shipping-taxable","12":"purchasable","13":"product-type-simple"},"_links":{"self":[{"href":"https:\/\/recarprofi.cz\/uvod\/wp-json\/wp\/v2\/product\/17531","targetHints":{"allow":["GET"]}}],"collection":[{"href":"https:\/\/recarprofi.cz\/uvod\/wp-json\/wp\/v2\/product"}],"about":[{"href":"https:\/\/recarprofi.cz\/uvod\/wp-json\/wp\/v2\/types\/product"}],"replies":[{"embeddable":true,"href":"https:\/\/recarprofi.cz\/uvod\/wp-json\/wp\/v2\/comments?post=17531"}],"version-history":[{"count":1,"href":"https:\/\/recarprofi.cz\/uvod\/wp-json\/wp\/v2\/product\/17531\/revisions"}],"predecessor-version":[{"id":24529,"href":"https:\/\/recarprofi.cz\/uvod\/wp-json\/wp\/v2\/product\/17531\/revisions\/24529"}],"wp:featuredmedia":[{"embeddable":true,"href":"https:\/\/recarprofi.cz\/uvod\/wp-json\/wp\/v2\/media\/17393"}],"wp:attachment":[{"href":"https:\/\/recarprofi.cz\/uvod\/wp-json\/wp\/v2\/media?parent=17531"}],"wp:term":[{"taxonomy":"product_brand","embeddable":true,"href":"https:\/\/recarprofi.cz\/uvod\/wp-json\/wp\/v2\/product_brand?post=17531"},{"taxonomy":"product_cat","embeddable":true,"href":"https:\/\/recarprofi.cz\/uvod\/wp-json\/wp\/v2\/product_cat?post=17531"},{"taxonomy":"product_tag","embeddable":true,"href":"https:\/\/recarprofi.cz\/uvod\/wp-json\/wp\/v2\/product_tag?post=17531"}],"curies":[{"name":"wp","href":"https:\/\/api.w.org\/{rel}","templated":true}]}}