{"id":17576,"date":"2019-12-17T08:13:20","date_gmt":"2019-12-17T07:13:20","guid":{"rendered":"https:\/\/recarprofi.cz\/uvod\/?post_type=product&#038;p=17576"},"modified":"2022-07-27T09:13:32","modified_gmt":"2022-07-27T07:13:32","slug":"pneu-continental-23x5-6pr-ic40-tt","status":"publish","type":"product","link":"https:\/\/recarprofi.cz\/uvod\/produkt\/pneu-continental-23x5-6pr-ic40-tt\/","title":{"rendered":"Pneu Continental 23&#215;5 6PR IC40 TT"},"content":{"rendered":"<p class=\" no-margin\">Pro n\u00e1ro\u010dn\u00e9 aplikace v t\u011b\u017ek\u00fdch podm\u00ednk\u00e1ch.<\/p>\n<div class=\"ci-intro-inner\">\n<div class=\"ci-spacer\">\n<div id=\"406506\">\n<h4>IC40 Extra deep je pneumatika pro n\u00e1ro\u010dn\u00e9 aplikace, kde jsou vysok\u00fd motohodinov\u00fd v\u00fdkon a \u017eivotnost rozhoduj\u00edc\u00ed.<\/h4>\n<div class=\"ci-richtext js-product-teaser-bullet-points\">\n<ul class=\"rte--list rte--list\">\n<li>Vysok\u00e1 stabilita pneumatiky<\/li>\n<li>Vysok\u00e1 stabilita bo\u010dnice<\/li>\n<li>Velk\u00e1 kapacita zat\u00ed\u017een\u00ed<\/li>\n<li>Zv\u00fd\u0161en\u00fd motohodinov\u00fd v\u00fdkon<\/li>\n<li>Vy\u0161\u0161\u00ed odolnost proti po\u0161kozen\u00ed<\/li>\n<li>Rozm\u011br 23&#215;5<\/li>\n<li>Po\u010det pl\u00e1ten 6<\/li>\n<li>Du\u0161ov\u00e9 proveden\u00ed<\/li>\n<\/ul>\n<\/div>\n<\/div>\n<\/div>\n<\/div>\n","protected":false},"excerpt":{"rendered":"<p>Pro n\u00e1ro\u010dn\u00e9 aplikace v t\u011b\u017ek\u00fdch podm\u00ednk\u00e1ch. IC40 Extra deep je pneumatika pro n\u00e1ro\u010dn\u00e9 aplikace, kde jsou vysok\u00fd motohodinov\u00fd v\u00fdkon a \u017eivotnost rozhoduj\u00edc\u00ed. Vysok\u00e1 stabilita pneumatiky Vysok\u00e1 stabilita bo\u010dnice Velk\u00e1 kapacita zat\u00ed\u017een\u00ed Zv\u00fd\u0161en\u00fd motohodinov\u00fd v\u00fdkon Vy\u0161\u0161\u00ed&hellip;<\/p>\n","protected":false},"featured_media":17395,"comment_status":"open","ping_status":"closed","template":"","meta":[],"product_brand":[],"product_cat":[93],"product_tag":[],"class_list":{"0":"post-17576","1":"product","2":"type-product","3":"status-publish","4":"has-post-thumbnail","6":"product_cat-prumyslove-pneumatiky","8":"first","9":"instock","10":"taxable","11":"shipping-taxable","12":"purchasable","13":"product-type-simple"},"_links":{"self":[{"href":"https:\/\/recarprofi.cz\/uvod\/wp-json\/wp\/v2\/product\/17576","targetHints":{"allow":["GET"]}}],"collection":[{"href":"https:\/\/recarprofi.cz\/uvod\/wp-json\/wp\/v2\/product"}],"about":[{"href":"https:\/\/recarprofi.cz\/uvod\/wp-json\/wp\/v2\/types\/product"}],"replies":[{"embeddable":true,"href":"https:\/\/recarprofi.cz\/uvod\/wp-json\/wp\/v2\/comments?post=17576"}],"version-history":[{"count":1,"href":"https:\/\/recarprofi.cz\/uvod\/wp-json\/wp\/v2\/product\/17576\/revisions"}],"predecessor-version":[{"id":24539,"href":"https:\/\/recarprofi.cz\/uvod\/wp-json\/wp\/v2\/product\/17576\/revisions\/24539"}],"wp:featuredmedia":[{"embeddable":true,"href":"https:\/\/recarprofi.cz\/uvod\/wp-json\/wp\/v2\/media\/17395"}],"wp:attachment":[{"href":"https:\/\/recarprofi.cz\/uvod\/wp-json\/wp\/v2\/media?parent=17576"}],"wp:term":[{"taxonomy":"product_brand","embeddable":true,"href":"https:\/\/recarprofi.cz\/uvod\/wp-json\/wp\/v2\/product_brand?post=17576"},{"taxonomy":"product_cat","embeddable":true,"href":"https:\/\/recarprofi.cz\/uvod\/wp-json\/wp\/v2\/product_cat?post=17576"},{"taxonomy":"product_tag","embeddable":true,"href":"https:\/\/recarprofi.cz\/uvod\/wp-json\/wp\/v2\/product_tag?post=17576"}],"curies":[{"name":"wp","href":"https:\/\/api.w.org\/{rel}","templated":true}]}}