{"id":17604,"date":"2019-12-17T14:33:37","date_gmt":"2019-12-17T13:33:37","guid":{"rendered":"https:\/\/recarprofi.cz\/uvod\/?post_type=product&#038;p=17604"},"modified":"2022-07-27T10:41:25","modified_gmt":"2022-07-27T08:41:25","slug":"pneu-mitas-8-25-15-18pr-fl-08-tt","status":"publish","type":"product","link":"https:\/\/recarprofi.cz\/uvod\/produkt\/pneu-mitas-8-25-15-18pr-fl-08-tt\/","title":{"rendered":"Pneu Mitas 8.25-15 18PR FL-08 TT"},"content":{"rendered":"<p>Rozm\u011br pneu 8.25-15<\/p>\n<p>Po\u010det pl\u00e1ten 18<\/p>\n<p>Du\u0161ov\u00e9 proveden\u00ed<\/p>\n","protected":false},"excerpt":{"rendered":"<p>Rozm\u011br pneu 8.25-15 Po\u010det pl\u00e1ten 18 Du\u0161ov\u00e9 proveden\u00ed<\/p>\n","protected":false},"featured_media":17401,"comment_status":"open","ping_status":"closed","template":"","meta":[],"product_brand":[],"product_cat":[93],"product_tag":[],"class_list":{"0":"post-17604","1":"product","2":"type-product","3":"status-publish","4":"has-post-thumbnail","6":"product_cat-prumyslove-pneumatiky","8":"first","9":"instock","10":"taxable","11":"shipping-taxable","12":"purchasable","13":"product-type-simple"},"_links":{"self":[{"href":"https:\/\/recarprofi.cz\/uvod\/wp-json\/wp\/v2\/product\/17604","targetHints":{"allow":["GET"]}}],"collection":[{"href":"https:\/\/recarprofi.cz\/uvod\/wp-json\/wp\/v2\/product"}],"about":[{"href":"https:\/\/recarprofi.cz\/uvod\/wp-json\/wp\/v2\/types\/product"}],"replies":[{"embeddable":true,"href":"https:\/\/recarprofi.cz\/uvod\/wp-json\/wp\/v2\/comments?post=17604"}],"version-history":[{"count":1,"href":"https:\/\/recarprofi.cz\/uvod\/wp-json\/wp\/v2\/product\/17604\/revisions"}],"predecessor-version":[{"id":24560,"href":"https:\/\/recarprofi.cz\/uvod\/wp-json\/wp\/v2\/product\/17604\/revisions\/24560"}],"wp:featuredmedia":[{"embeddable":true,"href":"https:\/\/recarprofi.cz\/uvod\/wp-json\/wp\/v2\/media\/17401"}],"wp:attachment":[{"href":"https:\/\/recarprofi.cz\/uvod\/wp-json\/wp\/v2\/media?parent=17604"}],"wp:term":[{"taxonomy":"product_brand","embeddable":true,"href":"https:\/\/recarprofi.cz\/uvod\/wp-json\/wp\/v2\/product_brand?post=17604"},{"taxonomy":"product_cat","embeddable":true,"href":"https:\/\/recarprofi.cz\/uvod\/wp-json\/wp\/v2\/product_cat?post=17604"},{"taxonomy":"product_tag","embeddable":true,"href":"https:\/\/recarprofi.cz\/uvod\/wp-json\/wp\/v2\/product_tag?post=17604"}],"curies":[{"name":"wp","href":"https:\/\/api.w.org\/{rel}","templated":true}]}}