{"id":19367,"date":"2020-02-07T09:05:49","date_gmt":"2020-02-07T08:05:49","guid":{"rendered":"https:\/\/recarprofi.cz\/uvod\/?post_type=product&#038;p=19367"},"modified":"2024-01-24T15:07:34","modified_gmt":"2024-01-24T14:07:34","slug":"cisterna-na-pitnou-vodu-pomot-t-507-5-5","status":"publish","type":"product","link":"https:\/\/recarprofi.cz\/uvod\/produkt\/cisterna-na-pitnou-vodu-pomot-t-507-5-5\/","title":{"rendered":"Cisterna na pitnou vodu Pomot T-507\/5 (objem 6700 L)"},"content":{"rendered":"<p><strong>Traktorov\u00e1 cisterna pro p\u0159evoz pitn\u00e9 vody POMOT T 507\/5 o objemu 6 700 litr\u016f.<\/strong><\/p>\n<ol>\n<li><strong>N\u00e1dr\u017e vyrobena z plechu s\u00edly 4 mm.<\/strong><\/li>\n<li><strong>Konstrukce vozu samonosn\u00e1.<\/strong><\/li>\n<li><strong>N\u00e1dr\u017e vn\u011b i uvnit\u0159 \u017e\u00e1rov\u011b pozinkov\u00e1na.<\/strong><\/li>\n<li><strong>Pozinkovan\u00fd povlak s atestem pro pitnou vodu.<\/strong><\/li>\n<li><strong>Pozinkov\u00e1na ta\u017en\u00e1 oj.<\/strong><\/li>\n<li><strong>Jedna n\u00e1prava, dv\u011b kola.<\/strong><\/li>\n<li><strong>Spodn\u00ed v\u00fdpustn\u00fd kulov\u00fd ventil.<\/strong><\/li>\n<li><strong>Pln\u00edc\u00ed vpus\u0165 zakon\u010den\u00e1 hasi\u010dsk\u00fdm bajonetem W52 na horn\u00ed \u010d\u00e1sti n\u00e1dr\u017ee.<\/strong><\/li>\n<li><strong>Horn\u00ed v\u00edko \u00f8 500 mm napou\u0161t\u011bc\u00ed.<\/strong><\/li>\n<li><strong>Kovov\u00e1 sk\u0159\u00ed\u0148ka na n\u00e1\u0159ad\u00ed.<\/strong><\/li>\n<li><strong>Pr\u016fzory napln\u011bn\u00ed z \u010dela n\u00e1dr\u017ee.<\/strong><\/li>\n<li><strong>Blatn\u00edky.<\/strong><\/li>\n<li><strong>Spodn\u00ed z\u00e1v\u011bs Hitch ve v\u00fd\u0161ce 400 mm.<\/strong><\/li>\n<li><strong>Oko z\u00e1v\u011bsu \u0161roubovan\u00e9.<\/strong><\/li>\n<li><strong>Mechanick\u00e1 podp\u016frn\u00e1 noha oje.<\/strong><\/li>\n<li><strong>Sv\u011bteln\u00e1 instalace 12 V se z\u00e1suvkou.<\/strong><\/li>\n<li><strong>Sv\u011bteln\u00e1 instalace spl\u0148uj\u00edc\u00ed podm\u00ednky provozu po pozemn\u00edch komunikac\u00edch v \u010cesk\u00e9 republice se<\/strong><br \/>\n<strong>sklopn\u00fdmi sv\u00edtilnami v ochrann\u00e9 m\u0159\u00ed\u017ece.<\/strong><\/li>\n<li><strong>Brzdy &#8211; dvouhadicov\u00fd syst\u00e9m pneumatick\u00fd.<\/strong><\/li>\n<li><strong>Ru\u010dn\u00ed parkovac\u00ed brzda.<\/strong><\/li>\n<li><strong>P\u0159epadov\u00e9 potrub\u00ed.<\/strong><\/li>\n<li><strong>Piktogram s ozna\u010den\u00edm \u201ePITN\u00c1 VODA\u201d.<\/strong><\/li>\n<\/ol>\n<p>&nbsp;<\/p>\n<table>\n<tbody>\n<tr>\n<td><strong>Rychlost<\/strong><\/td>\n<td><strong>25 km\/h<\/strong><\/td>\n<\/tr>\n<tr>\n<td><strong>Objem n\u00e1dr\u017ee<\/strong><\/td>\n<td><strong>6700 l<\/strong><\/td>\n<\/tr>\n<tr>\n<td><strong>S\u00edla n\u00e1dr\u017ee<\/strong><\/td>\n<td><strong>4 mm<\/strong><\/td>\n<\/tr>\n<tr>\n<td><strong>Kola<\/strong><\/td>\n<td><strong>400Rx22,5<\/strong><\/td>\n<\/tr>\n<\/tbody>\n<\/table>\n","protected":false},"excerpt":{"rendered":"<p>Traktorov\u00e1 cisterna pro p\u0159evoz pitn\u00e9 vody POMOT T 507\/5 o objemu 6 700 litr\u016f. N\u00e1dr\u017e vyrobena z plechu s\u00edly 4 mm. Konstrukce vozu samonosn\u00e1. N\u00e1dr\u017e vn\u011b i uvnit\u0159 \u017e\u00e1rov\u011b pozinkov\u00e1na. Pozinkovan\u00fd povlak s atestem pro&hellip;<\/p>\n","protected":false},"featured_media":19361,"comment_status":"closed","ping_status":"closed","template":"","meta":[],"product_brand":[],"product_cat":[96],"product_tag":[],"class_list":{"0":"post-19367","1":"product","2":"type-product","3":"status-publish","4":"has-post-thumbnail","6":"product_cat-cisterny","8":"first","9":"instock","10":"taxable","11":"shipping-taxable","12":"purchasable","13":"product-type-simple"},"_links":{"self":[{"href":"https:\/\/recarprofi.cz\/uvod\/wp-json\/wp\/v2\/product\/19367","targetHints":{"allow":["GET"]}}],"collection":[{"href":"https:\/\/recarprofi.cz\/uvod\/wp-json\/wp\/v2\/product"}],"about":[{"href":"https:\/\/recarprofi.cz\/uvod\/wp-json\/wp\/v2\/types\/product"}],"replies":[{"embeddable":true,"href":"https:\/\/recarprofi.cz\/uvod\/wp-json\/wp\/v2\/comments?post=19367"}],"version-history":[{"count":2,"href":"https:\/\/recarprofi.cz\/uvod\/wp-json\/wp\/v2\/product\/19367\/revisions"}],"predecessor-version":[{"id":24689,"href":"https:\/\/recarprofi.cz\/uvod\/wp-json\/wp\/v2\/product\/19367\/revisions\/24689"}],"wp:featuredmedia":[{"embeddable":true,"href":"https:\/\/recarprofi.cz\/uvod\/wp-json\/wp\/v2\/media\/19361"}],"wp:attachment":[{"href":"https:\/\/recarprofi.cz\/uvod\/wp-json\/wp\/v2\/media?parent=19367"}],"wp:term":[{"taxonomy":"product_brand","embeddable":true,"href":"https:\/\/recarprofi.cz\/uvod\/wp-json\/wp\/v2\/product_brand?post=19367"},{"taxonomy":"product_cat","embeddable":true,"href":"https:\/\/recarprofi.cz\/uvod\/wp-json\/wp\/v2\/product_cat?post=19367"},{"taxonomy":"product_tag","embeddable":true,"href":"https:\/\/recarprofi.cz\/uvod\/wp-json\/wp\/v2\/product_tag?post=19367"}],"curies":[{"name":"wp","href":"https:\/\/api.w.org\/{rel}","templated":true}]}}