{"id":19376,"date":"2020-02-07T09:34:47","date_gmt":"2020-02-07T08:34:47","guid":{"rendered":"https:\/\/recarprofi.cz\/uvod\/?post_type=product&#038;p=19376"},"modified":"2024-01-24T15:11:34","modified_gmt":"2024-01-24T14:11:34","slug":"cisterna-pro-napajeni-zvirat-pomot-t-507-4-3","status":"publish","type":"product","link":"https:\/\/recarprofi.cz\/uvod\/produkt\/cisterna-pro-napajeni-zvirat-pomot-t-507-4-3\/","title":{"rendered":"Cisterna pro nap\u00e1jen\u00ed zv\u00ed\u0159at Pomot T-507\/4 (objem 4000 L)"},"content":{"rendered":"<p><strong>Traktorov\u00e1 nap\u00e1je\u010dka zv\u00ed\u0159at POMOT T 507\/4 o objemu 4000 litr\u016f.<\/strong><\/p>\n<ol>\n<li><strong>N\u00e1dr\u017e vyrobena z plechu s\u00edly 3 mm.<\/strong><\/li>\n<li><strong>N\u00e1dr\u017e vn\u011b i uvnit\u0159 \u017e\u00e1rov\u011b pozinkov\u00e1na.<\/strong><\/li>\n<li><strong>Konstrukce samonosn\u00e1.<\/strong><\/li>\n<li><strong>Pozinkov\u00e1na ta\u017en\u00e1 oj.<\/strong><\/li>\n<li><strong>Jedna n\u00e1prava, dv\u011b kola.<\/strong><\/li>\n<li><strong>3 korytov\u00e9 napajedla pro zv\u00ed\u0159ata se samo\u010dinn\u00fdm dopl\u0148ov\u00e1n\u00edm hladiny vody.<\/strong><\/li>\n<li><strong>Horn\u00ed v\u00edko \u00f8 500 mm pro pln\u011bn\u00ed.<\/strong><\/li>\n<li><strong>Spodn\u00ed z\u00e1v\u011bs Hitch ve v\u00fd\u0161ce 400 mm.<\/strong><\/li>\n<li><strong>Oko z\u00e1v\u011bsu \u0161roubovan\u00e9.<\/strong><\/li>\n<li><strong>Mechanick\u00e1 podp\u016frn\u00e1 noha oje.<\/strong><\/li>\n<li><strong>Ru\u010dn\u00ed parkovac\u00ed brzda.<\/strong><\/li>\n<li><strong>Ochrann\u00e1 bariera br\u00e1n\u00edc\u00ed p\u0159echodu zv\u00ed\u0159at p\u0159es ta\u017enou oj.<\/strong><\/li>\n<li><strong>P\u0159epravn\u00ed rychlost 25 km\/h.<\/strong><\/li>\n<\/ol>\n<p><strong>Technick\u00e9 parametry:<\/strong><\/p>\n<table>\n<tbody>\n<tr>\n<td><strong>Rozchod kol<\/strong><\/td>\n<td><strong>1500 mm<\/strong><\/td>\n<\/tr>\n<tr>\n<td><strong>P\u0159epravn\u00ed rychlost<\/strong><\/td>\n<td><strong>25 km\/h<\/strong><\/td>\n<\/tr>\n<tr>\n<td><strong>Kola<\/strong><\/td>\n<td><strong>400\/60\u00d715,5<\/strong><\/td>\n<\/tr>\n<tr>\n<td><strong>Celkov\u00e9 rozm\u011bry (dx\u0161xv)<\/strong><\/td>\n<td><strong>4,6 x 1,75 x 2 m<\/strong><\/td>\n<\/tr>\n<tr>\n<td><strong>Hmotnost<\/strong><\/td>\n<td><strong>1000 kg<\/strong><\/td>\n<\/tr>\n<\/tbody>\n<\/table>\n","protected":false},"excerpt":{"rendered":"<p>Traktorov\u00e1 nap\u00e1je\u010dka zv\u00ed\u0159at POMOT T 507\/4 o objemu 4000 litr\u016f. N\u00e1dr\u017e vyrobena z plechu s\u00edly 3 mm. N\u00e1dr\u017e vn\u011b i uvnit\u0159 \u017e\u00e1rov\u011b pozinkov\u00e1na. Konstrukce samonosn\u00e1. Pozinkov\u00e1na ta\u017en\u00e1 oj. Jedna n\u00e1prava, dv\u011b kola. 3 korytov\u00e9 napajedla&hellip;<\/p>\n","protected":false},"featured_media":19372,"comment_status":"closed","ping_status":"closed","template":"","meta":[],"product_brand":[],"product_cat":[96],"product_tag":[],"class_list":{"0":"post-19376","1":"product","2":"type-product","3":"status-publish","4":"has-post-thumbnail","6":"product_cat-cisterny","8":"first","9":"instock","10":"taxable","11":"shipping-taxable","12":"purchasable","13":"product-type-simple"},"_links":{"self":[{"href":"https:\/\/recarprofi.cz\/uvod\/wp-json\/wp\/v2\/product\/19376","targetHints":{"allow":["GET"]}}],"collection":[{"href":"https:\/\/recarprofi.cz\/uvod\/wp-json\/wp\/v2\/product"}],"about":[{"href":"https:\/\/recarprofi.cz\/uvod\/wp-json\/wp\/v2\/types\/product"}],"replies":[{"embeddable":true,"href":"https:\/\/recarprofi.cz\/uvod\/wp-json\/wp\/v2\/comments?post=19376"}],"version-history":[{"count":2,"href":"https:\/\/recarprofi.cz\/uvod\/wp-json\/wp\/v2\/product\/19376\/revisions"}],"predecessor-version":[{"id":24681,"href":"https:\/\/recarprofi.cz\/uvod\/wp-json\/wp\/v2\/product\/19376\/revisions\/24681"}],"wp:featuredmedia":[{"embeddable":true,"href":"https:\/\/recarprofi.cz\/uvod\/wp-json\/wp\/v2\/media\/19372"}],"wp:attachment":[{"href":"https:\/\/recarprofi.cz\/uvod\/wp-json\/wp\/v2\/media?parent=19376"}],"wp:term":[{"taxonomy":"product_brand","embeddable":true,"href":"https:\/\/recarprofi.cz\/uvod\/wp-json\/wp\/v2\/product_brand?post=19376"},{"taxonomy":"product_cat","embeddable":true,"href":"https:\/\/recarprofi.cz\/uvod\/wp-json\/wp\/v2\/product_cat?post=19376"},{"taxonomy":"product_tag","embeddable":true,"href":"https:\/\/recarprofi.cz\/uvod\/wp-json\/wp\/v2\/product_tag?post=19376"}],"curies":[{"name":"wp","href":"https:\/\/api.w.org\/{rel}","templated":true}]}}