{"id":19397,"date":"2020-02-07T11:46:30","date_gmt":"2020-02-07T10:46:30","guid":{"rendered":"https:\/\/recarprofi.cz\/uvod\/?post_type=product&#038;p=19397"},"modified":"2024-09-03T14:54:29","modified_gmt":"2024-09-03T12:54:29","slug":"cisterna-na-pitnou-vodu-4000-l","status":"publish","type":"product","link":"https:\/\/recarprofi.cz\/uvod\/produkt\/cisterna-na-pitnou-vodu-4000-l\/","title":{"rendered":"Cisterna na pitnou vodu 4000 L"},"content":{"rendered":"<table>\n<tbody>\n<tr>\n<td width=\"77\"><strong>Objem ( L )<\/strong><\/td>\n<td width=\"77\"><strong>4000<\/strong><\/td>\n<\/tr>\n<tr>\n<td width=\"77\"><strong>Pr\u016fm\u011br ( mm )<\/strong><\/td>\n<td width=\"77\"><strong>1300<\/strong><\/td>\n<\/tr>\n<tr>\n<td width=\"77\"><strong>Celkov\u00e1 d\u00e9lka ( mm )<\/strong><\/td>\n<td width=\"77\"><strong>3220<\/strong><\/td>\n<\/tr>\n<tr>\n<td width=\"77\"><strong>Hmotnost ( kg )<\/strong><\/td>\n<td width=\"77\"><strong>345<\/strong><\/td>\n<\/tr>\n<\/tbody>\n<\/table>\n","protected":false},"excerpt":{"rendered":"<p>Objem ( L ) 4000 Pr\u016fm\u011br ( mm ) 1300 Celkov\u00e1 d\u00e9lka ( mm ) 3220 Hmotnost ( kg ) 345<\/p>\n","protected":false},"featured_media":19391,"comment_status":"closed","ping_status":"closed","template":"","meta":[],"product_brand":[],"product_cat":[96],"product_tag":[],"class_list":{"0":"post-19397","1":"product","2":"type-product","3":"status-publish","4":"has-post-thumbnail","6":"product_cat-cisterny","8":"first","9":"instock","10":"taxable","11":"shipping-taxable","12":"purchasable","13":"product-type-simple"},"_links":{"self":[{"href":"https:\/\/recarprofi.cz\/uvod\/wp-json\/wp\/v2\/product\/19397","targetHints":{"allow":["GET"]}}],"collection":[{"href":"https:\/\/recarprofi.cz\/uvod\/wp-json\/wp\/v2\/product"}],"about":[{"href":"https:\/\/recarprofi.cz\/uvod\/wp-json\/wp\/v2\/types\/product"}],"replies":[{"embeddable":true,"href":"https:\/\/recarprofi.cz\/uvod\/wp-json\/wp\/v2\/comments?post=19397"}],"version-history":[{"count":2,"href":"https:\/\/recarprofi.cz\/uvod\/wp-json\/wp\/v2\/product\/19397\/revisions"}],"predecessor-version":[{"id":24674,"href":"https:\/\/recarprofi.cz\/uvod\/wp-json\/wp\/v2\/product\/19397\/revisions\/24674"}],"wp:featuredmedia":[{"embeddable":true,"href":"https:\/\/recarprofi.cz\/uvod\/wp-json\/wp\/v2\/media\/19391"}],"wp:attachment":[{"href":"https:\/\/recarprofi.cz\/uvod\/wp-json\/wp\/v2\/media?parent=19397"}],"wp:term":[{"taxonomy":"product_brand","embeddable":true,"href":"https:\/\/recarprofi.cz\/uvod\/wp-json\/wp\/v2\/product_brand?post=19397"},{"taxonomy":"product_cat","embeddable":true,"href":"https:\/\/recarprofi.cz\/uvod\/wp-json\/wp\/v2\/product_cat?post=19397"},{"taxonomy":"product_tag","embeddable":true,"href":"https:\/\/recarprofi.cz\/uvod\/wp-json\/wp\/v2\/product_tag?post=19397"}],"curies":[{"name":"wp","href":"https:\/\/api.w.org\/{rel}","templated":true}]}}