{"id":20052,"date":"2020-03-03T10:57:24","date_gmt":"2020-03-03T09:57:24","guid":{"rendered":"https:\/\/recarprofi.cz\/uvod\/?post_type=product&#038;p=20052"},"modified":"2023-06-16T14:26:46","modified_gmt":"2023-06-16T12:26:46","slug":"naves-kobzarenko-tsp-10","status":"publish","type":"product","link":"https:\/\/recarprofi.cz\/uvod\/produkt\/naves-kobzarenko-tsp-10\/","title":{"rendered":"N\u00e1v\u011bs Kobzarenko TSP-10"},"content":{"rendered":"<p><strong>Univerz\u00e1ln\u00ed tandemov\u00fd n\u00e1v\u011bs Kobzarenko o nosnosti 8t., vybaveny dozadu sklopnou vanovou korbou s hydraulicky otev\u00edrateln\u00fdm zadn\u00edm \u010delem a tandemovou n\u00e1pravou. St\u011bny n\u00e1kladov\u00e9ho prostoru zaru\u010duj\u00ed, \u017ee p\u0159epravovan\u00e9 zem\u011bd\u011blsk\u00e9 plodiny nebudou p\u0159i transportu po\u0161kozeny. Robustn\u00ed konstrukce zaji\u0161\u0165uje odolnost a spolehlivost. N\u00e1v\u011bs vybaven\u00fd n\u00e1pravami ADR a hydraulickou soustavou DINATALE. Sko\u0159epinov\u00e1 korba, zadn\u00ed \u010delo otev\u00edran\u00e9 hydraulicky od podlahy. Hydraulick\u00e1 odstavn\u00e1 noha, mechanick\u00e1 parkovac\u00ed brzda, dvouokruhov\u00e1 brzdov\u00e1 soustava, mo\u017enost agregace horn\u00edho \u010di spodn\u00edho z\u00e1v\u011bsu Scharm\u00fcller.<\/strong><\/p>\n<p><strong>Technick\u00e9 parametry:<\/strong><\/p>\n<table>\n<tbody>\n<tr>\n<td><strong>Strany skl\u00e1p\u011bn\u00ed<\/strong><\/td>\n<td><strong>1-dozadu<\/strong><\/td>\n<\/tr>\n<tr>\n<td><strong>Vlastn\u00ed hmotnost<\/strong><\/td>\n<td><strong>2 250 kg<\/strong><\/td>\n<\/tr>\n<tr>\n<td><strong>Objem korby<\/strong><\/td>\n<td><strong>10,7 m\u00b3<\/strong><\/td>\n<\/tr>\n<tr>\n<td><strong>D\u00e9lka korby<\/strong><\/td>\n<td><strong>4 420 mm<\/strong><\/td>\n<\/tr>\n<tr>\n<td><strong>V\u00fd\u0161ka korby<\/strong><\/td>\n<td><strong>1110 mm<\/strong><\/td>\n<\/tr>\n<tr>\n<td><strong>\u0160\u00ed\u0159ka korby<\/strong><\/td>\n<td><strong>2 240 mm<\/strong><\/td>\n<\/tr>\n<tr>\n<td><strong>Maxim\u00e1ln\u00ed rychlost<\/strong><\/td>\n<td><strong>40 km\/h<\/strong><\/td>\n<\/tr>\n<tr>\n<td><strong>Doporu\u010den\u00fd v\u00fdkon traktoru<\/strong><\/td>\n<td><strong>80 &#8211; 90 k<\/strong><\/td>\n<\/tr>\n<tr>\n<td><strong>Nosnost<\/strong><\/td>\n<td><strong>8 000 kg<\/strong><\/td>\n<\/tr>\n<tr>\n<td><strong>Pneumatiky<\/strong><\/td>\n<td><strong>11,5\/80 &#8211; 15,3<\/strong><\/td>\n<\/tr>\n<\/tbody>\n<\/table>\n<p>&nbsp;<\/p>\n<p><strong>P\u0159\u00edplatkov\u00e1 v\u00fdbava:<\/strong><\/p>\n<ul>\n<li><strong>Z\u00e1v\u011bs K-80\u00a0 &#8211; 5.000,-K\u010d+DPH<\/strong><\/li>\n<li><strong>Kryc\u00ed plachta\u00a0 &#8211; 34.000,-K\u010d+DPH<\/strong><\/li>\n<li><strong>Pneu 355\/65R16\u00a0 &#8211; 16.000,-K\u010d+DPH<\/strong><\/li>\n<\/ul>\n","protected":false},"excerpt":{"rendered":"<p>Univerz\u00e1ln\u00ed tandemov\u00fd n\u00e1v\u011bs Kobzarenko o nosnosti 8t., vybaveny dozadu sklopnou vanovou korbou s hydraulicky otev\u00edrateln\u00fdm zadn\u00edm \u010delem a tandemovou n\u00e1pravou. St\u011bny n\u00e1kladov\u00e9ho prostoru zaru\u010duj\u00ed, \u017ee p\u0159epravovan\u00e9 zem\u011bd\u011blsk\u00e9 plodiny nebudou p\u0159i transportu po\u0161kozeny. Robustn\u00ed konstrukce zaji\u0161\u0165uje&hellip;<\/p>\n","protected":false},"featured_media":20053,"comment_status":"closed","ping_status":"closed","template":"","meta":[],"product_brand":[],"product_cat":[63],"product_tag":[],"class_list":{"0":"post-20052","1":"product","2":"type-product","3":"status-publish","4":"has-post-thumbnail","6":"product_cat-navesy-traktorove","8":"first","9":"instock","10":"taxable","11":"shipping-taxable","12":"purchasable","13":"product-type-simple"},"_links":{"self":[{"href":"https:\/\/recarprofi.cz\/uvod\/wp-json\/wp\/v2\/product\/20052","targetHints":{"allow":["GET"]}}],"collection":[{"href":"https:\/\/recarprofi.cz\/uvod\/wp-json\/wp\/v2\/product"}],"about":[{"href":"https:\/\/recarprofi.cz\/uvod\/wp-json\/wp\/v2\/types\/product"}],"replies":[{"embeddable":true,"href":"https:\/\/recarprofi.cz\/uvod\/wp-json\/wp\/v2\/comments?post=20052"}],"version-history":[{"count":2,"href":"https:\/\/recarprofi.cz\/uvod\/wp-json\/wp\/v2\/product\/20052\/revisions"}],"predecessor-version":[{"id":24572,"href":"https:\/\/recarprofi.cz\/uvod\/wp-json\/wp\/v2\/product\/20052\/revisions\/24572"}],"wp:featuredmedia":[{"embeddable":true,"href":"https:\/\/recarprofi.cz\/uvod\/wp-json\/wp\/v2\/media\/20053"}],"wp:attachment":[{"href":"https:\/\/recarprofi.cz\/uvod\/wp-json\/wp\/v2\/media?parent=20052"}],"wp:term":[{"taxonomy":"product_brand","embeddable":true,"href":"https:\/\/recarprofi.cz\/uvod\/wp-json\/wp\/v2\/product_brand?post=20052"},{"taxonomy":"product_cat","embeddable":true,"href":"https:\/\/recarprofi.cz\/uvod\/wp-json\/wp\/v2\/product_cat?post=20052"},{"taxonomy":"product_tag","embeddable":true,"href":"https:\/\/recarprofi.cz\/uvod\/wp-json\/wp\/v2\/product_tag?post=20052"}],"curies":[{"name":"wp","href":"https:\/\/api.w.org\/{rel}","templated":true}]}}