{"id":20072,"date":"2020-03-03T13:45:28","date_gmt":"2020-03-03T12:45:28","guid":{"rendered":"https:\/\/recarprofi.cz\/uvod\/?post_type=product&#038;p=20072"},"modified":"2023-06-16T14:49:12","modified_gmt":"2023-06-16T12:49:12","slug":"naves-kobzarenko-tsp-26","status":"publish","type":"product","link":"https:\/\/recarprofi.cz\/uvod\/produkt\/naves-kobzarenko-tsp-26\/","title":{"rendered":"N\u00e1v\u011bs Kobzarenko TSP-26"},"content":{"rendered":"<p><strong>Univerz\u00e1ln\u00ed tandemov\u00fd n\u00e1v\u011bs Kobzarenko o nosnosti 20 tun je vybaveny dozadu sklopnou vanovou korbou s hydraulicky otev\u00edrateln\u00fdm zadn\u00edm \u010delem a tandemovou n\u00e1pravou. St\u011bny n\u00e1kladov\u00e9ho prostoru zaru\u010duj\u00ed, \u017ee p\u0159epravovan\u00e9 zem\u011bd\u011blsk\u00e9 plodiny nebudou p\u0159i transportu po\u0161kozeny. Robustn\u00ed konstrukce zaji\u0161\u0165uje odolnost a spolehlivost. N\u00e1v\u011bs vybaveny n\u00e1pravami ADR a hydraulickou soustavou DINATALE. Sko\u0159epinov\u00e1 korba, zadn\u00ed \u010delo otev\u00edran\u00e9 hydraulicky od podlahy. Hydraulick\u00e1 odstavn\u00e1 noha, mechanick\u00e1 parkovac\u00ed brzda, dvouokruhov\u00e1 brzdov\u00e1 soustava, mo\u017enost agregace horn\u00edho \u010di spodn\u00edho z\u00e1v\u011bsu Scharm\u00fcller.<\/strong><\/p>\n<p><strong>Technick\u00e9 parametry:<\/strong><\/p>\n<table border=\"1\" cellspacing=\"0\" cellpadding=\"3\" align=\"center\">\n<tbody>\n<tr>\n<td colspan=\"2\">\n<p class=\"trivial-table\"><strong>Celkov\u00e1 hmotnost<\/strong><\/p>\n<\/td>\n<td>\n<p class=\"trivial-table\"><strong>26 150 kg<\/strong><\/p>\n<\/td>\n<\/tr>\n<tr>\n<td colspan=\"2\">\n<p class=\"trivial-table\"><strong>Hmotnost<\/strong><\/p>\n<\/td>\n<td>\n<p class=\"trivial-table\"><strong>6 150 kg<\/strong><\/p>\n<\/td>\n<\/tr>\n<tr>\n<td colspan=\"2\">\n<p class=\"trivial-table\"><strong>Nosnost<\/strong><\/p>\n<\/td>\n<td>\n<p class=\"trivial-table\"><strong>20 000 kg<\/strong><\/p>\n<\/td>\n<\/tr>\n<tr>\n<td colspan=\"2\">\n<p class=\"trivial-table\"><strong>Zat\u00ed\u017een\u00ed oje<\/strong><\/p>\n<\/td>\n<td>\n<p class=\"trivial-table\"><strong>2 800 kg<\/strong><\/p>\n<\/td>\n<\/tr>\n<tr>\n<td colspan=\"2\"><strong>V\u00fd\u0161ka podlahy<\/strong><\/td>\n<td>\n<p class=\"trivial-table\"><strong>1 300 mm<\/strong><\/p>\n<\/td>\n<\/tr>\n<tr>\n<td colspan=\"2\">\n<p class=\"trivial-table\"><strong>Objem korby<\/strong><\/p>\n<\/td>\n<td>\n<p class=\"trivial-table\"><strong>23,3 m3<\/strong><\/p>\n<\/td>\n<\/tr>\n<tr>\n<td colspan=\"2\">\n<p class=\"trivial-table\"><strong>Objem korby s n\u00e1stavky 500 mm<\/strong><\/p>\n<\/td>\n<td>\n<p class=\"trivial-table\"><strong>32,3 m3<\/strong><\/p>\n<\/td>\n<\/tr>\n<tr>\n<td rowspan=\"5\">\n<p class=\"trivial-table\"><strong>Rozm\u011bry korby<\/strong><\/p>\n<\/td>\n<td>\n<p class=\"trivial-table\"><strong>D\u00e9lka<\/strong><\/p>\n<\/td>\n<td>\n<p class=\"trivial-table\"><strong>6 500 mm<\/strong><\/p>\n<\/td>\n<\/tr>\n<tr>\n<td>\n<p class=\"trivial-table\"><strong>\u0160\u00ed\u0159ka<\/strong><\/p>\n<\/td>\n<td>\n<p class=\"trivial-table\"><strong>2 320 mm<\/strong><\/p>\n<\/td>\n<\/tr>\n<tr>\n<td>\n<p class=\"trivial-table\"><strong>V\u00fd\u0161ka<\/strong><\/p>\n<\/td>\n<td>\n<p class=\"trivial-table\"><strong>1 540 mm<\/strong><\/p>\n<\/td>\n<\/tr>\n<tr>\n<td><strong>V\u00fd\u0161ka s n\u00e1stavky 600 mm<\/strong><\/td>\n<td><strong>2 140 mm<\/strong><\/td>\n<\/tr>\n<tr>\n<td>\n<p class=\"trivial-table\"><strong>S\u00edla bo\u010dnic\/podlahy<\/strong><\/p>\n<\/td>\n<td>\n<p class=\"trivial-table\"><strong>4\/5 mm<\/strong><\/p>\n<\/td>\n<\/tr>\n<tr>\n<td rowspan=\"4\"><strong>Celkov\u00e9 rozm\u011bry<\/strong><\/td>\n<td><strong>D\u00e9lka<\/strong><\/td>\n<td><strong>8 515 mm<\/strong><\/td>\n<\/tr>\n<tr>\n<td><strong>\u0160\u00ed\u0159ka<\/strong><\/td>\n<td><strong>2 660 mm<\/strong><\/td>\n<\/tr>\n<tr>\n<td><strong>V\u00fd\u0161ka<\/strong><\/td>\n<td><strong>3 080 mm<\/strong><\/td>\n<\/tr>\n<tr>\n<td><strong>V\u00fd\u0161ka s n\u00e1stavky 600 mm<\/strong><\/td>\n<td><strong>3 680 mm<\/strong><\/td>\n<\/tr>\n<tr>\n<td colspan=\"2\">\n<p class=\"trivial-table\"><strong>N\u00e1pravy<\/strong><\/p>\n<\/td>\n<td><strong>2 ks<\/strong><\/td>\n<\/tr>\n<tr>\n<td colspan=\"2\">\n<p class=\"trivial-table\"><strong>Rozm\u011br kol<\/strong><\/p>\n<\/td>\n<td><strong>560\/60R22,5<\/strong><\/td>\n<\/tr>\n<tr>\n<td colspan=\"2\">\n<p class=\"trivial-table\"><strong>V\u00fdkon traktoru<\/strong><\/p>\n<\/td>\n<td>\n<p class=\"trivial-table\"><strong>220 \u2013 250 \u043a<\/strong><\/p>\n<\/td>\n<\/tr>\n<\/tbody>\n<\/table>\n<p>&nbsp;<\/p>\n<p><strong>P\u0159\u00edplatkov\u00e1 v\u00fdbava:<\/strong><\/p>\n<ul>\n<li><strong>N\u00e1stavky 600 mm\u00a0 &#8211; 35.000,-K\u010d+DPH<\/strong><\/li>\n<li><strong>Z\u00e1v\u011bs K80\u00a0 &#8211; 5.000,-K\u010d+DPH<\/strong><\/li>\n<li><strong>Plachta\u00a0 &#8211; 34.000,-K\u010d+DPH<\/strong><\/li>\n<li><strong>Pneu 650\/50-22,5\u00a0 &#8211; 78.000,-k\u010d+DPH<\/strong><\/li>\n<li><strong>Pneu 650\/55-26,5\u00a0 &#8211; 110.000,-K\u010d+DPH<\/strong><\/li>\n<li><strong>\u0158iditeln\u00e1 n\u00e1prava\u00a0 &#8211; 80.000,-K\u010d+DPH<\/strong><\/li>\n<\/ul>\n","protected":false},"excerpt":{"rendered":"<p>Univerz\u00e1ln\u00ed tandemov\u00fd n\u00e1v\u011bs Kobzarenko o nosnosti 20 tun je vybaveny dozadu sklopnou vanovou korbou s hydraulicky otev\u00edrateln\u00fdm zadn\u00edm \u010delem a tandemovou n\u00e1pravou. St\u011bny n\u00e1kladov\u00e9ho prostoru zaru\u010duj\u00ed, \u017ee p\u0159epravovan\u00e9 zem\u011bd\u011blsk\u00e9 plodiny nebudou p\u0159i transportu po\u0161kozeny. Robustn\u00ed&hellip;<\/p>\n","protected":false},"featured_media":20073,"comment_status":"closed","ping_status":"closed","template":"","meta":[],"product_brand":[],"product_cat":[63],"product_tag":[],"class_list":{"0":"post-20072","1":"product","2":"type-product","3":"status-publish","4":"has-post-thumbnail","6":"product_cat-navesy-traktorove","8":"first","9":"instock","10":"taxable","11":"shipping-taxable","12":"purchasable","13":"product-type-simple"},"_links":{"self":[{"href":"https:\/\/recarprofi.cz\/uvod\/wp-json\/wp\/v2\/product\/20072","targetHints":{"allow":["GET"]}}],"collection":[{"href":"https:\/\/recarprofi.cz\/uvod\/wp-json\/wp\/v2\/product"}],"about":[{"href":"https:\/\/recarprofi.cz\/uvod\/wp-json\/wp\/v2\/types\/product"}],"replies":[{"embeddable":true,"href":"https:\/\/recarprofi.cz\/uvod\/wp-json\/wp\/v2\/comments?post=20072"}],"version-history":[{"count":2,"href":"https:\/\/recarprofi.cz\/uvod\/wp-json\/wp\/v2\/product\/20072\/revisions"}],"predecessor-version":[{"id":24622,"href":"https:\/\/recarprofi.cz\/uvod\/wp-json\/wp\/v2\/product\/20072\/revisions\/24622"}],"wp:featuredmedia":[{"embeddable":true,"href":"https:\/\/recarprofi.cz\/uvod\/wp-json\/wp\/v2\/media\/20073"}],"wp:attachment":[{"href":"https:\/\/recarprofi.cz\/uvod\/wp-json\/wp\/v2\/media?parent=20072"}],"wp:term":[{"taxonomy":"product_brand","embeddable":true,"href":"https:\/\/recarprofi.cz\/uvod\/wp-json\/wp\/v2\/product_brand?post=20072"},{"taxonomy":"product_cat","embeddable":true,"href":"https:\/\/recarprofi.cz\/uvod\/wp-json\/wp\/v2\/product_cat?post=20072"},{"taxonomy":"product_tag","embeddable":true,"href":"https:\/\/recarprofi.cz\/uvod\/wp-json\/wp\/v2\/product_tag?post=20072"}],"curies":[{"name":"wp","href":"https:\/\/api.w.org\/{rel}","templated":true}]}}