{"id":21619,"date":"2020-05-06T08:21:33","date_gmt":"2020-05-06T06:21:33","guid":{"rendered":"https:\/\/recarprofi.cz\/uvod\/?post_type=product&#038;p=21619"},"modified":"2020-05-06T08:26:28","modified_gmt":"2020-05-06T06:26:28","slug":"zametaci-zarizeni-zs-1500","status":"publish","type":"product","link":"https:\/\/recarprofi.cz\/uvod\/produkt\/zametaci-zarizeni-zs-1500\/","title":{"rendered":"Zametac\u00ed za\u0159\u00edzen\u00ed ZS 150"},"content":{"rendered":"<p>Zametac\u00ed stroj je ur\u010den k odstra\u0148ov\u00e1n\u00ed odpadk\u016f povrch\u016f: silnice, n\u00e1m\u011bst\u00ed a chodn\u00edky pokryt\u00e9 asfaltem, betonem nebo dla\u017edicemi.<\/p>\n<p><strong>Technick\u00e9 parametry:<\/strong><br \/>\nPracovn\u00ed z\u00e1b\u011br [mm]\u00a0 \u00a0 \u00a0 \u00a01500<br \/>\nTransportn\u00ed \u0161\u00ed\u0159ka [mm]\u00a0 \u00a0 1780<\/p>\n<p>D\u00e9lka [mm]\u00a0 \u00a0 \u00a0 \u00a0 \u00a0 \u00a0 \u00a0 \u00a0 \u00a0 \u00a0 \u00a0 1340<br \/>\nV\u00fd\u0161ka [mm]\u00a0 \u00a0 \u00a0 \u00a0 \u00a0 \u00a0 \u00a0 \u00a0 \u00a0 \u00a0 \u00a0 1010<br \/>\nHmotnost [kg]\u00a0 \u00a0 \u00a0 \u00a0 \u00a0 \u00a0 \u00a0 \u00a0 \u00a0 \u00a0250<br \/>\nPracovn\u00ed rychlost [km\/h]\u00a0 \u00a0 8<br \/>\nPr\u016fm\u011br kart\u00e1\u010de [mm]\u00a0 \u00a0 \u00a0 600<br \/>\n\u00dahel nato\u010den\u00ed\u00a0 \u00a0 \u00a0 \u00a0 \u00a0 \u00a0 \u00a0 \u00a0 \u00a0\u00b125\u00b0<br \/>\nPohon kart\u00e1\u010de hydraulick\u00fd<\/p>\n<p>P\u0159\u00edpojen\u00ed do t\u0159\u00edbodov\u00e9ho z\u00e1v\u011bsu<\/p>\n","protected":false},"excerpt":{"rendered":"<p>Zametac\u00ed stroj je ur\u010den k odstra\u0148ov\u00e1n\u00ed odpadk\u016f povrch\u016f: silnice, n\u00e1m\u011bst\u00ed a chodn\u00edky pokryt\u00e9 asfaltem, betonem nebo dla\u017edicemi. Technick\u00e9 parametry: Pracovn\u00ed z\u00e1b\u011br [mm]\u00a0 \u00a0 \u00a0 \u00a01500 Transportn\u00ed \u0161\u00ed\u0159ka [mm]\u00a0 \u00a0 1780 D\u00e9lka [mm]\u00a0 \u00a0 \u00a0 \u00a0&hellip;<\/p>\n","protected":false},"featured_media":21620,"comment_status":"open","ping_status":"closed","template":"","meta":[],"product_brand":[],"product_cat":[101],"product_tag":[],"class_list":{"0":"post-21619","1":"product","2":"type-product","3":"status-publish","4":"has-post-thumbnail","6":"product_cat-zametaci-zarizeni","8":"first","9":"instock","10":"taxable","11":"shipping-taxable","12":"purchasable","13":"product-type-simple"},"_links":{"self":[{"href":"https:\/\/recarprofi.cz\/uvod\/wp-json\/wp\/v2\/product\/21619","targetHints":{"allow":["GET"]}}],"collection":[{"href":"https:\/\/recarprofi.cz\/uvod\/wp-json\/wp\/v2\/product"}],"about":[{"href":"https:\/\/recarprofi.cz\/uvod\/wp-json\/wp\/v2\/types\/product"}],"replies":[{"embeddable":true,"href":"https:\/\/recarprofi.cz\/uvod\/wp-json\/wp\/v2\/comments?post=21619"}],"version-history":[{"count":1,"href":"https:\/\/recarprofi.cz\/uvod\/wp-json\/wp\/v2\/product\/21619\/revisions"}],"predecessor-version":[{"id":21624,"href":"https:\/\/recarprofi.cz\/uvod\/wp-json\/wp\/v2\/product\/21619\/revisions\/21624"}],"wp:featuredmedia":[{"embeddable":true,"href":"https:\/\/recarprofi.cz\/uvod\/wp-json\/wp\/v2\/media\/21620"}],"wp:attachment":[{"href":"https:\/\/recarprofi.cz\/uvod\/wp-json\/wp\/v2\/media?parent=21619"}],"wp:term":[{"taxonomy":"product_brand","embeddable":true,"href":"https:\/\/recarprofi.cz\/uvod\/wp-json\/wp\/v2\/product_brand?post=21619"},{"taxonomy":"product_cat","embeddable":true,"href":"https:\/\/recarprofi.cz\/uvod\/wp-json\/wp\/v2\/product_cat?post=21619"},{"taxonomy":"product_tag","embeddable":true,"href":"https:\/\/recarprofi.cz\/uvod\/wp-json\/wp\/v2\/product_tag?post=21619"}],"curies":[{"name":"wp","href":"https:\/\/api.w.org\/{rel}","templated":true}]}}