{"id":21633,"date":"2020-05-06T10:10:37","date_gmt":"2020-05-06T08:10:37","guid":{"rendered":"https:\/\/recarprofi.cz\/uvod\/?post_type=product&#038;p=21633"},"modified":"2020-05-20T09:14:58","modified_gmt":"2020-05-20T07:14:58","slug":"zametaci-zarizeni-eco-clean-15","status":"publish","type":"product","link":"https:\/\/recarprofi.cz\/uvod\/produkt\/zametaci-zarizeni-eco-clean-15\/","title":{"rendered":"Zametac\u00ed za\u0159\u00edzen\u00ed Eco Clean 1,5"},"content":{"rendered":"<p>Zametac\u00ed za\u0159\u00edzen\u00ed pro zamet\u00e1n\u00ed a smet\u00e1n\u00ed ulp\u011bl\u00fdch ne\u010distot, \u00faklid sn\u011bhu a zamet\u00e1n\u00ed posypov\u00e9ho materi\u00e1lu. \u0160irok\u00e1 paleta p\u0159\u00edslu\u0161enstv\u00ed a zav\u011b\u0161en\u00ed. Lze agregovat i na vysokozdvi\u017en\u00e9 voz\u00edky, bagry, \u010di komun\u00e1ln\u00ed vozidla. Pr\u016fm\u011br kart\u00e1\u010d\u016f 510 mm, agregace mo\u017en\u00e1 \u010deln\u011b i zadn\u011b. Pohon pomoc\u00ed hydromotoru, vyjma kropen\u00ed. T\u0159i podp\u016frn\u00e1 kola, plovouc\u00ed zav\u011b\u0161en\u00ed, kart\u00e1\u010d MIX 50% nylon + 50% dr\u00e1t.<\/p>\n<p><strong>Technick\u00e9 parametry:<\/strong><\/p>\n<ul>\n<li>agregace t\u0159\u00edbodov\u00fd z\u00e1v\u011bs nebo paletiza\u010dn\u00ed vidle<\/li>\n<li>pracovn\u00ed z\u00e1b\u011br 1500 mm<\/li>\n<li>tlak hydrauliky 16-20 MPa<\/li>\n<li>pr\u016ftok hydrauliky 20-60 l\/min<\/li>\n<li>pracovn\u00ed rychlost 10 km\/hod<\/li>\n<li>objem z\u00e1sobn\u00edku ne\u010distot 130 l<\/li>\n<li>objem z\u00e1sobn\u00edku vody 175 l<\/li>\n<li>ot\u00e1\u010dky kart\u00e1\u010de 100 ot\/min<\/li>\n<li>maxim\u00e1ln\u00ed ot\u00e1\u010dky kart\u00e1\u010de 150 ot\/min<\/li>\n<li>hmotnost z\u00e1kladn\u00ed 265 kg<\/li>\n<li>hmotnost z\u00e1sobn\u00edku ne\u010distot 75 kg<\/li>\n<li>hmotnost bo\u010dn\u00edho kart\u00e1\u010de 25 kg<\/li>\n<li>hmotnost kropic\u00edho za\u0159\u00edzen\u00ed 45 kg<\/li>\n<\/ul>\n<p><strong>P\u0159\u00edplatkov\u00e1 v\u00fdbava, zd\u011blte do pozn\u00e1mky:<\/strong><\/p>\n<ol>\n<li>Kropen\u00ed vodou s n\u00e1dr\u017e\u00ed \u2013 25.000,-K\u010d<\/li>\n<li>Bo\u010dn\u00ed kart\u00e1\u010d \u2013 26.100,-K\u010d<\/li>\n<li>Hydraulick\u00e9 nat\u00e1\u010den\u00ed o 15\u00b0 \u2013 4.500,-K\u010d<\/li>\n<li>Hydraulick\u00fd z\u00e1sobn\u00edk ne\u010distot \u2013 25.300,-K\u010d<\/li>\n<li>Manu\u00e1ln\u00ed z\u00e1sobn\u00edk ne\u010distot \u2013 15.000,-K\u010d<\/li>\n<\/ol>\n","protected":false},"excerpt":{"rendered":"<p>Zametac\u00ed za\u0159\u00edzen\u00ed pro zamet\u00e1n\u00ed a smet\u00e1n\u00ed ulp\u011bl\u00fdch ne\u010distot, \u00faklid sn\u011bhu a zamet\u00e1n\u00ed posypov\u00e9ho materi\u00e1lu. \u0160irok\u00e1 paleta p\u0159\u00edslu\u0161enstv\u00ed a zav\u011b\u0161en\u00ed. Lze agregovat i na vysokozdvi\u017en\u00e9 voz\u00edky, bagry, \u010di komun\u00e1ln\u00ed vozidla. Pr\u016fm\u011br kart\u00e1\u010d\u016f 510 mm, agregace mo\u017en\u00e1&hellip;<\/p>\n","protected":false},"featured_media":21627,"comment_status":"open","ping_status":"closed","template":"","meta":[],"product_brand":[],"product_cat":[101],"product_tag":[],"class_list":{"0":"post-21633","1":"product","2":"type-product","3":"status-publish","4":"has-post-thumbnail","6":"product_cat-zametaci-zarizeni","8":"first","9":"instock","10":"taxable","11":"shipping-taxable","12":"purchasable","13":"product-type-simple"},"_links":{"self":[{"href":"https:\/\/recarprofi.cz\/uvod\/wp-json\/wp\/v2\/product\/21633","targetHints":{"allow":["GET"]}}],"collection":[{"href":"https:\/\/recarprofi.cz\/uvod\/wp-json\/wp\/v2\/product"}],"about":[{"href":"https:\/\/recarprofi.cz\/uvod\/wp-json\/wp\/v2\/types\/product"}],"replies":[{"embeddable":true,"href":"https:\/\/recarprofi.cz\/uvod\/wp-json\/wp\/v2\/comments?post=21633"}],"version-history":[{"count":1,"href":"https:\/\/recarprofi.cz\/uvod\/wp-json\/wp\/v2\/product\/21633\/revisions"}],"predecessor-version":[{"id":21710,"href":"https:\/\/recarprofi.cz\/uvod\/wp-json\/wp\/v2\/product\/21633\/revisions\/21710"}],"wp:featuredmedia":[{"embeddable":true,"href":"https:\/\/recarprofi.cz\/uvod\/wp-json\/wp\/v2\/media\/21627"}],"wp:attachment":[{"href":"https:\/\/recarprofi.cz\/uvod\/wp-json\/wp\/v2\/media?parent=21633"}],"wp:term":[{"taxonomy":"product_brand","embeddable":true,"href":"https:\/\/recarprofi.cz\/uvod\/wp-json\/wp\/v2\/product_brand?post=21633"},{"taxonomy":"product_cat","embeddable":true,"href":"https:\/\/recarprofi.cz\/uvod\/wp-json\/wp\/v2\/product_cat?post=21633"},{"taxonomy":"product_tag","embeddable":true,"href":"https:\/\/recarprofi.cz\/uvod\/wp-json\/wp\/v2\/product_tag?post=21633"}],"curies":[{"name":"wp","href":"https:\/\/api.w.org\/{rel}","templated":true}]}}