{"id":22025,"date":"2020-06-12T09:56:41","date_gmt":"2020-06-12T07:56:41","guid":{"rendered":"http:\/\/recarprofi.cz\/uvod\/?post_type=product&#038;p=22025"},"modified":"2022-08-01T14:07:52","modified_gmt":"2022-08-01T12:07:52","slug":"prives-cynkomet-t-104-4","status":"publish","type":"product","link":"https:\/\/recarprofi.cz\/uvod\/produkt\/prives-cynkomet-t-104-4\/","title":{"rendered":"P\u0159\u00edv\u011bs Cynkomet T-104\/4"},"content":{"rendered":"<p><strong>Traktorov\u00fd p\u0159\u00edv\u011bs CYNKOMET T 104\/4 m\u00e1 t\u0159\u00edstrann\u00e9 sklopnou korbu. P\u0159\u00edv\u011bs m\u00e1 nosnost 8 tun. \u017d\u00e1rov\u011b pozinkovan\u00e9 bo\u010dnice, oto\u010dn\u00e9 oje a r\u00e1m. Podlaha o tlou\u0161\u0165ce 4 mm je opat\u0159ena povrchov\u00fdm n\u00e1t\u011brem. Oj typu &#8222;Y&#8220; s pevn\u00fdm okem 40 mm. Centr\u00e1ln\u00ed ji\u0161t\u011bn\u00ed bo\u010dnic. Zadn\u00ed bo\u010dnice je vybavena v\u00fdsypn\u00fdm ok\u00e9nkem. \u017deb\u0159\u00edk a vnit\u0159n\u00ed n\u00e1\u0161lapy umo\u017e\u0148uj\u00edc\u00ed vstup do korby. Zakl\u00e1dac\u00ed kl\u00edny kol. Kola 400\/60 &#8211; 15,5 14PR.<\/strong><\/p>\n<p><strong>Technick\u00e9 parametry:<\/strong><\/p>\n<p><strong>Nosnost 8000 kg<\/strong><br \/>\n<strong>Celkov\u00e1 p\u0159\u00edpustn\u00e1 hmotnost 10790 kg<\/strong><br \/>\n<strong>Vlastn\u00ed hmotnost (bez n\u00e1stavek) 2590 kg<\/strong><br \/>\n<strong>D\u00e9lka 6527 mm<\/strong><br \/>\n<strong>\u0160\u00ed\u0159ka 2439 mm<\/strong><br \/>\n<strong>V\u00fd\u0161ka bez n\u00e1stavek 1235 mm<\/strong><br \/>\n<strong>V\u00fd\u0161ka s n\u00e1stavkami 2237 mm<\/strong><br \/>\n<strong>Vnit\u0159n\u00ed d\u00e9lka korby 4420 mm<\/strong><br \/>\n<strong>Vnit\u0159n\u00ed \u0161\u00ed\u0159ka korby vp\u0159edu\/vzadu 2220 \/ 2270 mm<\/strong><br \/>\n<strong>V\u00fd\u0161ka bo\u010dnic 500 mm<\/strong><br \/>\n<strong>Lo\u017en\u00e1 plocha 10 m2<\/strong><br \/>\n<strong>Objem korby 5 m3<\/strong><br \/>\n<strong>V\u00fd\u0161ka podlahy od podlo\u017e\u00ed 1190 mm<\/strong><br \/>\n<strong>Pneumatiky 400\/60-15,5<\/strong><br \/>\n<strong>S\u00edla podlahy \/ bo\u010dnic 4\/2,5 mm<\/strong><br \/>\n<strong>Rozchod kol 1700 mm<\/strong><br \/>\n<strong>Rozchod n\u00e1prav 3030 mm<\/strong><br \/>\n<strong>V\u00fd\u0161ka oka z\u00e1v\u011bsu agregace &#8211; spodn\u00ed poloha 600 mm<\/strong><br \/>\n<strong>V\u00fd\u0161ka oka z\u00e1v\u011bsu agregace &#8211; horn\u00ed poloha 900 mm<\/strong><br \/>\n<strong>V\u00fd\u0161ka um\u00edst\u011bn\u00ed zadn\u00edho z\u00e1v\u011bsu (za p\u0159\u00edplatek) 844 mm<\/strong><br \/>\n<strong>P\u0159epravn\u00ed rychlost 30 km\/h<\/strong><br \/>\n<strong>Odpru\u017een\u00ed p\u00e9rov\u00e9 listy<\/strong><br \/>\n<strong>Minim\u00e1ln\u00ed ta\u017en\u00fd prost\u0159edek 70 KM<\/strong><br \/>\n<strong>\u00dahel vyklopen\u00ed korby (dozadu\/vbok) 45\/50<\/strong><br \/>\n<strong>Syst\u00e9m vykl\u00e1p\u011bn\u00ed t\u0159\u00edstrann\u00fd<\/strong><\/p>\n<p>&nbsp;<\/p>\n","protected":false},"excerpt":{"rendered":"<p>Traktorov\u00fd p\u0159\u00edv\u011bs CYNKOMET T 104\/4 m\u00e1 t\u0159\u00edstrann\u00e9 sklopnou korbu. P\u0159\u00edv\u011bs m\u00e1 nosnost 8 tun. \u017d\u00e1rov\u011b pozinkovan\u00e9 bo\u010dnice, oto\u010dn\u00e9 oje a r\u00e1m. Podlaha o tlou\u0161\u0165ce 4 mm je opat\u0159ena povrchov\u00fdm n\u00e1t\u011brem. Oj typu &#8222;Y&#8220; s pevn\u00fdm&hellip;<\/p>\n","protected":false},"featured_media":11574,"comment_status":"open","ping_status":"closed","template":"","meta":[],"product_brand":[],"product_cat":[63],"product_tag":[],"class_list":{"0":"post-22025","1":"product","2":"type-product","3":"status-publish","4":"has-post-thumbnail","6":"product_cat-navesy-traktorove","8":"first","9":"instock","10":"taxable","11":"shipping-taxable","12":"purchasable","13":"product-type-simple"},"_links":{"self":[{"href":"https:\/\/recarprofi.cz\/uvod\/wp-json\/wp\/v2\/product\/22025","targetHints":{"allow":["GET"]}}],"collection":[{"href":"https:\/\/recarprofi.cz\/uvod\/wp-json\/wp\/v2\/product"}],"about":[{"href":"https:\/\/recarprofi.cz\/uvod\/wp-json\/wp\/v2\/types\/product"}],"replies":[{"embeddable":true,"href":"https:\/\/recarprofi.cz\/uvod\/wp-json\/wp\/v2\/comments?post=22025"}],"version-history":[{"count":2,"href":"https:\/\/recarprofi.cz\/uvod\/wp-json\/wp\/v2\/product\/22025\/revisions"}],"predecessor-version":[{"id":24482,"href":"https:\/\/recarprofi.cz\/uvod\/wp-json\/wp\/v2\/product\/22025\/revisions\/24482"}],"wp:featuredmedia":[{"embeddable":true,"href":"https:\/\/recarprofi.cz\/uvod\/wp-json\/wp\/v2\/media\/11574"}],"wp:attachment":[{"href":"https:\/\/recarprofi.cz\/uvod\/wp-json\/wp\/v2\/media?parent=22025"}],"wp:term":[{"taxonomy":"product_brand","embeddable":true,"href":"https:\/\/recarprofi.cz\/uvod\/wp-json\/wp\/v2\/product_brand?post=22025"},{"taxonomy":"product_cat","embeddable":true,"href":"https:\/\/recarprofi.cz\/uvod\/wp-json\/wp\/v2\/product_cat?post=22025"},{"taxonomy":"product_tag","embeddable":true,"href":"https:\/\/recarprofi.cz\/uvod\/wp-json\/wp\/v2\/product_tag?post=22025"}],"curies":[{"name":"wp","href":"https:\/\/api.w.org\/{rel}","templated":true}]}}