{"id":22076,"date":"2020-06-17T09:09:11","date_gmt":"2020-06-17T07:09:11","guid":{"rendered":"http:\/\/recarprofi.cz\/uvod\/?post_type=product&#038;p=22076"},"modified":"2024-05-23T14:48:57","modified_gmt":"2024-05-23T12:48:57","slug":"fekalni-naves-mvn-1","status":"publish","type":"product","link":"https:\/\/recarprofi.cz\/uvod\/produkt\/fekalni-naves-mvn-1\/","title":{"rendered":"Fek\u00e1ln\u00ed n\u00e1v\u011bs MVN-1 (objem 2100 L)"},"content":{"rendered":"<p><strong>N\u00e1v\u011bs MVN-1 je nov\u00fd typ fek\u00e1ln\u00ed cisterny mal\u00e9 kubatury s u\u017eite\u010dnou hmotnost\u00ed 1200 kg. Je ur\u010den p\u0159edev\u0161\u00edm pro pln\u011bn\u00ed, p\u0159evoz a aplikaci kejdy, fek\u00e1li\u00ed a jin\u00fdch zem\u011bd\u011blsk\u00fdch spla\u0161k\u016f. Dal\u0161\u00ed mo\u017enost vyu\u017eit\u00ed je nap\u0159\u00edklad pro zavla\u017eov\u00e1n\u00ed sad\u016f, zahrad vinic a pol\u00ed vodou.<\/strong><\/p>\n<p><strong>Fek\u00e1ln\u00ed n\u00e1v\u011bs bezr\u00e1mov\u00e9 samonosn\u00e9 konstrukce s jednou neodpru\u017eenou n\u00e1pravou. N\u00e1v\u011bs je osazen v\u00fdv\u011bvou s automatick\u00fdm maz\u00e1n\u00edm. V\u00fdv\u011bva je poh\u00e1n\u011bna pomoc\u00ed kloubov\u00e9 h\u0159\u00eddele z traktoru. Pro kontrolu hladiny v n\u00e1dr\u017ei slou\u017e\u00ed vodoznaky zabudovan\u00e9 jak v \u010deln\u00edm tak i v zadn\u00edm v\u00edku. S\u00e1n\u00ed v\u00fdv\u011bvy je omezeno kulov\u00fdm ventilem a ji\u0161t\u011bno pojistn\u00fdm ventilem. Hodnota tlaku je nastavena tak, aby se nejednalo o tlakovou n\u00e1dr\u017e. N\u00e1v\u011bs je opat\u0159en n\u00e1jezdovou brzdou s automatick\u00fdm blokov\u00e1n\u00edm p\u0159i couv\u00e1n\u00ed a ru\u010dn\u00ed mechanickou parkovac\u00ed brzdou. Uzav\u00edrac\u00ed zadn\u00ed \u0161oup\u00e1tko n\u00e1dr\u017ee je mechanicky ovl\u00e1d\u00e1no i z m\u00edsta \u0159idi\u010de.<\/strong><\/p>\n<p><strong>Technick\u00e9 parametry:<\/strong><\/p>\n<table width=\"379\">\n<tbody>\n<tr>\n<td><strong>Objem n\u00e1dr\u017ee<\/strong><\/td>\n<td><strong>2100 l<\/strong><\/td>\n<\/tr>\n<tr>\n<td><strong>V\u00fd\u0161ka oka z\u00e1v\u011bsu<\/strong><\/td>\n<td><strong>530 mm<\/strong><\/td>\n<\/tr>\n<tr>\n<td><strong>Brzda provozn\u00ed<\/strong><\/td>\n<td><strong>n\u00e1jezdov\u00e1 bubnov\u00e1<\/strong><\/td>\n<\/tr>\n<tr>\n<td><strong>Max.d\u00e9lka n\u00e1v\u011bsu<\/strong><\/td>\n<td><strong>3 430 mm<\/strong><\/td>\n<\/tr>\n<tr>\n<td><strong>Ot\u00e1\u010dky h\u0159\u00eddele<\/strong><\/td>\n<td><strong>540 ot\/min<\/strong><\/td>\n<\/tr>\n<tr>\n<td><strong>Brzda parkovac\u00ed<\/strong><\/td>\n<td><strong>mechanick\u00e1<\/strong><\/td>\n<\/tr>\n<tr>\n<td><strong>Max.\u0161\u00ed\u0159ka n\u00e1v\u011bsu<\/strong><\/td>\n<td><strong>1320 mm<\/strong><\/td>\n<\/tr>\n<tr>\n<td><strong>V\u00fdv\u011bva s automat. maz\u00e1n\u00edm<\/strong><\/td>\n<td><strong>XE1P 540 ot\/min<\/strong><\/td>\n<\/tr>\n<tr>\n<td><strong>Pneumatiky<\/strong><\/td>\n<td><strong>10\/80-12<\/strong><\/td>\n<\/tr>\n<tr>\n<td><strong>Hmotnost<\/strong><\/td>\n<td><strong>1740 kg<\/strong><\/td>\n<\/tr>\n<tr>\n<td><strong>Max.v\u00fd\u0161ka n\u00e1v\u011bsu<\/strong><\/td>\n<td><strong>1900 mm<\/strong><\/td>\n<\/tr>\n<tr>\n<td><strong>Sac\u00ed potrub\u00ed plastov\u00e9<\/strong><\/td>\n<td><strong>100 mm<\/strong><\/td>\n<\/tr>\n<\/tbody>\n<\/table>\n","protected":false},"excerpt":{"rendered":"<p>N\u00e1v\u011bs MVN-1 je nov\u00fd typ fek\u00e1ln\u00ed cisterny mal\u00e9 kubatury s u\u017eite\u010dnou hmotnost\u00ed 1200 kg. Je ur\u010den p\u0159edev\u0161\u00edm pro pln\u011bn\u00ed, p\u0159evoz a aplikaci kejdy, fek\u00e1li\u00ed a jin\u00fdch zem\u011bd\u011blsk\u00fdch spla\u0161k\u016f. Dal\u0161\u00ed mo\u017enost vyu\u017eit\u00ed je nap\u0159\u00edklad pro zavla\u017eov\u00e1n\u00ed&hellip;<\/p>\n","protected":false},"featured_media":22077,"comment_status":"open","ping_status":"closed","template":"","meta":[],"product_brand":[],"product_cat":[74],"product_tag":[],"class_list":{"0":"post-22076","1":"product","2":"type-product","3":"status-publish","4":"has-post-thumbnail","6":"product_cat-fekalni-navesy","8":"first","9":"instock","10":"sale","11":"taxable","12":"shipping-taxable","13":"purchasable","14":"product-type-simple"},"_links":{"self":[{"href":"https:\/\/recarprofi.cz\/uvod\/wp-json\/wp\/v2\/product\/22076","targetHints":{"allow":["GET"]}}],"collection":[{"href":"https:\/\/recarprofi.cz\/uvod\/wp-json\/wp\/v2\/product"}],"about":[{"href":"https:\/\/recarprofi.cz\/uvod\/wp-json\/wp\/v2\/types\/product"}],"replies":[{"embeddable":true,"href":"https:\/\/recarprofi.cz\/uvod\/wp-json\/wp\/v2\/comments?post=22076"}],"version-history":[{"count":3,"href":"https:\/\/recarprofi.cz\/uvod\/wp-json\/wp\/v2\/product\/22076\/revisions"}],"predecessor-version":[{"id":24630,"href":"https:\/\/recarprofi.cz\/uvod\/wp-json\/wp\/v2\/product\/22076\/revisions\/24630"}],"wp:featuredmedia":[{"embeddable":true,"href":"https:\/\/recarprofi.cz\/uvod\/wp-json\/wp\/v2\/media\/22077"}],"wp:attachment":[{"href":"https:\/\/recarprofi.cz\/uvod\/wp-json\/wp\/v2\/media?parent=22076"}],"wp:term":[{"taxonomy":"product_brand","embeddable":true,"href":"https:\/\/recarprofi.cz\/uvod\/wp-json\/wp\/v2\/product_brand?post=22076"},{"taxonomy":"product_cat","embeddable":true,"href":"https:\/\/recarprofi.cz\/uvod\/wp-json\/wp\/v2\/product_cat?post=22076"},{"taxonomy":"product_tag","embeddable":true,"href":"https:\/\/recarprofi.cz\/uvod\/wp-json\/wp\/v2\/product_tag?post=22076"}],"curies":[{"name":"wp","href":"https:\/\/api.w.org\/{rel}","templated":true}]}}