{"id":22088,"date":"2020-06-17T09:30:57","date_gmt":"2020-06-17T07:30:57","guid":{"rendered":"http:\/\/recarprofi.cz\/uvod\/?post_type=product&#038;p=22088"},"modified":"2025-06-27T08:55:58","modified_gmt":"2025-06-27T06:55:58","slug":"cisterna-na-vodu-n-1350","status":"publish","type":"product","link":"https:\/\/recarprofi.cz\/uvod\/produkt\/cisterna-na-vodu-n-1350\/","title":{"rendered":"Cisterna na vodu N-1350 (objem 1350 L)"},"content":{"rendered":"<p><strong>Plastov\u00e9 n\u00e1dr\u017ee na vodu jsou ur\u010deny k\u00a0transportu tekutiny (\u010dist\u00e9 vody nebo roztoku s\u00a0vodou). Nejsou ur\u010deny pro p\u0159evoz pohonn\u00fdch hmot, agresivn\u00edch, v\u00fdbu\u0161n\u00fdch tekutin apod.<\/strong><\/p>\n<p><strong>Souprava s\u00a0vlastn\u00edm sac\u00edm a v\u00fdtlakov\u00fdm potrub\u00edm je ur\u010dena k pln\u011bn\u00ed, vyprazd\u0148ov\u00e1n\u00ed r\u00e1zov\u011b zadn\u00ed v\u00fdpust\u00ed nebo vyprazd\u0148ov\u00e1n\u00ed p\u0159es pr\u016ftokov\u00fd regul\u00e1tor (a\u017e 3 p\u0159ipojen\u00ed hadice).<\/strong><\/p>\n<p><strong>Plastov\u00e9 n\u00e1dr\u017ee na vodu maj\u00ed vyu\u017eit\u00ed ve spojen\u00ed s\u00a0traktorem a vlastn\u00ed funkce jsou v\u00a0\u010dinnosti p\u0159es pohon pomoc\u00ed kloubov\u00e9 h\u0159\u00eddele z\u00a0traktoru.<\/strong><\/p>\n<p><strong>Dal\u0161\u00ed vyu\u017eit\u00ed je nap\u0159\u00edklad zavla\u017eov\u00e1n\u00ed zahrad, v\u00fdsadby rostlin a ke\u0159\u016f, kropen\u00ed pra\u0161n\u00e9 cesty, um\u00fdv\u00e1n\u00ed pevn\u00fdch p\u0159edm\u011bt\u016f (ohrad, vrat) apod.<\/strong><\/p>\n<p><strong>Sac\u00ed ko\u0161 s hadici 5 m<\/strong><\/p>\n<p><strong>Kardan<\/strong><\/p>\n<p><strong>N\u00e1jezdov\u00e1 brzda<\/strong><\/p>\n<p><strong>Technick\u00e9 parametry:<\/strong><\/p>\n<table width=\"303\">\n<tbody>\n<tr>\n<td><strong>Objem n\u00e1dr\u017ee:<\/strong><\/td>\n<td><strong>1350 l<\/strong><\/td>\n<\/tr>\n<tr>\n<td><strong>D\u00e9lka:<\/strong><\/td>\n<td><strong>3200 mm<\/strong><\/td>\n<\/tr>\n<tr>\n<td><strong>\u0160\u00ed\u0159ka:<\/strong><\/td>\n<td><strong>1500 mm<\/strong><\/td>\n<\/tr>\n<tr>\n<td><strong>Membr\u00e1nov\u00e9 \u010derpadlo:<\/strong><\/td>\n<td><strong>BM 65<\/strong><\/td>\n<\/tr>\n<tr>\n<td><strong>Hmotnost (bez n\u00e1pln\u011b):<\/strong><\/td>\n<td><strong>325 kg<\/strong><\/td>\n<\/tr>\n<\/tbody>\n<\/table>\n","protected":false},"excerpt":{"rendered":"<p>Plastov\u00e9 n\u00e1dr\u017ee na vodu jsou ur\u010deny k\u00a0transportu tekutiny (\u010dist\u00e9 vody nebo roztoku s\u00a0vodou). Nejsou ur\u010deny pro p\u0159evoz pohonn\u00fdch hmot, agresivn\u00edch, v\u00fdbu\u0161n\u00fdch tekutin apod. Souprava s\u00a0vlastn\u00edm sac\u00edm a v\u00fdtlakov\u00fdm potrub\u00edm je ur\u010dena k pln\u011bn\u00ed, vyprazd\u0148ov\u00e1n\u00ed r\u00e1zov\u011b&hellip;<\/p>\n","protected":false},"featured_media":22085,"comment_status":"open","ping_status":"closed","template":"","meta":[],"product_brand":[],"product_cat":[96],"product_tag":[],"class_list":{"0":"post-22088","1":"product","2":"type-product","3":"status-publish","4":"has-post-thumbnail","6":"product_cat-cisterny","8":"first","9":"instock","10":"taxable","11":"shipping-taxable","12":"purchasable","13":"product-type-simple"},"_links":{"self":[{"href":"https:\/\/recarprofi.cz\/uvod\/wp-json\/wp\/v2\/product\/22088","targetHints":{"allow":["GET"]}}],"collection":[{"href":"https:\/\/recarprofi.cz\/uvod\/wp-json\/wp\/v2\/product"}],"about":[{"href":"https:\/\/recarprofi.cz\/uvod\/wp-json\/wp\/v2\/types\/product"}],"replies":[{"embeddable":true,"href":"https:\/\/recarprofi.cz\/uvod\/wp-json\/wp\/v2\/comments?post=22088"}],"version-history":[{"count":2,"href":"https:\/\/recarprofi.cz\/uvod\/wp-json\/wp\/v2\/product\/22088\/revisions"}],"predecessor-version":[{"id":24677,"href":"https:\/\/recarprofi.cz\/uvod\/wp-json\/wp\/v2\/product\/22088\/revisions\/24677"}],"wp:featuredmedia":[{"embeddable":true,"href":"https:\/\/recarprofi.cz\/uvod\/wp-json\/wp\/v2\/media\/22085"}],"wp:attachment":[{"href":"https:\/\/recarprofi.cz\/uvod\/wp-json\/wp\/v2\/media?parent=22088"}],"wp:term":[{"taxonomy":"product_brand","embeddable":true,"href":"https:\/\/recarprofi.cz\/uvod\/wp-json\/wp\/v2\/product_brand?post=22088"},{"taxonomy":"product_cat","embeddable":true,"href":"https:\/\/recarprofi.cz\/uvod\/wp-json\/wp\/v2\/product_cat?post=22088"},{"taxonomy":"product_tag","embeddable":true,"href":"https:\/\/recarprofi.cz\/uvod\/wp-json\/wp\/v2\/product_tag?post=22088"}],"curies":[{"name":"wp","href":"https:\/\/api.w.org\/{rel}","templated":true}]}}