{"id":22096,"date":"2020-06-17T11:51:28","date_gmt":"2020-06-17T09:51:28","guid":{"rendered":"http:\/\/recarprofi.cz\/uvod\/?post_type=product&#038;p=22096"},"modified":"2022-05-04T13:52:35","modified_gmt":"2022-05-04T11:52:35","slug":"bubnovy-zaci-stroj-celni-bcs-200","status":"publish","type":"product","link":"https:\/\/recarprofi.cz\/uvod\/produkt\/bubnovy-zaci-stroj-celni-bcs-200\/","title":{"rendered":"Bubnov\u00fd \u017eac\u00ed stroj \u010deln\u00ed B\u010cS-200"},"content":{"rendered":"<p>Stroj je ur\u010den\u00fd pro se\u010den\u00ed vysok\u00e9 tr\u00e1vy a m\u011bkkost\u00e9belnat\u00fdch rostlin. Pohon p\u0159es kardan od v\u00fdvodov\u00e9 h\u0159\u00eddele traktoru.<\/p>\n<p><strong>Technick\u00e9 parametry:<\/strong><\/p>\n<table width=\"325\">\n<tbody>\n<tr>\n<td><strong>Pracovn\u00ed z\u00e1b\u011br:<\/strong><\/td>\n<td>2000 mm<\/td>\n<\/tr>\n<tr>\n<td><strong>Po\u010det no\u017e\u016f:<\/strong><\/td>\n<td>3 x 3<\/td>\n<\/tr>\n<tr>\n<td><strong>Po\u010det bubn\u016f:<\/strong><\/td>\n<td>3<\/td>\n<\/tr>\n<tr>\n<td><strong>Ot\u00e1\u010dky v\u00fdvodov\u00e9 h\u0159\u00eddele:<\/strong><\/td>\n<td>540 nebo 1000 ot\/min<\/td>\n<\/tr>\n<tr>\n<td><strong>Ot\u00e1\u010dky bubnu:<\/strong><\/td>\n<td>cca 1700 ot\/min<\/td>\n<\/tr>\n<tr>\n<td><strong>V\u00fd\u0161ka strni\u0161t\u011b:<\/strong><\/td>\n<td>40 mm<\/td>\n<\/tr>\n<tr>\n<td><strong>Pracovn\u00ed rychlost:<\/strong><\/td>\n<td>7 km\/h<\/td>\n<\/tr>\n<tr>\n<td><strong>\u00a0V\u00fdkon stroje:<\/strong><\/td>\n<td>cca 1 ha\/h<\/td>\n<\/tr>\n<tr>\n<td><strong>Hmotnost:<\/strong><\/td>\n<td>160 kg<\/td>\n<\/tr>\n<\/tbody>\n<\/table>\n","protected":false},"excerpt":{"rendered":"<p>Stroj je ur\u010den\u00fd pro se\u010den\u00ed vysok\u00e9 tr\u00e1vy a m\u011bkkost\u00e9belnat\u00fdch rostlin. Pohon p\u0159es kardan od v\u00fdvodov\u00e9 h\u0159\u00eddele traktoru. Technick\u00e9 parametry: Pracovn\u00ed z\u00e1b\u011br: 2000 mm Po\u010det no\u017e\u016f: 3 x 3 Po\u010det bubn\u016f: 3 Ot\u00e1\u010dky v\u00fdvodov\u00e9 h\u0159\u00eddele: 540&hellip;<\/p>\n","protected":false},"featured_media":22097,"comment_status":"open","ping_status":"closed","template":"","meta":[],"product_brand":[],"product_cat":[76],"product_tag":[],"class_list":{"0":"post-22096","1":"product","2":"type-product","3":"status-publish","4":"has-post-thumbnail","6":"product_cat-zaci-stroje","8":"first","9":"instock","10":"taxable","11":"shipping-taxable","12":"purchasable","13":"product-type-simple"},"_links":{"self":[{"href":"https:\/\/recarprofi.cz\/uvod\/wp-json\/wp\/v2\/product\/22096","targetHints":{"allow":["GET"]}}],"collection":[{"href":"https:\/\/recarprofi.cz\/uvod\/wp-json\/wp\/v2\/product"}],"about":[{"href":"https:\/\/recarprofi.cz\/uvod\/wp-json\/wp\/v2\/types\/product"}],"replies":[{"embeddable":true,"href":"https:\/\/recarprofi.cz\/uvod\/wp-json\/wp\/v2\/comments?post=22096"}],"version-history":[{"count":1,"href":"https:\/\/recarprofi.cz\/uvod\/wp-json\/wp\/v2\/product\/22096\/revisions"}],"predecessor-version":[{"id":24439,"href":"https:\/\/recarprofi.cz\/uvod\/wp-json\/wp\/v2\/product\/22096\/revisions\/24439"}],"wp:featuredmedia":[{"embeddable":true,"href":"https:\/\/recarprofi.cz\/uvod\/wp-json\/wp\/v2\/media\/22097"}],"wp:attachment":[{"href":"https:\/\/recarprofi.cz\/uvod\/wp-json\/wp\/v2\/media?parent=22096"}],"wp:term":[{"taxonomy":"product_brand","embeddable":true,"href":"https:\/\/recarprofi.cz\/uvod\/wp-json\/wp\/v2\/product_brand?post=22096"},{"taxonomy":"product_cat","embeddable":true,"href":"https:\/\/recarprofi.cz\/uvod\/wp-json\/wp\/v2\/product_cat?post=22096"},{"taxonomy":"product_tag","embeddable":true,"href":"https:\/\/recarprofi.cz\/uvod\/wp-json\/wp\/v2\/product_tag?post=22096"}],"curies":[{"name":"wp","href":"https:\/\/api.w.org\/{rel}","templated":true}]}}