{"id":26168,"date":"2023-05-22T12:46:43","date_gmt":"2023-05-22T10:46:43","guid":{"rendered":"https:\/\/recarprofi.cz\/uvod\/?post_type=product&#038;p=26168"},"modified":"2026-04-01T12:56:00","modified_gmt":"2026-04-01T10:56:00","slug":"nesena-korba-cynkomet-sz-100","status":"publish","type":"product","link":"https:\/\/recarprofi.cz\/uvod\/produkt\/nesena-korba-cynkomet-sz-100\/","title":{"rendered":"Nesen\u00e1 korba Cynkomet SZ-100"},"content":{"rendered":"<p><strong>Korba nesen\u00e1 na t\u0159\u00edbodov\u00e9m z\u00e1v\u011bsu traktoru s t\u0159\u00edstrann\u00fdm vykl\u00e1p\u011bn\u00edm, s otev\u00edrateln\u00fdmi bo\u010dnicemi. Cel\u00e1 konstrukce je \u017e\u00e1rov\u011b zinkovan\u00e1. Je ur\u010dena pro p\u0159evoz zem\u011bd\u011blsk\u00fdch produkt\u016f, sypk\u00fdch materi\u00e1l\u016f, m\u016f\u017ee rovn\u011b\u017e slou\u017eit na p\u0159evoz posypov\u00e9 soli, p\u00edsku sn\u011bhu a komun\u00e1ln\u00edho odpadu. Za\u0159\u00edzen\u00ed nen\u00ed n\u00e1ro\u010dn\u00e9 na manipulaci. Nosnost je 3,5 tuny. M\u00e1 elektrickou instalaci a signalizaci, umo\u017e\u0148uj\u00edc\u00ed provoz po ve\u0159ejn\u00fdch komunikac\u00edch.<\/strong><\/p>\n<p><strong>Technick\u00e9 parametry:<\/strong><\/p>\n<ul>\n<li><strong>Nosnost 3500 kg<\/strong><\/li>\n<li><strong>Vlastn\u00ed hmotnost 480 kg<\/strong><\/li>\n<li><strong>D\u00e9lka \u00a01800 mm<\/strong><\/li>\n<li><strong>\u0160\u00ed\u0159ka \u00a0\u00a02100 mm<\/strong><\/li>\n<li><strong>V\u00fd\u0161ka \u00a0900 mm<\/strong><\/li>\n<li><strong>Rozm\u011bry sk\u0159\u00edn\u011b \u00a01920 x 1550 x 400 mm<\/strong><\/li>\n<li><strong>Objem sk\u0159\u00edn\u011b \u00a01,2 m3<\/strong><\/li>\n<li><strong>V\u00fd\u0161ka n\u00e1kladov\u00e9 plochy od podlo\u017e\u00ed \u00a0345 mm<\/strong><\/li>\n<\/ul>\n","protected":false},"excerpt":{"rendered":"<p>Korba nesen\u00e1 na t\u0159\u00edbodov\u00e9m z\u00e1v\u011bsu traktoru s t\u0159\u00edstrann\u00fdm vykl\u00e1p\u011bn\u00edm, s otev\u00edrateln\u00fdmi bo\u010dnicemi. Cel\u00e1 konstrukce je \u017e\u00e1rov\u011b zinkovan\u00e1. Je ur\u010dena pro p\u0159evoz zem\u011bd\u011blsk\u00fdch produkt\u016f, sypk\u00fdch materi\u00e1l\u016f, m\u016f\u017ee rovn\u011b\u017e slou\u017eit na p\u0159evoz posypov\u00e9 soli, p\u00edsku sn\u011bhu a&hellip;<\/p>\n","protected":false},"featured_media":26169,"comment_status":"closed","ping_status":"closed","template":"","meta":[],"product_brand":[],"product_cat":[117],"product_tag":[],"class_list":{"0":"post-26168","1":"product","2":"type-product","3":"status-publish","4":"has-post-thumbnail","6":"product_cat-korby-nesene","8":"first","9":"instock","10":"taxable","11":"shipping-taxable","12":"purchasable","13":"product-type-simple"},"_links":{"self":[{"href":"https:\/\/recarprofi.cz\/uvod\/wp-json\/wp\/v2\/product\/26168","targetHints":{"allow":["GET"]}}],"collection":[{"href":"https:\/\/recarprofi.cz\/uvod\/wp-json\/wp\/v2\/product"}],"about":[{"href":"https:\/\/recarprofi.cz\/uvod\/wp-json\/wp\/v2\/types\/product"}],"replies":[{"embeddable":true,"href":"https:\/\/recarprofi.cz\/uvod\/wp-json\/wp\/v2\/comments?post=26168"}],"version-history":[{"count":3,"href":"https:\/\/recarprofi.cz\/uvod\/wp-json\/wp\/v2\/product\/26168\/revisions"}],"predecessor-version":[{"id":26172,"href":"https:\/\/recarprofi.cz\/uvod\/wp-json\/wp\/v2\/product\/26168\/revisions\/26172"}],"wp:featuredmedia":[{"embeddable":true,"href":"https:\/\/recarprofi.cz\/uvod\/wp-json\/wp\/v2\/media\/26169"}],"wp:attachment":[{"href":"https:\/\/recarprofi.cz\/uvod\/wp-json\/wp\/v2\/media?parent=26168"}],"wp:term":[{"taxonomy":"product_brand","embeddable":true,"href":"https:\/\/recarprofi.cz\/uvod\/wp-json\/wp\/v2\/product_brand?post=26168"},{"taxonomy":"product_cat","embeddable":true,"href":"https:\/\/recarprofi.cz\/uvod\/wp-json\/wp\/v2\/product_cat?post=26168"},{"taxonomy":"product_tag","embeddable":true,"href":"https:\/\/recarprofi.cz\/uvod\/wp-json\/wp\/v2\/product_tag?post=26168"}],"curies":[{"name":"wp","href":"https:\/\/api.w.org\/{rel}","templated":true}]}}