{"id":26220,"date":"2023-05-22T14:27:06","date_gmt":"2023-05-22T12:27:06","guid":{"rendered":"https:\/\/recarprofi.cz\/uvod\/?post_type=product&#038;p=26220"},"modified":"2023-05-22T14:27:07","modified_gmt":"2023-05-22T12:27:07","slug":"nesena-korba-krpan-pt-180-100","status":"publish","type":"product","link":"https:\/\/recarprofi.cz\/uvod\/produkt\/nesena-korba-krpan-pt-180-100\/","title":{"rendered":"Nesen\u00e1 korba Krpan PT 180\/100"},"content":{"rendered":"<p><strong>Hydraulicky ovl\u00e1dan\u00e1 traktorov\u00e1 plo\u0161ina najde uplatn\u011bn\u00ed v lesnictv\u00ed, zem\u011bd\u011blstv\u00ed, zahradnictv\u00ed nebo i stavebnictv\u00ed. Je vhodn\u00e1 pro nakl\u00e1d\u00e1n\u00ed a p\u0159evoz sypk\u00fdch i kusov\u00fdch materi\u00e1l\u016f. Ide\u00e1ln\u00ed pro manipulaci v mal\u00fdch \u010di jinak zt\u00ed\u017een\u00fdch prostorech. Plo\u0161ina je vybavena siln\u00fdm dvoj\u010dinn\u00fdm p\u00edstem. V p\u0159\u00edpad\u011b, \u017ee traktor nen\u00ed vybaven dvoj\u010dinn\u00fdm syst\u00e9mem, lze p\u00edst jednodu\u0161e upravit\u00a0<\/strong><strong>na jedno\u010dinn\u00fd p\u00edst. V\u00fd\u0161ku plo\u0161iny lze nav\u00fd\u0161it p\u0159\u00eddavn\u00fdmi bo\u010dnicemi.<\/strong><\/p>\n<p><strong>Technick\u00e9 parametry:<\/strong><\/p>\n<ul>\n<li><strong>nosnost 2.000 kg<\/strong><\/li>\n<li><strong>\u0161\u00ed\u0159ka 1.800 mm<\/strong><\/li>\n<li><strong>d\u00e9lka 1.000 mm<\/strong><\/li>\n<li><strong>v\u00fd\u0161ka 400 mm<\/strong><\/li>\n<li><strong>traktor 30-40 kW<\/strong><\/li>\n<li><strong>kategorie z\u00e1v\u011bsu I-II<\/strong><\/li>\n<li><strong>hmotnost 327 kg<\/strong><\/li>\n<li><strong>n\u00e1stavka bo\u010dnice 35 cm (voliteln\u011b)<\/strong><\/li>\n<li><strong>n\u00e1stavka zadn\u00edho \u010dela 35 cm (voliteln\u011b)\u00a0<\/strong><\/li>\n<\/ul>\n<p><strong>Kontakt: +420 603 753 615<\/strong><\/p>\n<p><strong>info@recarprofi.cz<\/strong><\/p>\n","protected":false},"excerpt":{"rendered":"<p>Hydraulicky ovl\u00e1dan\u00e1 traktorov\u00e1 plo\u0161ina najde uplatn\u011bn\u00ed v lesnictv\u00ed, zem\u011bd\u011blstv\u00ed, zahradnictv\u00ed nebo i stavebnictv\u00ed. Je vhodn\u00e1 pro nakl\u00e1d\u00e1n\u00ed a p\u0159evoz sypk\u00fdch i kusov\u00fdch materi\u00e1l\u016f. Ide\u00e1ln\u00ed pro manipulaci v mal\u00fdch \u010di jinak zt\u00ed\u017een\u00fdch prostorech. Plo\u0161ina je vybavena&hellip;<\/p>\n","protected":false},"featured_media":26179,"comment_status":"closed","ping_status":"closed","template":"","meta":[],"product_brand":[],"product_cat":[117],"product_tag":[],"class_list":{"0":"post-26220","1":"product","2":"type-product","3":"status-publish","4":"has-post-thumbnail","6":"product_cat-korby-nesene","8":"first","9":"instock","10":"taxable","11":"shipping-taxable","12":"purchasable","13":"product-type-simple"},"_links":{"self":[{"href":"https:\/\/recarprofi.cz\/uvod\/wp-json\/wp\/v2\/product\/26220","targetHints":{"allow":["GET"]}}],"collection":[{"href":"https:\/\/recarprofi.cz\/uvod\/wp-json\/wp\/v2\/product"}],"about":[{"href":"https:\/\/recarprofi.cz\/uvod\/wp-json\/wp\/v2\/types\/product"}],"replies":[{"embeddable":true,"href":"https:\/\/recarprofi.cz\/uvod\/wp-json\/wp\/v2\/comments?post=26220"}],"version-history":[{"count":1,"href":"https:\/\/recarprofi.cz\/uvod\/wp-json\/wp\/v2\/product\/26220\/revisions"}],"predecessor-version":[{"id":26221,"href":"https:\/\/recarprofi.cz\/uvod\/wp-json\/wp\/v2\/product\/26220\/revisions\/26221"}],"wp:featuredmedia":[{"embeddable":true,"href":"https:\/\/recarprofi.cz\/uvod\/wp-json\/wp\/v2\/media\/26179"}],"wp:attachment":[{"href":"https:\/\/recarprofi.cz\/uvod\/wp-json\/wp\/v2\/media?parent=26220"}],"wp:term":[{"taxonomy":"product_brand","embeddable":true,"href":"https:\/\/recarprofi.cz\/uvod\/wp-json\/wp\/v2\/product_brand?post=26220"},{"taxonomy":"product_cat","embeddable":true,"href":"https:\/\/recarprofi.cz\/uvod\/wp-json\/wp\/v2\/product_cat?post=26220"},{"taxonomy":"product_tag","embeddable":true,"href":"https:\/\/recarprofi.cz\/uvod\/wp-json\/wp\/v2\/product_tag?post=26220"}],"curies":[{"name":"wp","href":"https:\/\/api.w.org\/{rel}","templated":true}]}}