{"id":27239,"date":"2023-11-24T08:09:55","date_gmt":"2023-11-24T07:09:55","guid":{"rendered":"https:\/\/recarprofi.cz\/uvod\/?post_type=product&#038;p=27239"},"modified":"2024-03-13T09:27:26","modified_gmt":"2024-03-13T08:27:26","slug":"strecova-folie-silotite-500-1800-cerna","status":"publish","type":"product","link":"https:\/\/recarprofi.cz\/uvod\/produkt\/strecova-folie-silotite-500-1800-cerna\/","title":{"rendered":"Stre\u010dov\u00e1 folie Silotite 500\/1800, zelen\u00e1"},"content":{"rendered":"<p>Parametry:<\/p>\n<ul>\n<li>5-vrstv\u00e1 folie<\/li>\n<li>\u0161\u00ed\u0159ka 500 mm<\/li>\n<li>n\u00e1vin 1.800 m<\/li>\n<li>tlou\u0161\u0165ka 0.025 mm<\/li>\n<li>barva \u010dern\u00e1<\/li>\n<li>po\u010det rol\u00ed na palet\u011b 48 ks<\/li>\n<\/ul>\n","protected":false},"excerpt":{"rendered":"<p>Parametry: 5-vrstv\u00e1 folie \u0161\u00ed\u0159ka 500 mm n\u00e1vin 1.800 m tlou\u0161\u0165ka 0.025 mm barva \u010dern\u00e1 po\u010det rol\u00ed na palet\u011b 48 ks<\/p>\n","protected":false},"featured_media":27236,"comment_status":"closed","ping_status":"closed","template":"","meta":[],"product_brand":[],"product_cat":[118],"product_tag":[],"class_list":{"0":"post-27239","1":"product","2":"type-product","3":"status-publish","4":"has-post-thumbnail","6":"product_cat-recarprofi-cz-produkty-site-a-folie-na-baliky","8":"first","9":"instock","10":"sale","11":"taxable","12":"shipping-taxable","13":"purchasable","14":"product-type-simple"},"_links":{"self":[{"href":"https:\/\/recarprofi.cz\/uvod\/wp-json\/wp\/v2\/product\/27239","targetHints":{"allow":["GET"]}}],"collection":[{"href":"https:\/\/recarprofi.cz\/uvod\/wp-json\/wp\/v2\/product"}],"about":[{"href":"https:\/\/recarprofi.cz\/uvod\/wp-json\/wp\/v2\/types\/product"}],"replies":[{"embeddable":true,"href":"https:\/\/recarprofi.cz\/uvod\/wp-json\/wp\/v2\/comments?post=27239"}],"version-history":[{"count":2,"href":"https:\/\/recarprofi.cz\/uvod\/wp-json\/wp\/v2\/product\/27239\/revisions"}],"predecessor-version":[{"id":28065,"href":"https:\/\/recarprofi.cz\/uvod\/wp-json\/wp\/v2\/product\/27239\/revisions\/28065"}],"wp:featuredmedia":[{"embeddable":true,"href":"https:\/\/recarprofi.cz\/uvod\/wp-json\/wp\/v2\/media\/27236"}],"wp:attachment":[{"href":"https:\/\/recarprofi.cz\/uvod\/wp-json\/wp\/v2\/media?parent=27239"}],"wp:term":[{"taxonomy":"product_brand","embeddable":true,"href":"https:\/\/recarprofi.cz\/uvod\/wp-json\/wp\/v2\/product_brand?post=27239"},{"taxonomy":"product_cat","embeddable":true,"href":"https:\/\/recarprofi.cz\/uvod\/wp-json\/wp\/v2\/product_cat?post=27239"},{"taxonomy":"product_tag","embeddable":true,"href":"https:\/\/recarprofi.cz\/uvod\/wp-json\/wp\/v2\/product_tag?post=27239"}],"curies":[{"name":"wp","href":"https:\/\/api.w.org\/{rel}","templated":true}]}}