{"id":27289,"date":"2023-12-05T14:54:53","date_gmt":"2023-12-05T13:54:53","guid":{"rendered":"https:\/\/recarprofi.cz\/uvod\/?post_type=product&#038;p=27289"},"modified":"2024-02-26T15:01:53","modified_gmt":"2024-02-26T14:01:53","slug":"kloubovy-nakladac-thaler-1220","status":"publish","type":"product","link":"https:\/\/recarprofi.cz\/uvod\/produkt\/kloubovy-nakladac-thaler-1220\/","title":{"rendered":"Kloubov\u00fd naklada\u010d Thaler 1220"},"content":{"rendered":"\t\t<div data-elementor-type=\"wp-post\" data-elementor-id=\"27289\" class=\"elementor elementor-27289\">\n\t\t\t\t\t\t<section class=\"elementor-section elementor-top-section elementor-element elementor-element-643464f5 elementor-section-boxed elementor-section-height-default elementor-section-height-default\" data-id=\"643464f5\" data-element_type=\"section\" data-e-type=\"section\">\n\t\t\t\t\t\t<div class=\"elementor-container elementor-column-gap-default\">\n\t\t\t\t\t<div class=\"elementor-column elementor-col-100 elementor-top-column elementor-element elementor-element-54e40ed6\" data-id=\"54e40ed6\" data-element_type=\"column\" data-e-type=\"column\">\n\t\t\t<div class=\"elementor-widget-wrap elementor-element-populated\">\n\t\t\t\t\t\t<div class=\"elementor-element elementor-element-130e61d1 elementor-widget elementor-widget-text-editor\" data-id=\"130e61d1\" data-element_type=\"widget\" data-e-type=\"widget\" data-widget_type=\"text-editor.default\">\n\t\t\t\t<div class=\"elementor-widget-container\">\n\t\t\t\t\t\t\t\t\tStandardn\u00ed v\u00fdbava:\r\n<ul>\r\n \t<li>CE homologace.<\/li>\r\n \t<li>V\u00fdkyvn\u00fd centr\u00e1ln\u00ed kloub s vysokou pevnost\u00ed v tahu.<\/li>\r\n \t<li>T\u0159et\u00ed hydraulick\u00e1 funkce.<\/li>\r\n \t<li>Hydraulick\u00e9 rychloup\u00edn\u00e1n\u00ed.<\/li>\r\n \t<li>Multifunk\u010dn\u00ed joystick, jednop\u00e1kov\u00e9 ovl\u00e1d\u00e1n\u00ed s plovouc\u00ed polohou v\u00fdlo\u017en\u00edku.<\/li>\r\n \t<li>Joystick s p\u0159ep\u00edna\u010dem sm\u011bru j\u00edzdy.<\/li>\r\n \t<li>Optimalizovan\u00fd paraleln\u00ed pohyb.<\/li>\r\n \t<li>Mechanicky odpru\u017een\u00e9 sedadlo obsluhy s bezpe\u010dnostn\u00edm p\u00e1sem a ochrann\u00fd syst\u00e9m obsluhy odpov\u00eddaj\u00ed nejnov\u011bj\u0161\u00edm sm\u011brnic\u00edm CE.<\/li>\r\n \t<li>Ochrann\u00fd r\u00e1m ROPS\/FOPS.<\/li>\r\n \t<li>2 pracovn\u00ed sv\u011btla LED (ka\u017ed\u00e9 1150 lm) um\u00edst\u011bn\u00e9 na ochrann\u00e9m r\u00e1mu (1 na p\u0159edn\u00ed stran\u011b, 1 na zadn\u00ed stran\u011b).<\/li>\r\n \t<li>Snadno p\u0159\u00edstupn\u00e1 mazac\u00ed m\u00edsta.<\/li>\r\n \t<li>Odpojova\u010d akumul\u00e1toru z vn\u011bj\u0161\u00ed strany stroje.<\/li>\r\n \t<li>Rychloup\u00ednac\u00ed syst\u00e9m &#8211; THALER Small s hydraulick\u00fdm up\u00edn\u00e1n\u00edm 3-cestn\u00fdm ventilem.<\/li>\r\n \t<li>Z kinematika<\/li>\r\n<\/ul>\r\nTechnick\u00e9 parametry:\r\n<ul>\r\n \t<li>Motor Yanmar, 3-v\u00e1lec, 19HP.<\/li>\r\n \t<li>Objem motoru 900 cm3.<\/li>\r\n \t<li>\u00a0Chlazen\u00fd vodou.<\/li>\r\n \t<li>Hydrostatick\u00e1 p\u0159evodovka s automatick\u00fdm ovl\u00e1d\u00e1n\u00edm.<\/li>\r\n \t<li>4-hydromotory pojezdu.<\/li>\r\n \t<li>Rychlost pojezdu 16 km\/hod.<\/li>\r\n \t<li>Zvedac\u00ed s\u00edla 750 kg<\/li>\r\n \t<li>Nosnost v p\u0159\u00edm\u00e9m sm\u011bru 600 kg.<\/li>\r\n \t<li>Nosnost v zalomen\u00ed 45\u00b0 280 kg<\/li>\r\n \t<li>V\u00fd\u0161ka zdvihu v oku v\u00fdlo\u017en\u00edku 2.200 mm.<\/li>\r\n \t<li>Hmotnost 1.180 kg.<\/li>\r\n \t<li>\u0160\u00ed\u0159ka 880 mm.<\/li>\r\n \t<li>V\u00fd\u0161ka 1.990 mm.<\/li>\r\n \t<li>D\u00e9lka 2.480 mm<\/li>\r\n<\/ul>\r\nKontakt:\r\n\r\nInfo@recarprofi.cz\r\n\r\nTel: +420 603 753 615\t\t\t\t\t\t\t\t<\/div>\n\t\t\t\t<\/div>\n\t\t\t\t\t<\/div>\n\t\t<\/div>\n\t\t\t\t\t<\/div>\n\t\t<\/section>\n\t\t\t\t<\/div>\n\t\t","protected":false},"excerpt":{"rendered":"<p>Standardn\u00ed v\u00fdbava: CE homologace. V\u00fdkyvn\u00fd centr\u00e1ln\u00ed kloub s vysokou pevnost\u00ed v tahu. T\u0159et\u00ed hydraulick\u00e1 funkce. Hydraulick\u00e9 rychloup\u00edn\u00e1n\u00ed. Multifunk\u010dn\u00ed joystick, jednop\u00e1kov\u00e9 ovl\u00e1d\u00e1n\u00ed s plovouc\u00ed polohou v\u00fdlo\u017en\u00edku. Joystick s p\u0159ep\u00edna\u010dem sm\u011bru j\u00edzdy. Optimalizovan\u00fd paraleln\u00ed pohyb. Mechanicky odpru\u017een\u00e9&hellip;<\/p>\n","protected":false},"featured_media":28365,"comment_status":"closed","ping_status":"closed","template":"","meta":[],"product_brand":[],"product_cat":[65],"product_tag":[],"class_list":{"0":"post-27289","1":"product","2":"type-product","3":"status-publish","4":"has-post-thumbnail","6":"product_cat-nakladace","8":"first","9":"instock","10":"sale","11":"taxable","12":"shipping-taxable","13":"purchasable","14":"product-type-simple"},"_links":{"self":[{"href":"https:\/\/recarprofi.cz\/uvod\/wp-json\/wp\/v2\/product\/27289","targetHints":{"allow":["GET"]}}],"collection":[{"href":"https:\/\/recarprofi.cz\/uvod\/wp-json\/wp\/v2\/product"}],"about":[{"href":"https:\/\/recarprofi.cz\/uvod\/wp-json\/wp\/v2\/types\/product"}],"replies":[{"embeddable":true,"href":"https:\/\/recarprofi.cz\/uvod\/wp-json\/wp\/v2\/comments?post=27289"}],"version-history":[{"count":7,"href":"https:\/\/recarprofi.cz\/uvod\/wp-json\/wp\/v2\/product\/27289\/revisions"}],"predecessor-version":[{"id":28322,"href":"https:\/\/recarprofi.cz\/uvod\/wp-json\/wp\/v2\/product\/27289\/revisions\/28322"}],"wp:featuredmedia":[{"embeddable":true,"href":"https:\/\/recarprofi.cz\/uvod\/wp-json\/wp\/v2\/media\/28365"}],"wp:attachment":[{"href":"https:\/\/recarprofi.cz\/uvod\/wp-json\/wp\/v2\/media?parent=27289"}],"wp:term":[{"taxonomy":"product_brand","embeddable":true,"href":"https:\/\/recarprofi.cz\/uvod\/wp-json\/wp\/v2\/product_brand?post=27289"},{"taxonomy":"product_cat","embeddable":true,"href":"https:\/\/recarprofi.cz\/uvod\/wp-json\/wp\/v2\/product_cat?post=27289"},{"taxonomy":"product_tag","embeddable":true,"href":"https:\/\/recarprofi.cz\/uvod\/wp-json\/wp\/v2\/product_tag?post=27289"}],"curies":[{"name":"wp","href":"https:\/\/api.w.org\/{rel}","templated":true}]}}