{"id":27300,"date":"2023-12-05T15:30:55","date_gmt":"2023-12-05T14:30:55","guid":{"rendered":"https:\/\/recarprofi.cz\/uvod\/?post_type=product&#038;p=27300"},"modified":"2024-02-26T14:52:50","modified_gmt":"2024-02-26T13:52:50","slug":"kloubovy-nakladac-thaler-2226l","status":"publish","type":"product","link":"https:\/\/recarprofi.cz\/uvod\/produkt\/kloubovy-nakladac-thaler-2226l\/","title":{"rendered":"Kloubov\u00fd naklada\u010d Thaler 2226L"},"content":{"rendered":"<p>Standardn\u00ed v\u00fdbava:<\/p>\n<ul>\n<li>CE homologace.<\/li>\n<li>V\u00fdkyvn\u00fd centr\u00e1ln\u00ed kloub s vysokou pevnost\u00ed v tahu.<\/li>\n<li>T\u0159et\u00ed hydraulick\u00e1 funkce.<\/li>\n<li>Hydraulick\u00e9 rychloup\u00edn\u00e1n\u00ed.<\/li>\n<li>Multifunk\u010dn\u00ed joystick, jednop\u00e1kov\u00e9 ovl\u00e1d\u00e1n\u00ed s plovouc\u00ed polohou v\u00fdlo\u017en\u00edku.<\/li>\n<li>Joystick s p\u0159ep\u00edna\u010dem sm\u011bru j\u00edzdy.<\/li>\n<li>Optimalizovan\u00fd paraleln\u00ed pohyb.<\/li>\n<li>Mechanicky odpru\u017een\u00e9 sedadlo obsluhy s bezpe\u010dnostn\u00edm p\u00e1sem a ochrann\u00fd syst\u00e9m obsluhy odpov\u00eddaj\u00ed nejnov\u011bj\u0161\u00edm sm\u011brnic\u00edm CE.<\/li>\n<li>Ochrann\u00fd r\u00e1m ROPS\/FOPS.<\/li>\n<li>3 pracovn\u00ed sv\u011btla LED (ka\u017ed\u00e9 1150 lm) um\u00edst\u011bn\u00e9 na ochrann\u00e9m r\u00e1mu (2 na p\u0159edn\u00ed stran\u011b, 1 na zadn\u00ed stran\u011b).<\/li>\n<li>Snadno p\u0159\u00edstupn\u00e1 mazac\u00ed m\u00edsta.<\/li>\n<li>Odpojova\u010d akumul\u00e1toru z vn\u011bj\u0161\u00ed strany stroje.<\/li>\n<li>Rychloup\u00ednac\u00ed syst\u00e9m \u2013 THALER Small s hydraulick\u00fdm up\u00edn\u00e1n\u00edm 3-cestn\u00fdm ventilem.<\/li>\n<li>Z kinematika<\/li>\n<\/ul>\n<p>Technick\u00e9 parametry:<\/p>\n<ul>\n<li>Motor Yanmar, 3-v\u00e1lec, 25HP.<\/li>\n<li>Objem motoru 1.120 cm3.<\/li>\n<li>\u00a0Chlazen\u00fd vodou<\/li>\n<li>2-hydromotory pojezdu.<\/li>\n<li>Rychlost pojezdu 12 km\/hod.<\/li>\n<li>Zvedac\u00ed s\u00edla 1.500 kg<\/li>\n<li>Nosnost v p\u0159\u00edm\u00e9m sm\u011bru 1.100 kg.<\/li>\n<li>Nosnost v zalomen\u00ed 45\u00b0 670 kg<\/li>\n<li>V\u00fd\u0161ka zdvihu v oku v\u00fdlo\u017en\u00edku 2.150 mm.<\/li>\n<li>Hmotnost 1.560 kg.<\/li>\n<li>\u0160\u00ed\u0159ka 920 mm.<\/li>\n<li>V\u00fd\u0161ka 2.160 mm.<\/li>\n<li>D\u00e9lka 2.990 mm<\/li>\n<\/ul>\n<p>Kontakt:<\/p>\n<p>Info@recarprofi.cz<\/p>\n<p>Tel: +420 603 753 615<\/p>\n","protected":false},"excerpt":{"rendered":"<p>Standardn\u00ed v\u00fdbava: CE homologace. V\u00fdkyvn\u00fd centr\u00e1ln\u00ed kloub s vysokou pevnost\u00ed v tahu. T\u0159et\u00ed hydraulick\u00e1 funkce. Hydraulick\u00e9 rychloup\u00edn\u00e1n\u00ed. Multifunk\u010dn\u00ed joystick, jednop\u00e1kov\u00e9 ovl\u00e1d\u00e1n\u00ed s plovouc\u00ed polohou v\u00fdlo\u017en\u00edku. Joystick s p\u0159ep\u00edna\u010dem sm\u011bru j\u00edzdy. Optimalizovan\u00fd paraleln\u00ed pohyb. Mechanicky odpru\u017een\u00e9&hellip;<\/p>\n","protected":false},"featured_media":27301,"comment_status":"closed","ping_status":"closed","template":"","meta":[],"product_brand":[],"product_cat":[65],"product_tag":[],"class_list":{"0":"post-27300","1":"product","2":"type-product","3":"status-publish","4":"has-post-thumbnail","6":"product_cat-nakladace","8":"first","9":"instock","10":"sale","11":"taxable","12":"shipping-taxable","13":"purchasable","14":"product-type-simple"},"_links":{"self":[{"href":"https:\/\/recarprofi.cz\/uvod\/wp-json\/wp\/v2\/product\/27300","targetHints":{"allow":["GET"]}}],"collection":[{"href":"https:\/\/recarprofi.cz\/uvod\/wp-json\/wp\/v2\/product"}],"about":[{"href":"https:\/\/recarprofi.cz\/uvod\/wp-json\/wp\/v2\/types\/product"}],"replies":[{"embeddable":true,"href":"https:\/\/recarprofi.cz\/uvod\/wp-json\/wp\/v2\/comments?post=27300"}],"version-history":[{"count":1,"href":"https:\/\/recarprofi.cz\/uvod\/wp-json\/wp\/v2\/product\/27300\/revisions"}],"predecessor-version":[{"id":27306,"href":"https:\/\/recarprofi.cz\/uvod\/wp-json\/wp\/v2\/product\/27300\/revisions\/27306"}],"wp:featuredmedia":[{"embeddable":true,"href":"https:\/\/recarprofi.cz\/uvod\/wp-json\/wp\/v2\/media\/27301"}],"wp:attachment":[{"href":"https:\/\/recarprofi.cz\/uvod\/wp-json\/wp\/v2\/media?parent=27300"}],"wp:term":[{"taxonomy":"product_brand","embeddable":true,"href":"https:\/\/recarprofi.cz\/uvod\/wp-json\/wp\/v2\/product_brand?post=27300"},{"taxonomy":"product_cat","embeddable":true,"href":"https:\/\/recarprofi.cz\/uvod\/wp-json\/wp\/v2\/product_cat?post=27300"},{"taxonomy":"product_tag","embeddable":true,"href":"https:\/\/recarprofi.cz\/uvod\/wp-json\/wp\/v2\/product_tag?post=27300"}],"curies":[{"name":"wp","href":"https:\/\/api.w.org\/{rel}","templated":true}]}}