{"id":28572,"date":"2024-03-14T08:44:07","date_gmt":"2024-03-14T07:44:07","guid":{"rendered":"https:\/\/recarprofi.cz\/uvod\/?post_type=product&#038;p=28572"},"modified":"2024-03-14T10:30:35","modified_gmt":"2024-03-14T09:30:35","slug":"vysokozdvizny-vozik-baoli-kbg-15-kabina-s-topenim","status":"publish","type":"product","link":"https:\/\/recarprofi.cz\/uvod\/produkt\/vysokozdvizny-vozik-baoli-kbg-15-kabina-s-topenim\/","title":{"rendered":"Vysokozdvi\u017en\u00fd voz\u00edk Baoli KBG-15 (kabina s topen\u00edm)"},"content":{"rendered":"<p>Vysokozdvi\u017en\u00e9 voz\u00edky \u0159ady KBG jsou navr\u017eeny tak, aby poskytovaly vysokou produktivitu a vynikaj\u00edc\u00ed v\u00fdkon. Pohodl\u00ed zaji\u0161\u0165uje pln\u011b odpru\u017een\u00e1 kabina, kter\u00e1 sni\u017euje vibrace poch\u00e1zej\u00edc\u00ed ze zem\u011b. Velk\u00e1, prostorn\u00e1 a snadno p\u0159\u00edstupn\u00e1 kabina je navr\u017eena tak, aby zaru\u010dovala maxim\u00e1ln\u00ed v\u00fdhled a n\u00e1sledn\u011b zv\u00fd\u0161ila bezpe\u010dnost. KBG\u00a0 je extr\u00e9mn\u011b v\u0161estrann\u00fd voz\u00edk, kter\u00fd se hod\u00ed pro v\u00edce pou\u017eit\u00ed.\u00a0 Dal\u0161\u00edmi d\u016fle\u017eit\u00fdmi pomocn\u00edky p\u0159i \u0159\u00edzen\u00ed jsou ped\u00e1lov\u00e1 parkovac\u00ed brzda, elektronick\u00fd voli\u010d sm\u011bru j\u00edzdy, snadno dostupn\u00e9 hydraulick\u00e9 p\u00e1ky a palubn\u00ed deska s multifunk\u010dn\u00edm displejem. Kvalita pou\u017eit\u00fdch komponent\u016f zaru\u010duje spolehlivost vysokozdvi\u017en\u00e9ho voz\u00edku.\u00a0Je to perfektn\u00ed volba pro ty, kte\u0159\u00ed hledaj\u00ed robustn\u00ed kvalitn\u00ed produkt, ale nepot\u0159ebuj\u00ed super vybaven\u00fd vysokozdvi\u017en\u00fd voz\u00edk.<\/p>\n<section class=\"elementor-section elementor-top-section elementor-element elementor-element-4792bd7 elementor-section-boxed elementor-section-height-default elementor-section-height-default\" data-id=\"4792bd7\" data-element_type=\"section\">\n<div class=\"elementor-container elementor-column-gap-default\">\n<div class=\"elementor-row\">\n<div class=\"elementor-column elementor-col-100 elementor-top-column elementor-element elementor-element-374fdbe\" data-id=\"374fdbe\" data-element_type=\"column\">\n<div class=\"elementor-column-wrap elementor-element-populated\">\n<div class=\"elementor-widget-wrap\">\n<div class=\"elementor-element elementor-element-b3fc2f8 elementor-widget elementor-widget-text-editor\" data-id=\"b3fc2f8\" data-element_type=\"widget\" data-widget_type=\"text-editor.default\">\n<div class=\"elementor-widget-container\">\n<div class=\"elementor-text-editor elementor-clearfix\">\n<ul>\n<li>Snadn\u00fd p\u0159\u00edstup ke v\u0161em komponent\u016fm<\/li>\n<li>V\u00edko otev\u00edrateln\u00e9 p\u0159es 90\u00b0 pro dokonal\u00fd p\u0159\u00edstup do motorov\u00e9ho prostoru<\/li>\n<li>Velmi velk\u00fd motorov\u00fd prostor pro pohodln\u00fd p\u0159\u00edstup ke v\u0161em komponent\u016fm<\/li>\n<li>p\u0159evodovka KION<\/li>\n<\/ul>\n<p><strong>V\u00fdbava:<\/strong><\/p>\n<ul>\n<li>Bo\u010dn\u00ed posuv vidl\u00ed<\/li>\n<li>Nosnost 1.500 kg<\/li>\n<li>Zdvih 4.700 mm (triplex)<\/li>\n<li>D\u00e9lka vidl\u00ed 1.200 mm<\/li>\n<li>Pohon LPG<\/li>\n<li>Kabina s topen\u00edm<\/li>\n<li>Kompletn\u00ed pracovn\u00ed osv\u011btlen\u00ed<\/li>\n<li>Pneu superelastik<\/li>\n<li>Komfortn\u00ed sedadlo obsluhy<\/li>\n<\/ul>\n<p>&nbsp;<\/p>\n<\/div>\n<\/div>\n<\/div>\n<\/div>\n<\/div>\n<\/div>\n<\/div>\n<\/div>\n<\/section>\n<section class=\"elementor-section elementor-top-section elementor-element elementor-element-fe6df5f elementor-section-boxed elementor-section-height-default elementor-section-height-default\" data-id=\"fe6df5f\" data-element_type=\"section\">\n<div class=\"elementor-container elementor-column-gap-default\">\n<div class=\"elementor-row\">\n<div class=\"elementor-column elementor-col-100 elementor-top-column elementor-element elementor-element-2e4026e\" data-id=\"2e4026e\" data-element_type=\"column\">\n<div class=\"elementor-column-wrap elementor-element-populated\">\n<div class=\"elementor-widget-wrap\">\n<div class=\"elementor-element elementor-element-41a2cb2 elementor-widget elementor-widget-text-editor\" data-id=\"41a2cb2\" data-element_type=\"widget\" data-widget_type=\"text-editor.default\">\n<div class=\"elementor-widget-container\">\n<div class=\"elementor-text-editor elementor-clearfix\">\n<p><strong>Technick\u00e9 parametry:<\/strong><\/p>\n<\/div>\n<\/div>\n<\/div>\n<\/div>\n<\/div>\n<\/div>\n<\/div>\n<\/div>\n<\/section>\n<section class=\"elementor-section elementor-top-section elementor-element elementor-element-111da5b elementor-section-boxed elementor-section-height-default elementor-section-height-default\" data-id=\"111da5b\" data-element_type=\"section\">\n<div class=\"elementor-container elementor-column-gap-default\">\n<div class=\"elementor-row\">\n<div class=\"elementor-column elementor-col-100 elementor-top-column elementor-element elementor-element-c48f9c4\" data-id=\"c48f9c4\" data-element_type=\"column\">\n<div class=\"elementor-column-wrap elementor-element-populated\">\n<div class=\"elementor-widget-wrap\">\n<div class=\"elementor-element elementor-element-288717f elementor-widget elementor-widget-text-editor\" data-id=\"288717f\" data-element_type=\"widget\" data-widget_type=\"text-editor.default\">\n<div class=\"elementor-widget-container\">\n<div class=\"elementor-text-editor elementor-clearfix\">\n<table border=\"1\" width=\"100%\" cellspacing=\"0\" cellpadding=\"4\">\n<tbody>\n<tr valign=\"TOP\">\n<td width=\"50%\">Typov\u00e9 ozna\u010den\u00ed<\/td>\n<td width=\"50%\">KBG-15<\/td>\n<\/tr>\n<tr valign=\"TOP\">\n<td width=\"50%\">Nosnost<\/td>\n<td width=\"50%\">1.500 kg<\/td>\n<\/tr>\n<tr valign=\"TOP\">\n<td width=\"50%\">Vylo\u017een\u00ed t\u011b\u017ei\u0161t\u011b<\/td>\n<td width=\"50%\">500 mm<\/td>\n<\/tr>\n<tr valign=\"TOP\">\n<td width=\"50%\">Pohon<\/td>\n<td width=\"50%\">LPG<\/td>\n<\/tr>\n<tr valign=\"TOP\">\n<td width=\"50%\">Vlastn\u00ed hmotnost<\/td>\n<td width=\"50%\">3.040 kg<\/td>\n<\/tr>\n<tr valign=\"TOP\">\n<td width=\"50%\">Rozvor<\/td>\n<td width=\"50%\">1.500 mm<\/td>\n<\/tr>\n<tr valign=\"TOP\">\n<td width=\"50%\">Celkov\u00e1 d\u00e9lka<\/td>\n<td width=\"50%\">2.362 mm<\/td>\n<\/tr>\n<tr valign=\"TOP\">\n<td width=\"50%\">Celkov\u00e1 \u0161\u00ed\u0159ka<\/td>\n<td width=\"50%\">1.140 mm<\/td>\n<\/tr>\n<tr valign=\"TOP\">\n<td width=\"50%\">V\u00fd\u0161ka k ochrann\u00e9mu r\u00e1mu<\/td>\n<td width=\"50%\">2.065 mm<\/td>\n<\/tr>\n<tr valign=\"TOP\">\n<td width=\"50%\">Rychlost pojezdu<\/td>\n<td width=\"50%\">16,1 km\/h<\/td>\n<\/tr>\n<\/tbody>\n<\/table>\n<\/div>\n<\/div>\n<\/div>\n<\/div>\n<\/div>\n<\/div>\n<\/div>\n<\/div>\n<\/section>\n","protected":false},"excerpt":{"rendered":"<p><a href=\"https:\/\/recarprofi.cz\/wp-content\/uploads\/2024\/03\/baoli-kbg-15.pdf\">Baoli KBG-15<\/a><\/p>\n","protected":false},"featured_media":23944,"comment_status":"closed","ping_status":"closed","template":"","meta":[],"product_brand":[],"product_cat":[119],"product_tag":[],"class_list":{"0":"post-28572","1":"product","2":"type-product","3":"status-publish","4":"has-post-thumbnail","6":"product_cat-vysokozdvizne-voziky-pohon-lpg","8":"first","9":"instock","10":"sale","11":"taxable","12":"shipping-taxable","13":"purchasable","14":"product-type-simple"},"_links":{"self":[{"href":"https:\/\/recarprofi.cz\/uvod\/wp-json\/wp\/v2\/product\/28572","targetHints":{"allow":["GET"]}}],"collection":[{"href":"https:\/\/recarprofi.cz\/uvod\/wp-json\/wp\/v2\/product"}],"about":[{"href":"https:\/\/recarprofi.cz\/uvod\/wp-json\/wp\/v2\/types\/product"}],"replies":[{"embeddable":true,"href":"https:\/\/recarprofi.cz\/uvod\/wp-json\/wp\/v2\/comments?post=28572"}],"version-history":[{"count":1,"href":"https:\/\/recarprofi.cz\/uvod\/wp-json\/wp\/v2\/product\/28572\/revisions"}],"predecessor-version":[{"id":28573,"href":"https:\/\/recarprofi.cz\/uvod\/wp-json\/wp\/v2\/product\/28572\/revisions\/28573"}],"wp:featuredmedia":[{"embeddable":true,"href":"https:\/\/recarprofi.cz\/uvod\/wp-json\/wp\/v2\/media\/23944"}],"wp:attachment":[{"href":"https:\/\/recarprofi.cz\/uvod\/wp-json\/wp\/v2\/media?parent=28572"}],"wp:term":[{"taxonomy":"product_brand","embeddable":true,"href":"https:\/\/recarprofi.cz\/uvod\/wp-json\/wp\/v2\/product_brand?post=28572"},{"taxonomy":"product_cat","embeddable":true,"href":"https:\/\/recarprofi.cz\/uvod\/wp-json\/wp\/v2\/product_cat?post=28572"},{"taxonomy":"product_tag","embeddable":true,"href":"https:\/\/recarprofi.cz\/uvod\/wp-json\/wp\/v2\/product_tag?post=28572"}],"curies":[{"name":"wp","href":"https:\/\/api.w.org\/{rel}","templated":true}]}}