{"id":28579,"date":"2024-03-14T10:12:54","date_gmt":"2024-03-14T09:12:54","guid":{"rendered":"https:\/\/recarprofi.cz\/uvod\/?post_type=product&#038;p=28579"},"modified":"2024-03-14T10:12:55","modified_gmt":"2024-03-14T09:12:55","slug":"vysokozdvizny-vozik-baoli-kbg-20","status":"publish","type":"product","link":"https:\/\/recarprofi.cz\/uvod\/produkt\/vysokozdvizny-vozik-baoli-kbg-20\/","title":{"rendered":"Vysokozdvi\u017en\u00fd voz\u00edk Baoli KBG-20"},"content":{"rendered":"<p>Vysokozdvi\u017en\u00e9 voz\u00edky \u0159ady KBG jsou navr\u017eeny tak, aby poskytovaly vysokou produktivitu a vynikaj\u00edc\u00ed v\u00fdkon. Pohodl\u00ed zaji\u0161\u0165uje pln\u011b odpru\u017een\u00e1 kabina, kter\u00e1 sni\u017euje vibrace poch\u00e1zej\u00edc\u00ed ze zem\u011b. Velk\u00e1, prostorn\u00e1 a snadno p\u0159\u00edstupn\u00e1 kabina je navr\u017eena tak, aby zaru\u010dovala maxim\u00e1ln\u00ed v\u00fdhled a n\u00e1sledn\u011b zv\u00fd\u0161ila bezpe\u010dnost. KBG\u00a0 je extr\u00e9mn\u011b v\u0161estrann\u00fd voz\u00edk, kter\u00fd se hod\u00ed pro v\u00edce pou\u017eit\u00ed.\u00a0 Dal\u0161\u00edmi d\u016fle\u017eit\u00fdmi pomocn\u00edky p\u0159i \u0159\u00edzen\u00ed jsou ped\u00e1lov\u00e1 parkovac\u00ed brzda, elektronick\u00fd voli\u010d sm\u011bru j\u00edzdy, snadno dostupn\u00e9 hydraulick\u00e9 p\u00e1ky a palubn\u00ed deska s multifunk\u010dn\u00edm displejem. Kvalita pou\u017eit\u00fdch komponent\u016f zaru\u010duje spolehlivost vysokozdvi\u017en\u00e9ho voz\u00edku.\u00a0Je to perfektn\u00ed volba pro ty, kte\u0159\u00ed hledaj\u00ed robustn\u00ed kvalitn\u00ed produkt, ale nepot\u0159ebuj\u00ed super vybaven\u00fd vysokozdvi\u017en\u00fd voz\u00edk.<\/p>\n<ul>\n<li>Pln\u011b odpru\u017een\u00e1 kabina sni\u017euje vibrace poch\u00e1zej\u00edc\u00ed ze zem\u011b a maximalizuje<\/li>\n<li>\u00a0pohodl\u00ed obsluhy<\/li>\n<li>Zvedac\u00ed v\u00e1lce odpru\u017een\u00e9 p\u0159i sestupu pro maxim\u00e1ln\u00ed bezpe\u010dnost p\u0159i manipulaci<\/li>\n<li>\u00a0s choulostiv\u011bj\u0161\u00edmi b\u0159emeny<\/li>\n<li>Maxim\u00e1ln\u00ed viditelnost zaru\u010dena zvedac\u00edmi sloupky<\/li>\n<li>Extr\u00e9mn\u011b robustn\u00ed kabina \u0159idi\u010de poskytuj\u00edc\u00ed vynikaj\u00edc\u00ed v\u00fdhled<\/li>\n<li>Kovov\u00e9 v\u00edko motorov\u00e9ho prostoru pro maxim\u00e1ln\u00ed odolnost a funk\u010dnost<\/li>\n<li>Velmi prostorn\u00e9 sedadlo \u0159idi\u010de a velmi velk\u00e1 stupa\u010dka obsluhy<\/li>\n<li>Palubn\u00ed deska oper\u00e1tora s multifunk\u010dn\u00edm displejem<\/li>\n<li>Ped\u00e1lov\u00e1 parkovac\u00ed brzda<\/li>\n<li>Elektronick\u00fd voli\u010d sm\u011bru j\u00edzdy<\/li>\n<\/ul>\n<p><strong>V\u00fdbava:<\/strong><\/p>\n<ul>\n<li>bo\u010dn\u00ed posuv vidl\u00ed<\/li>\n<li>nosnost 2.000 kg<\/li>\n<li>zdvih 4.700 mm (triplex)<\/li>\n<li>d\u00e9lka vidl\u00ed 1.200 mm<\/li>\n<li>pohon LPG<\/li>\n<li>ochrann\u00fd r\u00e1m obsluhy<\/li>\n<li>kompletn\u00ed pracovn\u00ed osv\u011btlen\u00ed<\/li>\n<li>pneu superelastiuk<\/li>\n<li>komfortn\u00ed sedadlo obsluhy<\/li>\n<\/ul>\n<section class=\"elementor-section elementor-top-section elementor-element elementor-element-fe6df5f elementor-section-boxed elementor-section-height-default elementor-section-height-default\" data-id=\"fe6df5f\" data-element_type=\"section\">\n<div class=\"elementor-container elementor-column-gap-default\">\n<div class=\"elementor-row\">\n<div class=\"elementor-column elementor-col-100 elementor-top-column elementor-element elementor-element-2e4026e\" data-id=\"2e4026e\" data-element_type=\"column\">\n<div class=\"elementor-column-wrap elementor-element-populated\">\n<div class=\"elementor-widget-wrap\">\n<div class=\"elementor-element elementor-element-41a2cb2 elementor-widget elementor-widget-text-editor\" data-id=\"41a2cb2\" data-element_type=\"widget\" data-widget_type=\"text-editor.default\">\n<div class=\"elementor-widget-container\">\n<div class=\"elementor-text-editor elementor-clearfix\">\n<p><strong>Technick\u00e9 parametry:<\/strong><\/p>\n<\/div>\n<\/div>\n<\/div>\n<\/div>\n<\/div>\n<\/div>\n<\/div>\n<\/div>\n<\/section>\n<section class=\"elementor-section elementor-top-section elementor-element elementor-element-111da5b elementor-section-boxed elementor-section-height-default elementor-section-height-default\" data-id=\"111da5b\" data-element_type=\"section\">\n<div class=\"elementor-container elementor-column-gap-default\">\n<div class=\"elementor-row\">\n<div class=\"elementor-column elementor-col-100 elementor-top-column elementor-element elementor-element-c48f9c4\" data-id=\"c48f9c4\" data-element_type=\"column\">\n<div class=\"elementor-column-wrap elementor-element-populated\">\n<div class=\"elementor-widget-wrap\">\n<div class=\"elementor-element elementor-element-288717f elementor-widget elementor-widget-text-editor\" data-id=\"288717f\" data-element_type=\"widget\" data-widget_type=\"text-editor.default\">\n<div class=\"elementor-widget-container\">\n<div class=\"elementor-text-editor elementor-clearfix\">\n<table border=\"1\" width=\"100%\" cellspacing=\"0\" cellpadding=\"4\">\n<tbody>\n<tr valign=\"TOP\">\n<td width=\"50%\">Typov\u00e9 ozna\u010den\u00ed<\/td>\n<td width=\"50%\">KBG-20<\/td>\n<\/tr>\n<tr valign=\"TOP\">\n<td width=\"50%\">Nosnost<\/td>\n<td width=\"50%\">2.000 kg<\/td>\n<\/tr>\n<tr valign=\"TOP\">\n<td width=\"50%\">Vylo\u017een\u00ed t\u011b\u017ei\u0161t\u011b<\/td>\n<td width=\"50%\">500 mm<\/td>\n<\/tr>\n<tr valign=\"TOP\">\n<td width=\"50%\">Pohon<\/td>\n<td width=\"50%\">LPG<\/td>\n<\/tr>\n<tr valign=\"TOP\">\n<td width=\"50%\">Vlastn\u00ed hmotnost<\/td>\n<td width=\"50%\">3.160 kg<\/td>\n<\/tr>\n<tr valign=\"TOP\">\n<td width=\"50%\">Rozvor<\/td>\n<td width=\"50%\">1.500 mm<\/td>\n<\/tr>\n<tr valign=\"TOP\">\n<td width=\"50%\">Celkov\u00e1 d\u00e9lka<\/td>\n<td width=\"50%\">2.490 mm<\/td>\n<\/tr>\n<tr valign=\"TOP\">\n<td width=\"50%\">Celkov\u00e1 \u0161\u00ed\u0159ka<\/td>\n<td width=\"50%\">1.140 mm<\/td>\n<\/tr>\n<tr valign=\"TOP\">\n<td width=\"50%\">V\u00fd\u0161ka k ochrann\u00e9mu r\u00e1mu<\/td>\n<td width=\"50%\">2.065 mm<\/td>\n<\/tr>\n<tr valign=\"TOP\">\n<td width=\"50%\">Rychlost pojezdu<\/td>\n<td width=\"50%\">16,5 km\/h<\/td>\n<\/tr>\n<\/tbody>\n<\/table>\n<\/div>\n<\/div>\n<\/div>\n<\/div>\n<\/div>\n<\/div>\n<\/div>\n<\/div>\n<\/section>\n","protected":false},"excerpt":{"rendered":"<p><a href=\"https:\/\/recarprofi.cz\/wp-content\/uploads\/2024\/03\/baoli-kbg-20.pdf\">Baoli KBG-20<\/a><\/p>\n","protected":false},"featured_media":24052,"comment_status":"closed","ping_status":"closed","template":"","meta":[],"product_brand":[],"product_cat":[119],"product_tag":[],"class_list":{"0":"post-28579","1":"product","2":"type-product","3":"status-publish","4":"has-post-thumbnail","6":"product_cat-vysokozdvizne-voziky-pohon-lpg","8":"first","9":"instock","10":"sale","11":"taxable","12":"shipping-taxable","13":"purchasable","14":"product-type-simple"},"_links":{"self":[{"href":"https:\/\/recarprofi.cz\/uvod\/wp-json\/wp\/v2\/product\/28579","targetHints":{"allow":["GET"]}}],"collection":[{"href":"https:\/\/recarprofi.cz\/uvod\/wp-json\/wp\/v2\/product"}],"about":[{"href":"https:\/\/recarprofi.cz\/uvod\/wp-json\/wp\/v2\/types\/product"}],"replies":[{"embeddable":true,"href":"https:\/\/recarprofi.cz\/uvod\/wp-json\/wp\/v2\/comments?post=28579"}],"version-history":[{"count":1,"href":"https:\/\/recarprofi.cz\/uvod\/wp-json\/wp\/v2\/product\/28579\/revisions"}],"predecessor-version":[{"id":28581,"href":"https:\/\/recarprofi.cz\/uvod\/wp-json\/wp\/v2\/product\/28579\/revisions\/28581"}],"wp:featuredmedia":[{"embeddable":true,"href":"https:\/\/recarprofi.cz\/uvod\/wp-json\/wp\/v2\/media\/24052"}],"wp:attachment":[{"href":"https:\/\/recarprofi.cz\/uvod\/wp-json\/wp\/v2\/media?parent=28579"}],"wp:term":[{"taxonomy":"product_brand","embeddable":true,"href":"https:\/\/recarprofi.cz\/uvod\/wp-json\/wp\/v2\/product_brand?post=28579"},{"taxonomy":"product_cat","embeddable":true,"href":"https:\/\/recarprofi.cz\/uvod\/wp-json\/wp\/v2\/product_cat?post=28579"},{"taxonomy":"product_tag","embeddable":true,"href":"https:\/\/recarprofi.cz\/uvod\/wp-json\/wp\/v2\/product_tag?post=28579"}],"curies":[{"name":"wp","href":"https:\/\/api.w.org\/{rel}","templated":true}]}}