{"id":28582,"date":"2024-03-14T13:34:54","date_gmt":"2024-03-14T12:34:54","guid":{"rendered":"https:\/\/recarprofi.cz\/uvod\/?post_type=product&#038;p=28582"},"modified":"2024-03-14T13:36:55","modified_gmt":"2024-03-14T12:36:55","slug":"vysokozdvizny-vozik-baoli-kbg-25-kabina-s-topenim","status":"publish","type":"product","link":"https:\/\/recarprofi.cz\/uvod\/produkt\/vysokozdvizny-vozik-baoli-kbg-25-kabina-s-topenim\/","title":{"rendered":"Vysokozdvi\u017en\u00fd voz\u00edk Baoli KBG-25 (kabina s topen\u00edm)"},"content":{"rendered":"<ul>\n<li>Voz\u00edky KBG 25 jsou navr\u017eeny tak, aby poskytovaly spolehlivost, produktivitu a n\u00e1kladovou efektivitu.<\/li>\n<li>Voz\u00edky jsou vybaveny v\u00fdkonn\u00fdm motorem Doosan, spl\u0148uj\u00edc\u00edm EU5.<\/li>\n<li>KBG 25 jsou vybaveny kvalitn\u00ed a hladkou hydrodynamickou p\u0159evodovkou.<\/li>\n<li>Nov\u00e1 konstrukce sto\u017e\u00e1ru s v\u00fd\u0161kou zdvihu a\u017e 6 500 mm poskytuje obsluze \u0161ir\u0161\u00ed v\u00fdhled.<\/li>\n<li>Profil zvedac\u00edho za\u0159\u00edzen\u00ed a rozm\u00edst\u011bn\u00ed hadic zaru\u010duj\u00ed vynikaj\u00edc\u00ed v\u00fdhled na hroty vidlic a n\u00e1klad zaji\u0161\u0165uj\u00edc\u00ed bezpe\u010dnou a rychlou dobrou manipulaci.<\/li>\n<li>Mo\u017enosti z\u00e1v\u011bsn\u00e9ho nebo integrovan\u00e9ho bo\u010dn\u00edho posuvu zaji\u0161\u0165uj\u00ed rychlej\u0161\u00ed operace nakl\u00e1d\u00e1n\u00ed a vykl\u00e1d\u00e1n\u00ed.<\/li>\n<\/ul>\n<p><strong>Technologie a pohodl\u00ed<\/strong><\/p>\n<ul>\n<li>Technologie vyvinut\u00e1 spole\u010dnost\u00ed Baoli s vyu\u017eit\u00edm technologi\u00ed KION Group<\/li>\n<li>Speci\u00e1ln\u011b optimalizovan\u00fd tvar protiz\u00e1va\u017e\u00ed zvy\u0161uje bezpe\u010dnost a zvy\u0161uje vizu\u00e1ln\u00ed efekt p\u0159i\u00a0 j\u00edzd\u011b vzad<\/li>\n<li>N\u00e1stupn\u00ed madlo a zadn\u00ed madlo s tla\u010d\u00edtkem pro aktivaci klaksonu pro pohodlnou j\u00edzdu vzad<\/li>\n<li>Sn\u00ed\u017een\u00fd pr\u016fm\u011br volantu (300 mm) pro vynikaj\u00edc\u00ed man\u00e9vrovatelnost<\/li>\n<li>Hydraulick\u00e9 p\u00e1ky napravo od obsluhy pro maxim\u00e1ln\u00ed pohodl\u00ed<\/li>\n<li>Standardn\u00ed op\u011bradlo a st\u0159\u00ed\u0161ka pro ochranu p\u0159ed \u017eivly<\/li>\n<\/ul>\n<p><strong>V\u00fdbava:<\/strong><\/p>\n<ul>\n<li>Bo\u010dn\u00ed posuv vidl\u00ed<\/li>\n<li>Nosnost 2.500 kg<\/li>\n<li>Zdvih 4.650 mm, triplex<\/li>\n<li>D\u00e9lka vidl\u00ed 1.200 mm<\/li>\n<li>Pohon LPG<\/li>\n<li>Kabina s topen\u00edm<\/li>\n<li>Kola superelastik<\/li>\n<li>Kompletn\u00ed pracovn\u00ed osv\u011btlen\u00ed<\/li>\n<li>Maj\u00e1k<\/li>\n<li>Komfortn\u00ed sedadlo obsluhy<\/li>\n<\/ul>\n<section class=\"elementor-section elementor-top-section elementor-element elementor-element-fe6df5f elementor-section-boxed elementor-section-height-default elementor-section-height-default\" data-id=\"fe6df5f\" data-element_type=\"section\">\n<div class=\"elementor-container elementor-column-gap-default\">\n<div class=\"elementor-row\">\n<div class=\"elementor-column elementor-col-100 elementor-top-column elementor-element elementor-element-2e4026e\" data-id=\"2e4026e\" data-element_type=\"column\">\n<div class=\"elementor-column-wrap elementor-element-populated\">\n<div class=\"elementor-widget-wrap\">\n<div class=\"elementor-element elementor-element-41a2cb2 elementor-widget elementor-widget-text-editor\" data-id=\"41a2cb2\" data-element_type=\"widget\" data-widget_type=\"text-editor.default\">\n<div class=\"elementor-widget-container\">\n<div class=\"elementor-text-editor elementor-clearfix\">\n<p><strong>Technick\u00e9 parametry:<\/strong><\/p>\n<\/div>\n<\/div>\n<\/div>\n<\/div>\n<\/div>\n<\/div>\n<\/div>\n<\/div>\n<\/section>\n<section class=\"elementor-section elementor-top-section elementor-element elementor-element-111da5b elementor-section-boxed elementor-section-height-default elementor-section-height-default\" data-id=\"111da5b\" data-element_type=\"section\">\n<div class=\"elementor-container elementor-column-gap-default\">\n<div class=\"elementor-row\">\n<div class=\"elementor-column elementor-col-100 elementor-top-column elementor-element elementor-element-c48f9c4\" data-id=\"c48f9c4\" data-element_type=\"column\">\n<div class=\"elementor-column-wrap elementor-element-populated\">\n<div class=\"elementor-widget-wrap\">\n<div class=\"elementor-element elementor-element-288717f elementor-widget elementor-widget-text-editor\" data-id=\"288717f\" data-element_type=\"widget\" data-widget_type=\"text-editor.default\">\n<div class=\"elementor-widget-container\">\n<div class=\"elementor-text-editor elementor-clearfix\">\n<table border=\"1\" width=\"100%\" cellspacing=\"0\" cellpadding=\"4\">\n<tbody>\n<tr valign=\"TOP\">\n<td width=\"50%\">Typov\u00e9 ozna\u010den\u00ed<\/td>\n<td width=\"50%\">KBG-25<\/td>\n<\/tr>\n<tr valign=\"TOP\">\n<td width=\"50%\">Nosnost<\/td>\n<td width=\"50%\">2.500 kg<\/td>\n<\/tr>\n<tr valign=\"TOP\">\n<td width=\"50%\">Vylo\u017een\u00ed t\u011b\u017ei\u0161t\u011b<\/td>\n<td width=\"50%\">500 mm<\/td>\n<\/tr>\n<tr valign=\"TOP\">\n<td width=\"50%\">Pohon<\/td>\n<td width=\"50%\">LPG<\/td>\n<\/tr>\n<tr valign=\"TOP\">\n<td width=\"50%\">Vlastn\u00ed hmotnost<\/td>\n<td width=\"50%\">4.180 kg<\/td>\n<\/tr>\n<tr valign=\"TOP\">\n<td width=\"50%\">Rozvor<\/td>\n<td width=\"50%\">1.760 mm<\/td>\n<\/tr>\n<tr valign=\"TOP\">\n<td width=\"50%\">Celkov\u00e1 d\u00e9lka<\/td>\n<td width=\"50%\">2.780 mm<\/td>\n<\/tr>\n<tr valign=\"TOP\">\n<td width=\"50%\">Celkov\u00e1 \u0161\u00ed\u0159ka<\/td>\n<td width=\"50%\">1.265 mm<\/td>\n<\/tr>\n<tr valign=\"TOP\">\n<td width=\"50%\">V\u00fd\u0161ka k ochrann\u00e9mu r\u00e1mu<\/td>\n<td width=\"50%\">2.221 mm<\/td>\n<\/tr>\n<tr valign=\"TOP\">\n<td width=\"50%\">Rychlost pojezdu<\/td>\n<td width=\"50%\">18,5 km\/h<\/td>\n<\/tr>\n<\/tbody>\n<\/table>\n<\/div>\n<\/div>\n<\/div>\n<\/div>\n<\/div>\n<\/div>\n<\/div>\n<\/div>\n<\/section>\n","protected":false},"excerpt":{"rendered":"<p><a href=\"https:\/\/recarprofi.cz\/wp-content\/uploads\/2024\/03\/baoli-kbg-25.pdf\">Baoli KBG-25<\/a><\/p>\n","protected":false},"featured_media":26407,"comment_status":"closed","ping_status":"closed","template":"","meta":[],"product_brand":[],"product_cat":[119],"product_tag":[],"class_list":{"0":"post-28582","1":"product","2":"type-product","3":"status-publish","4":"has-post-thumbnail","6":"product_cat-vysokozdvizne-voziky-pohon-lpg","8":"first","9":"instock","10":"sale","11":"taxable","12":"shipping-taxable","13":"purchasable","14":"product-type-simple"},"_links":{"self":[{"href":"https:\/\/recarprofi.cz\/uvod\/wp-json\/wp\/v2\/product\/28582","targetHints":{"allow":["GET"]}}],"collection":[{"href":"https:\/\/recarprofi.cz\/uvod\/wp-json\/wp\/v2\/product"}],"about":[{"href":"https:\/\/recarprofi.cz\/uvod\/wp-json\/wp\/v2\/types\/product"}],"replies":[{"embeddable":true,"href":"https:\/\/recarprofi.cz\/uvod\/wp-json\/wp\/v2\/comments?post=28582"}],"version-history":[{"count":1,"href":"https:\/\/recarprofi.cz\/uvod\/wp-json\/wp\/v2\/product\/28582\/revisions"}],"predecessor-version":[{"id":28584,"href":"https:\/\/recarprofi.cz\/uvod\/wp-json\/wp\/v2\/product\/28582\/revisions\/28584"}],"wp:featuredmedia":[{"embeddable":true,"href":"https:\/\/recarprofi.cz\/uvod\/wp-json\/wp\/v2\/media\/26407"}],"wp:attachment":[{"href":"https:\/\/recarprofi.cz\/uvod\/wp-json\/wp\/v2\/media?parent=28582"}],"wp:term":[{"taxonomy":"product_brand","embeddable":true,"href":"https:\/\/recarprofi.cz\/uvod\/wp-json\/wp\/v2\/product_brand?post=28582"},{"taxonomy":"product_cat","embeddable":true,"href":"https:\/\/recarprofi.cz\/uvod\/wp-json\/wp\/v2\/product_cat?post=28582"},{"taxonomy":"product_tag","embeddable":true,"href":"https:\/\/recarprofi.cz\/uvod\/wp-json\/wp\/v2\/product_tag?post=28582"}],"curies":[{"name":"wp","href":"https:\/\/api.w.org\/{rel}","templated":true}]}}