{"id":28876,"date":"2024-03-25T11:53:22","date_gmt":"2024-03-25T10:53:22","guid":{"rendered":"https:\/\/recarprofi.cz\/uvod\/?post_type=product&#038;p=28876"},"modified":"2026-03-16T12:43:07","modified_gmt":"2026-03-16T11:43:07","slug":"traktor-kioti-cs-2220","status":"publish","type":"product","link":"https:\/\/recarprofi.cz\/uvod\/produkt\/traktor-kioti-cs-2220\/","title":{"rendered":"Traktor Kioti CS 2220"},"content":{"rendered":"<p>Mal\u00fd kompaktn\u00ed traktor Kioti CS 2220 nab\u00edz\u00ed \u0161irok\u00e9 uplatn\u011bn\u00ed! Ide\u00e1ln\u00ed na zahradu a men\u0161\u00ed pr\u00e1ce okolo domu \u010di farmy.<\/p>\n<ul>\n<li>Diesel, 3 v\u00e1lec, zdvihov\u00fd obsah 1007 cm3, 21 HP<\/li>\n<li>Jmenovit\u00e9 ot\u00e1\u010dky: 3200 ot\/min<\/li>\n<li>Obsah n\u00e1dr\u017ee: 23,5 litru<\/li>\n<li>Pneumatiky: Agrokola<\/li>\n<li>P\u0159evodovka: 6 x 2 rychlosti, mechanick\u00e1<\/li>\n<li>Max. rychlost: 19,32 km\/h<\/li>\n<li>\u0158\u00edzen\u00ed: servo\u0159\u00edzen\u00ed, pohon v\u0161ech kol, uz\u00e1v\u011brka diferenci\u00e1lu<\/li>\n<li>Hydraulika: \u010derpadlo s v\u00fdkonem 25,7 l\/min<\/li>\n<li>Zdvihov\u00fd s\u00edla zadn\u00edch ramen 715 kg<\/li>\n<li>Standardn\u011b: 1 hydraulick\u00fd okruh vzadu<\/li>\n<li>V\u00fdvodov\u00e1 h\u0159\u00eddel &#8211; PTO &#8211; vzadu: 1 3\/8\u201c, 6 dr\u00e1\u017eek, 540 ot\/min, mezin\u00e1pravov\u00e1 ot\u00e1\u010dky 2200 ot\/min<\/li>\n<li>Ochrann\u00fd r\u00e1m obsluhy ROPSTechnick\u00e1 data:<br \/>\nD\u00e9lka:\u00a0 \u00a0 \u00a0 \u00a0 \u00a0 \u00a0 \u00a0 \u00a0 \u00a0 \u00a0 \u00a0 \u00a0 \u00a0 \u00a0 \u00a0 \u00a0 \u00a0 \u00a02623 mm<br \/>\nRozvor:\u00a0 \u00a0 \u00a0 \u00a0 \u00a0 \u00a0 \u00a0 \u00a0 \u00a0 \u00a0 \u00a0 \u00a0 \u00a0 \u00a0 \u00a0 \u00a0 1400 mm<br \/>\nMinim\u00e1ln\u00ed sv\u011btl\u00e1 v\u00fd\u0161ka: \u00a0 \u00a0 \u00a0 \u00a0190 mm<br \/>\nHmotnost:\u00a0 \u00a0 \u00a0 \u00a0 \u00a0 \u00a0 \u00a0 \u00a0 \u00a0 \u00a0 \u00a0 \u00a0 \u00a0 \u00a0 \u00a0s ROPS 705 kg<br \/>\n\u0160\u00ed\u0159ka:\u00a0 \u00a0 \u00a0 \u00a0 \u00a0 \u00a0 \u00a0 \u00a0 \u00a0 \u00a0 \u00a0 \u00a0 \u00a0 \u00a0 \u00a0 \u00a0 \u00a0 \u00a0 1070 mm na agro kolech<br \/>\nV\u00fd\u0161ka s r\u00e1mem:\u00a0 \u00a0 \u00a0 \u00a0 \u00a0 \u00a0 \u00a0 \u00a0 \u00a0 \u00a0 2280 mm<\/li>\n<\/ul>\n<p>&nbsp;<\/p>\n<p>Kontakt:<\/p>\n<p>info@recarprofi.cz<\/p>\n<p>tel. +420 603 753 615<\/p>\n<p>&nbsp;<\/p>\n<p>&nbsp;<\/p>\n","protected":false},"excerpt":{"rendered":"<p>Mal\u00fd kompaktn\u00ed traktor Kioti CS 2220 nab\u00edz\u00ed \u0161irok\u00e9 uplatn\u011bn\u00ed! Ide\u00e1ln\u00ed na zahradu a men\u0161\u00ed pr\u00e1ce okolo domu \u010di farmy. Diesel, 3 v\u00e1lec, zdvihov\u00fd obsah 1007 cm3, 21 HP Jmenovit\u00e9 ot\u00e1\u010dky: 3200 ot\/min Obsah n\u00e1dr\u017ee: 23,5&hellip;<\/p>\n","protected":false},"featured_media":28877,"comment_status":"closed","ping_status":"closed","template":"","meta":[],"product_brand":[],"product_cat":[121],"product_tag":[],"class_list":{"0":"post-28876","1":"product","2":"type-product","3":"status-publish","4":"has-post-thumbnail","6":"product_cat-traktory-kioti","8":"first","9":"instock","10":"taxable","11":"shipping-taxable","12":"product-type-simple"},"_links":{"self":[{"href":"https:\/\/recarprofi.cz\/uvod\/wp-json\/wp\/v2\/product\/28876","targetHints":{"allow":["GET"]}}],"collection":[{"href":"https:\/\/recarprofi.cz\/uvod\/wp-json\/wp\/v2\/product"}],"about":[{"href":"https:\/\/recarprofi.cz\/uvod\/wp-json\/wp\/v2\/types\/product"}],"replies":[{"embeddable":true,"href":"https:\/\/recarprofi.cz\/uvod\/wp-json\/wp\/v2\/comments?post=28876"}],"version-history":[{"count":6,"href":"https:\/\/recarprofi.cz\/uvod\/wp-json\/wp\/v2\/product\/28876\/revisions"}],"predecessor-version":[{"id":29953,"href":"https:\/\/recarprofi.cz\/uvod\/wp-json\/wp\/v2\/product\/28876\/revisions\/29953"}],"wp:featuredmedia":[{"embeddable":true,"href":"https:\/\/recarprofi.cz\/uvod\/wp-json\/wp\/v2\/media\/28877"}],"wp:attachment":[{"href":"https:\/\/recarprofi.cz\/uvod\/wp-json\/wp\/v2\/media?parent=28876"}],"wp:term":[{"taxonomy":"product_brand","embeddable":true,"href":"https:\/\/recarprofi.cz\/uvod\/wp-json\/wp\/v2\/product_brand?post=28876"},{"taxonomy":"product_cat","embeddable":true,"href":"https:\/\/recarprofi.cz\/uvod\/wp-json\/wp\/v2\/product_cat?post=28876"},{"taxonomy":"product_tag","embeddable":true,"href":"https:\/\/recarprofi.cz\/uvod\/wp-json\/wp\/v2\/product_tag?post=28876"}],"curies":[{"name":"wp","href":"https:\/\/api.w.org\/{rel}","templated":true}]}}