{"id":28908,"date":"2024-03-25T14:13:12","date_gmt":"2024-03-25T13:13:12","guid":{"rendered":"https:\/\/recarprofi.cz\/uvod\/?post_type=product&#038;p=28908"},"modified":"2026-02-24T13:55:05","modified_gmt":"2026-02-24T12:55:05","slug":"traktor-kioti-cx-2510ch-cab","status":"publish","type":"product","link":"https:\/\/recarprofi.cz\/uvod\/produkt\/traktor-kioti-cx-2510ch-cab\/","title":{"rendered":"Traktor Kioti CX 2510CH Cab"},"content":{"rendered":"<h4>Model CX2510 je n\u00e1stupce model\u016f CK2810 a CK3310.<br \/>\nStejn\u00e9 \u0161asi, vy\u0161\u0161\u00ed komfort, tov\u00e1rn\u00ed kabina s klimatizaci.<\/h4>\n<ul>\n<li>\n<h4>Motor: diesel, 3 v\u00e1lec, zdvihov\u00fd obsah 1647 cm3, 24,5 HP, 2600 ot\/min, v\u00fdkon na PTO 24,2 HP<\/h4>\n<\/li>\n<li>\n<h4>N\u00e1dr\u017e: 25 l<\/h4>\n<\/li>\n<li>\n<h4>Pneumatiky: agro<\/h4>\n<\/li>\n<li>\n<h4>P\u0159evodovka: hydrostatick\u00e1 2 rozsahy rychlost\u00ed, rychlost: vp\u0159ed 0 &#8211; 21,74 km\/h, vzad 0 &#8211; 15,22 km\/h<\/h4>\n<\/li>\n<li>\n<h4>\u0158\u00edzen\u00ed: servo\u0159\u00edzen\u00ed, pohon v\u0161ech kol, uz\u00e1v\u011brka diferenci\u00e1lu<\/h4>\n<\/li>\n<li>\n<h4>Hydraulika: \u010derpadlo s v\u00fdkonem 42,9 l\/min, (\u0159\u00edzen\u00ed &#8211; 16,9 l\/min, pracovn\u00ed &#8211; 26 l\/min), 180 bar\u016f<\/h4>\n<\/li>\n<li>\n<h4>Zdvihov\u00fd s\u00edla zadn\u00edch ramen 61 cm od ok \/ max : 739 kg<\/h4>\n<\/li>\n<li>\n<h4>V\u00fdvodov\u00e1 h\u0159\u00eddel &#8211; PTO &#8211; 1 3\/8\u201c, 6 dr\u00e1\u017eek, 540 ot\/min<\/h4>\n<\/li>\n<li>\n<h4>Standardn\u00ed v\u00fdbava: Joystick, nastaviteln\u00fd volant, loketn\u00ed op\u011brka, dr\u017e\u00e1k n\u00e1poj\u016f, krabice na n\u00e1\u0159ad\u00ed, ta\u017en\u00e1 li\u0161ta<\/h4>\n<\/li>\n<li>\n<h4>Vzadu standardn\u011b 1 hydraulick\u00fd okruh<\/h4>\n<\/li>\n<li>\n<h4>HST &#8211; 2 samostatn\u00e9 ped\u00e1ly pojezdu, HST tempomat, HST Linked pedal &#8211; vazba propojen\u00ed ot\u00e1\u010dek motoru s polohou ped\u00e1lu pojezdu<\/h4>\n<\/li>\n<li>\n<h4>Topen\u00ed, klimatizace, zadn\u00ed vyh\u0159\u00edvan\u00e9 okno, st\u011bra\u010d p\u0159edn\u00ed i zadn\u00ed, pracovn\u00ed sv\u011btla na kabin\u011b<\/h4>\n<\/li>\n<li>\n<table border=\"0\" frame=\"VOID\" rules=\"NONE\" cellspacing=\"0\">\n<colgroup>\n<col width=\"59\" \/><\/colgroup>\n<tbody>\n<tr>\n<td colspan=\"12\" align=\"JUSTIFY\" valign=\"TOP\" width=\"1001\" height=\"178\">\n<h4>Technick\u00e1 specifikace:<\/h4>\n<h4>D\u00e9lka: 2790 mm<\/h4>\n<h4>Rozvor: 1520 mm<\/h4>\n<h4>Polom\u011br ot\u00e1\u010den\u00ed: 2350 mm<\/h4>\n<h4>Sv\u011btl\u00e1 v\u00fd\u0161ka: 340 mm<\/h4>\n<h4>Hmotnost: 1272 kg<\/h4>\n<h4>\u0160\u00ed\u0159ka: 1185 mm na agrokolech<\/h4>\n<h4>V\u00fd\u0161ka: 2200 mm<\/h4>\n<h4>Nejv\u011bt\u0161\u00ed tech.p\u0159\u00edpustn\u00e1 \/ povolen\u00e1 hmotnost p\u0159\u00edpoj. vozidla: brzd\u011bn\u00fd 2 000 \/ 2 000 kg, nebrzd\u011bn\u00fd 300 kg<\/h4>\n<h4>Nejv\u011bt\u0161\u00ed tech.p\u0159\u00edpustn\u00e1 \/ povolen\u00e1 hmotnost j\u00edzdn\u00ed soupravy: 3 870 \/ 3 870 kg<\/h4>\n<\/td>\n<\/tr>\n<\/tbody>\n<\/table>\n<\/li>\n<\/ul>\n","protected":false},"excerpt":{"rendered":"<p>Model CX2510 je n\u00e1stupce model\u016f CK2810 a CK3310. Stejn\u00e9 \u0161asi, vy\u0161\u0161\u00ed komfort, tov\u00e1rn\u00ed kabina s klimatizaci. Motor: diesel, 3 v\u00e1lec, zdvihov\u00fd obsah 1647 cm3, 24,5 HP, 2600 ot\/min, v\u00fdkon na PTO 24,2 HP N\u00e1dr\u017e: 25&hellip;<\/p>\n","protected":false},"featured_media":27653,"comment_status":"closed","ping_status":"closed","template":"","meta":[],"product_brand":[],"product_cat":[121],"product_tag":[],"class_list":{"0":"post-28908","1":"product","2":"type-product","3":"status-publish","4":"has-post-thumbnail","6":"product_cat-traktory-kioti","8":"first","9":"instock","10":"taxable","11":"shipping-taxable","12":"product-type-simple"},"_links":{"self":[{"href":"https:\/\/recarprofi.cz\/uvod\/wp-json\/wp\/v2\/product\/28908","targetHints":{"allow":["GET"]}}],"collection":[{"href":"https:\/\/recarprofi.cz\/uvod\/wp-json\/wp\/v2\/product"}],"about":[{"href":"https:\/\/recarprofi.cz\/uvod\/wp-json\/wp\/v2\/types\/product"}],"replies":[{"embeddable":true,"href":"https:\/\/recarprofi.cz\/uvod\/wp-json\/wp\/v2\/comments?post=28908"}],"version-history":[{"count":5,"href":"https:\/\/recarprofi.cz\/uvod\/wp-json\/wp\/v2\/product\/28908\/revisions"}],"predecessor-version":[{"id":29969,"href":"https:\/\/recarprofi.cz\/uvod\/wp-json\/wp\/v2\/product\/28908\/revisions\/29969"}],"wp:featuredmedia":[{"embeddable":true,"href":"https:\/\/recarprofi.cz\/uvod\/wp-json\/wp\/v2\/media\/27653"}],"wp:attachment":[{"href":"https:\/\/recarprofi.cz\/uvod\/wp-json\/wp\/v2\/media?parent=28908"}],"wp:term":[{"taxonomy":"product_brand","embeddable":true,"href":"https:\/\/recarprofi.cz\/uvod\/wp-json\/wp\/v2\/product_brand?post=28908"},{"taxonomy":"product_cat","embeddable":true,"href":"https:\/\/recarprofi.cz\/uvod\/wp-json\/wp\/v2\/product_cat?post=28908"},{"taxonomy":"product_tag","embeddable":true,"href":"https:\/\/recarprofi.cz\/uvod\/wp-json\/wp\/v2\/product_tag?post=28908"}],"curies":[{"name":"wp","href":"https:\/\/api.w.org\/{rel}","templated":true}]}}