{"id":29009,"date":"2024-03-26T12:51:13","date_gmt":"2024-03-26T11:51:13","guid":{"rendered":"https:\/\/recarprofi.cz\/uvod\/?post_type=product&#038;p=29009"},"modified":"2025-10-06T12:36:49","modified_gmt":"2025-10-06T10:36:49","slug":"traktor-kioti-ck-4030ch-cab","status":"publish","type":"product","link":"https:\/\/recarprofi.cz\/uvod\/produkt\/traktor-kioti-ck-4030ch-cab\/","title":{"rendered":"Traktor Kioti CK 4030CH Cab"},"content":{"rendered":"<table border=\"0\" frame=\"VOID\" rules=\"NONE\" cellspacing=\"0\">\n<colgroup>\n<col width=\"59\" \/><\/colgroup>\n<tbody>\n<tr>\n<td colspan=\"12\" align=\"JUSTIFY\" valign=\"TOP\" width=\"1001\" height=\"302\"><strong>Z\u00e1kladn\u00ed vybaven\u00ed:<\/strong><\/p>\n<ul>\n<li>Motor: diesel, 3 v\u00e1lec, zdvihov\u00fd obsah 1826 cm3, 39,6 HP, 2600 ot\/min<\/li>\n<li>N\u00e1dr\u017e: 34 l<\/li>\n<li>Pneumatiky: agro<\/li>\n<li>Hydrostatick\u00e1 p\u0159evodovka: 3 rozsahy rychlost\u00ed, rychlost: vp\u0159ed 0 &#8211; 25,48 km\/h, vzad 0 &#8211; 17,58 km\/h<\/li>\n<li>\u0158\u00edzen\u00ed: servo\u0159\u00edzen\u00ed, pohon v\u0161ech kol, uz\u00e1v\u011brka diferenci\u00e1lu<\/li>\n<li>Hydraulika: \u010derpadlo s v\u00fdkonem 42,9 l\/min, (\u0159\u00edzen\u00ed &#8211; 16,9 l\/min, pracovn\u00ed &#8211; 26 l\/min), 180bar\u016f<\/li>\n<li>Zdvihov\u00fd s\u00edla zadn\u00edch ramen 61 cm od ok\/max: 1030 kg<\/li>\n<li>V\u00fdvodov\u00e1 h\u0159\u00eddel &#8211; PTO &#8211; vzadu: 1 3\/8\u201c, 6 dr\u00e1\u017eek, 540\/540E ot\/min, mezin\u00e1pravov\u00e1 2000 ot\/min<\/li>\n<li>Standardn\u00ed v\u00fdbava: Joystick, nastaviteln\u00fd volant, loketn\u00ed op\u011brka, dr\u017e\u00e1k n\u00e1poj\u016f, krabice na n\u00e1\u0159ad\u00ed, ta\u017en\u00e1 li\u0161ta<\/li>\n<li>2 hydraulick\u00e9 okruhy vzadu<\/li>\n<li>HST &#8211; 2 samostatn\u00e9 ped\u00e1ly pojezdu, HST tempomat, HST Linked pedal &#8211; vazba propojen\u00ed ot\u00e1\u010dek motoru s polohou ped\u00e1lu pojezdu<\/li>\n<li>Topen\u00ed, klimatizace, zadn\u00ed vyh\u0159\u00edvan\u00e9 okno, st\u011bra\u010d p\u0159edn\u00ed, pracovn\u00ed sv\u011btla na kabin\u011b<\/li>\n<\/ul>\n<table border=\"0\" frame=\"VOID\" rules=\"NONE\" cellspacing=\"0\">\n<colgroup>\n<col width=\"59\" \/><\/colgroup>\n<tbody>\n<tr>\n<td colspan=\"12\" align=\"JUSTIFY\" valign=\"TOP\" width=\"1001\" height=\"177\"><strong>Technick\u00e1 specifikace:<\/strong><\/p>\n<ul>\n<li>D\u00e9lka: 3063 mm<\/li>\n<li>Rozvor: 1670 mm<\/li>\n<li>Polom\u011br ot\u00e1\u010den\u00ed: 2450 mm<\/li>\n<li>Sv\u011btl\u00e1 v\u00fd\u0161ka: 340 mm<\/li>\n<li>Hmotnost: 1586 kg<\/li>\n<li>\u0160\u00ed\u0159ka: 1385 mm na agro kolech<\/li>\n<li>V\u00fd\u0161ka: 2359 mm<\/li>\n<\/ul>\n<\/td>\n<\/tr>\n<\/tbody>\n<\/table>\n<\/td>\n<\/tr>\n<\/tbody>\n<\/table>\n","protected":false},"excerpt":{"rendered":"<p>Z\u00e1kladn\u00ed vybaven\u00ed: Motor: diesel, 3 v\u00e1lec, zdvihov\u00fd obsah 1826 cm3, 39,6 HP, 2600 ot\/min N\u00e1dr\u017e: 34 l Pneumatiky: agro Hydrostatick\u00e1 p\u0159evodovka: 3 rozsahy rychlost\u00ed, rychlost: vp\u0159ed 0 &#8211; 25,48 km\/h, vzad 0 &#8211; 17,58 km\/h&hellip;<\/p>\n","protected":false},"featured_media":28990,"comment_status":"closed","ping_status":"closed","template":"","meta":[],"product_brand":[],"product_cat":[121],"product_tag":[],"class_list":{"0":"post-29009","1":"product","2":"type-product","3":"status-publish","4":"has-post-thumbnail","6":"product_cat-traktory-kioti","8":"first","9":"instock","10":"taxable","11":"shipping-taxable","12":"product-type-simple"},"_links":{"self":[{"href":"https:\/\/recarprofi.cz\/uvod\/wp-json\/wp\/v2\/product\/29009","targetHints":{"allow":["GET"]}}],"collection":[{"href":"https:\/\/recarprofi.cz\/uvod\/wp-json\/wp\/v2\/product"}],"about":[{"href":"https:\/\/recarprofi.cz\/uvod\/wp-json\/wp\/v2\/types\/product"}],"replies":[{"embeddable":true,"href":"https:\/\/recarprofi.cz\/uvod\/wp-json\/wp\/v2\/comments?post=29009"}],"version-history":[{"count":2,"href":"https:\/\/recarprofi.cz\/uvod\/wp-json\/wp\/v2\/product\/29009\/revisions"}],"predecessor-version":[{"id":29011,"href":"https:\/\/recarprofi.cz\/uvod\/wp-json\/wp\/v2\/product\/29009\/revisions\/29011"}],"wp:featuredmedia":[{"embeddable":true,"href":"https:\/\/recarprofi.cz\/uvod\/wp-json\/wp\/v2\/media\/28990"}],"wp:attachment":[{"href":"https:\/\/recarprofi.cz\/uvod\/wp-json\/wp\/v2\/media?parent=29009"}],"wp:term":[{"taxonomy":"product_brand","embeddable":true,"href":"https:\/\/recarprofi.cz\/uvod\/wp-json\/wp\/v2\/product_brand?post=29009"},{"taxonomy":"product_cat","embeddable":true,"href":"https:\/\/recarprofi.cz\/uvod\/wp-json\/wp\/v2\/product_cat?post=29009"},{"taxonomy":"product_tag","embeddable":true,"href":"https:\/\/recarprofi.cz\/uvod\/wp-json\/wp\/v2\/product_tag?post=29009"}],"curies":[{"name":"wp","href":"https:\/\/api.w.org\/{rel}","templated":true}]}}