{"id":29043,"date":"2024-03-26T14:49:13","date_gmt":"2024-03-26T13:49:13","guid":{"rendered":"https:\/\/recarprofi.cz\/uvod\/?post_type=product&#038;p=29043"},"modified":"2025-10-06T12:33:57","modified_gmt":"2025-10-06T10:33:57","slug":"traktor-kioti-dk-6020","status":"publish","type":"product","link":"https:\/\/recarprofi.cz\/uvod\/produkt\/traktor-kioti-dk-6020\/","title":{"rendered":"Traktor Kioti DK 6020"},"content":{"rendered":"<table border=\"0\" frame=\"VOID\" rules=\"NONE\" cellspacing=\"0\">\n<colgroup>\n<col width=\"59\" \/><\/colgroup>\n<tbody>\n<tr>\n<td colspan=\"12\" align=\"JUSTIFY\" valign=\"TOP\" width=\"1001\" height=\"340\"><strong>Z\u00e1kladn\u00ed vybaven\u00ed:<\/strong><\/p>\n<ul>\n<li>Motor: diesel, 3 v\u00e1lec, zdvihov\u00fd obsah 1826 cm3, 57,7 HP, 2600 ot\/min<\/li>\n<li>N\u00e1dr\u017e: 48 l<\/li>\n<li>Pneumatiky: agro<\/li>\n<li>Mechanick\u00e1 p\u0159evodovka: hydro schuttle, hydraulick\u00fd reverz, 16 x 16 rychlost\u00ed, rychlost: vp\u0159ed 0,34 &#8211; 32,8 km\/h, vzad 0,33 &#8211; 32,0 km\/h<\/li>\n<li>\u0158\u00edzen\u00ed: servo\u0159\u00edzen\u00ed, pohon v\u0161ech kol, uz\u00e1v\u011brka diferenci\u00e1lu<\/li>\n<li>Hydraulika: \u010cerpadlo s v\u00fdkonem 62,4 l\/min (36,4 l\/min pracovn\u00ed\/26 l\/min \u0159\u00edzen\u00ed)<\/li>\n<li>Zdvihov\u00fd s\u00edla zadn\u00edch ramen 61 cm od ok\/max : 1717 kg<\/li>\n<li>V\u00fdvodov\u00e1 h\u0159\u00eddel &#8211; PTO vzadu: 1 3\/8\u201c, 6 dr\u00e1\u017eek, HST 540 ot\/min, mech. 540\/540E, mezin\u00e1pravov\u00e1 2000 ot\/min<\/li>\n<li>Standardn\u00ed v\u00fdbava: Joystick, nastaviteln\u00fd volant, loketn\u00ed op\u011brka, dr\u017e\u00e1k n\u00e1poj\u016f, krabice na n\u00e1\u0159ad\u00ed, ta\u017en\u00e1 li\u0161ta<\/li>\n<li>Vzadu standardn\u011b 2 hydraulicke okruhy<\/li>\n<li>Ochrann\u00fd r\u00e1m obsluhy ROPS<\/li>\n<\/ul>\n<\/td>\n<\/tr>\n<\/tbody>\n<\/table>\n","protected":false},"excerpt":{"rendered":"<p>Z\u00e1kladn\u00ed vybaven\u00ed: Motor: diesel, 3 v\u00e1lec, zdvihov\u00fd obsah 1826 cm3, 57,7 HP, 2600 ot\/min N\u00e1dr\u017e: 48 l Pneumatiky: agro Mechanick\u00e1 p\u0159evodovka: hydro schuttle, hydraulick\u00fd reverz, 16 x 16 rychlost\u00ed, rychlost: vp\u0159ed 0,34 &#8211; 32,8 km\/h,&hellip;<\/p>\n","protected":false},"featured_media":29022,"comment_status":"closed","ping_status":"closed","template":"","meta":[],"product_brand":[],"product_cat":[121],"product_tag":[],"class_list":{"0":"post-29043","1":"product","2":"type-product","3":"status-publish","4":"has-post-thumbnail","6":"product_cat-traktory-kioti","8":"first","9":"instock","10":"taxable","11":"shipping-taxable","12":"product-type-simple"},"_links":{"self":[{"href":"https:\/\/recarprofi.cz\/uvod\/wp-json\/wp\/v2\/product\/29043","targetHints":{"allow":["GET"]}}],"collection":[{"href":"https:\/\/recarprofi.cz\/uvod\/wp-json\/wp\/v2\/product"}],"about":[{"href":"https:\/\/recarprofi.cz\/uvod\/wp-json\/wp\/v2\/types\/product"}],"replies":[{"embeddable":true,"href":"https:\/\/recarprofi.cz\/uvod\/wp-json\/wp\/v2\/comments?post=29043"}],"version-history":[{"count":2,"href":"https:\/\/recarprofi.cz\/uvod\/wp-json\/wp\/v2\/product\/29043\/revisions"}],"predecessor-version":[{"id":32296,"href":"https:\/\/recarprofi.cz\/uvod\/wp-json\/wp\/v2\/product\/29043\/revisions\/32296"}],"wp:featuredmedia":[{"embeddable":true,"href":"https:\/\/recarprofi.cz\/uvod\/wp-json\/wp\/v2\/media\/29022"}],"wp:attachment":[{"href":"https:\/\/recarprofi.cz\/uvod\/wp-json\/wp\/v2\/media?parent=29043"}],"wp:term":[{"taxonomy":"product_brand","embeddable":true,"href":"https:\/\/recarprofi.cz\/uvod\/wp-json\/wp\/v2\/product_brand?post=29043"},{"taxonomy":"product_cat","embeddable":true,"href":"https:\/\/recarprofi.cz\/uvod\/wp-json\/wp\/v2\/product_cat?post=29043"},{"taxonomy":"product_tag","embeddable":true,"href":"https:\/\/recarprofi.cz\/uvod\/wp-json\/wp\/v2\/product_tag?post=29043"}],"curies":[{"name":"wp","href":"https:\/\/api.w.org\/{rel}","templated":true}]}}