{"id":29094,"date":"2024-04-03T12:17:26","date_gmt":"2024-04-03T10:17:26","guid":{"rendered":"https:\/\/recarprofi.cz\/uvod\/?post_type=product&#038;p=29094"},"modified":"2024-04-03T12:58:42","modified_gmt":"2024-04-03T10:58:42","slug":"teleskopicky-kloubovy-nakladac-thaler-2838t","status":"publish","type":"product","link":"https:\/\/recarprofi.cz\/uvod\/produkt\/teleskopicky-kloubovy-nakladac-thaler-2838t\/","title":{"rendered":"Teleskopick\u00fd kloubov\u00fd naklada\u010d Thaler 2838T"},"content":{"rendered":"<p>Nejmen\u0161\u00ed Thaler s teleskopick\u00fdm v\u00fdlo\u017en\u00edkem. Nejvy\u0161\u0161\u00ed dosah ve st\u0159edn\u00ed t\u0159\u00edd\u011b. Nejen n\u00e1\u0161 nejsiln\u011bj\u0161\u00ed model ve st\u0159edn\u00ed t\u0159\u00edd\u011b, ale tak\u00e9 ten, kter\u00fd dos\u00e1hne nejd\u00e1le. Teleskopick\u00fd v\u00fdlo\u017en\u00edk lze vysunout o 75 cm a celkov\u00e1 v\u00fd\u0161ka tak dosahuje 3,89 m. \u0160\u00ed\u0159ka 1,38 m v\u00fdznamn\u011b pom\u00e1h\u00e1 velk\u00e9 stabilit\u011b stroje. Stejn\u00fd motor Yanmar jako v \u0159ad\u011b 2838 L\/S\/H i zde produkuje 38 kon\u00ed a zaru\u010duje tak dostate\u010dn\u00fd v\u00fdkon. Samoz\u0159ejmost\u00ed je spln\u011bn\u00ed emisn\u00ed normy Stage V.<\/p>\n<p><strong>Standardn\u00ed v\u00fdbava:<\/strong><\/p>\n<p>CE schv\u00e1len\u00ed<br \/>\nV\u00fdkyvn\u00fd centr\u00e1ln\u00ed kloub s vysokou pevnost\u00ed v tahu a 2 dvoj\u010dinn\u00e9 hydraul. v\u00e1lce.<br \/>\nT\u0159et\u00ed hydraulick\u00e1 funkce (DN12 rychlospojky na v\u00fdlo\u017en\u00edku), hydraulick\u00e9 rychloup\u00edn\u00e1n\u00ed<br \/>\n3 LED pracovn\u00ed sv\u011btla (1150 lm) um\u00edst\u011bn\u00e1 na ochrann\u00e9m r\u00e1mu (2x p\u0159edn\u00ed, 1x zadn\u00ed)<br \/>\nPohodln\u00fd p\u0159\u00edstup<br \/>\nSkv\u011bl\u00e1 viditelnost d\u00edky inteligentn\u00ed konstrukci p\u0159edn\u00ed \u010d\u00e1sti ochrann\u00e9ho r\u00e1mu<br \/>\nMultifunk\u010dn\u00ed joystick, jednop\u00e1kov\u00e9 ovl\u00e1d\u00e1n\u00ed s plovouc\u00ed polohou pro v\u0161echny funkce jako\u017e i blokov\u00e1n\u00ed k\u0159\u00ed\u017eov\u00e9ho ovl\u00e1d\u00e1n\u00ed pro j\u00edzdu na silnici, aretace a t\u0159et\u00edho ovl\u00e1dac\u00edho okruhu (mechanicky).<br \/>\nRychle\/pomalu (tla\u010d\u00edtko), joystick s p\u0159ep\u00edna\u010dem sm\u011bru j\u00edzdy.<br \/>\nIndividu\u00e1ln\u011b nastaviteln\u00fd sloupek \u0159\u00edzen\u00ed s digit\u00e1ln\u00ed p\u0159\u00edstrojovou deskou v\u010detn\u011b po\u010d\u00edtadla motohodin, teplom\u011brem, ot\u00e1\u010dkom\u011brem a ukazatele stavu paliva<br \/>\nOptimalizovan\u00fd paraleln\u00ed pohyb<br \/>\nThaler inching ped\u00e1l (pracovn\u00ed spojka)<br \/>\nMech. odpru\u017een\u00e9 sedadlo obsluhy s bezpe\u010dnostn\u00edm p\u00e1sem a ochrann\u00fd syst\u00e9m obsluhy odpov\u00eddaj\u00ed nejnov\u011bj\u0161\u00edm sm\u011brnic\u00edcm CE<br \/>\nOchrann\u00fd r\u00e1m obsluhy ROPS\/FOPS<br \/>\nElektrohydraulick\u00e9 ovl\u00e1d\u00e1n\u00ed teleskopick\u00e9ho v\u00fdlo\u017en\u00edku.<br \/>\nPevn\u00e1 ocelov\u00e1 plo\u0161ina se nakl\u00e1p\u00ed nahoru pro dokonal\u00fd p\u0159\u00edstup k \u00fadr\u017eb\u011b<br \/>\nSnadno p\u0159\u00edstupn\u00e1 mazac\u00ed m\u00edsta<br \/>\nVelk\u00fd kombinovan\u00fd chladi\u010d oleje a vody<br \/>\nOchrann\u00e9 trubky na hydraulick\u00fdch hadic\u00edch Odpojova\u010d akumul\u00e1toru<br \/>\nRychloup\u00ednac\u00ed system THALER s hydraulick\u00fdm up\u00edn\u00e1n\u00edm 3-cestn\u00fdm ventilem<br \/>\nZadn\u00ed kryt motoru lamin\u00e1tov\u00fd &#8211; bo\u010dn\u00ed otev\u0159en\u00ed.<br \/>\nP\u0159\u00eddavn\u00e9 z\u00e1va\u017e\u00ed cca 120 kg vzadu s ta\u017en\u00fdm za\u0159\u00edzen\u00edm.<br \/>\nZ-kinametika<\/p>\n<p><strong>Technick\u00e9 parametry:<\/strong><\/p>\n<ul>\n<li>Celkov\u00e1 d\u00e9lka s lopatou bez protiz\u00e1va\u017e\u00ed 4525mm<\/li>\n<li>Zvedac\u00ed s\u00edla 2000kg<\/li>\n<li>Celkov\u00e1 d\u00e9lka s lopatou s protiz\u00e1va\u017e\u00edm 4595mm<\/li>\n<li>Nosnost s lopatou v p\u0159\u00edm\u00e9m sm\u011bru a rameno zasunut\u00e9 1320kg, vysunut\u00e9 690kg<\/li>\n<li>Nosnost s lopatou v zalomen\u00ed 45\u00b0 a rameno zasunut\u00e9 900kg, vysunut\u00e9 390kg<\/li>\n<li>Rozvor 1680mm<\/li>\n<li>Celkov\u00e1 v\u00fd\u0161ka s ochr. r\u00e1mem ROPS\/FOPS 2240mm<\/li>\n<li>Objem n\u00e1dr\u017ee na hydraulick\u00fd olej 50l<\/li>\n<li>Objem palivov\u00e9 n\u00e1dr\u017ee 50l<\/li>\n<li>Max. zvedac\u00ed v\u00fd\u0161ka v oku v\u00fdlo\u017en\u00edku 4056mm<\/li>\n<li>Zvedac\u00ed v\u00fd\u0161ka pod pracovn\u00edm n\u00e1\u0159ad\u00edm 3897mm<\/li>\n<li>Max. v\u00fdklopn\u00e1 v\u00fd\u0161ka 3265mm<\/li>\n<li>Provozn\u00ed hmotnost 2800kg<\/li>\n<li>Celkov\u00e1 \u0161\u00ed\u0159ka se standardn\u00edmi pneu. 1380mm<\/li>\n<li>Rozchod 1010mm<\/li>\n<li>Sv\u011btlost 280mm<\/li>\n<li>Max. r\u00e1dius (podle standard. lopaty) 3000mm<\/li>\n<li>R\u00e1dius zat\u00e1\u010den\u00ed vnit\u0159n\u00ed 1100mm<\/li>\n<li>\u00dahel zat\u00e1\u010den\u00ed v kloubu 50\u00b0<\/li>\n<li>Zakl\u00e1p\u011bc\u00ed \u00fahel n\u00e1\u0159ad\u00ed naho\u0159e 47\u00b0<\/li>\n<li>Vykl\u00e1p\u011bc\u00ed \u00fahel n\u00e1\u0159ad\u00ed naho\u0159e 47\u00b0<\/li>\n<\/ul>\n","protected":false},"excerpt":{"rendered":"<p>Nejmen\u0161\u00ed Thaler s teleskopick\u00fdm v\u00fdlo\u017en\u00edkem. Nejvy\u0161\u0161\u00ed dosah ve st\u0159edn\u00ed t\u0159\u00edd\u011b. Nejen n\u00e1\u0161 nejsiln\u011bj\u0161\u00ed model ve st\u0159edn\u00ed t\u0159\u00edd\u011b, ale tak\u00e9 ten, kter\u00fd dos\u00e1hne nejd\u00e1le. Teleskopick\u00fd v\u00fdlo\u017en\u00edk lze vysunout o 75 cm a celkov\u00e1 v\u00fd\u0161ka tak dosahuje&hellip;<\/p>\n","protected":false},"featured_media":29095,"comment_status":"closed","ping_status":"closed","template":"","meta":[],"product_brand":[],"product_cat":[65],"product_tag":[],"class_list":{"0":"post-29094","1":"product","2":"type-product","3":"status-publish","4":"has-post-thumbnail","6":"product_cat-nakladace","8":"first","9":"instock","10":"sale","11":"taxable","12":"shipping-taxable","13":"purchasable","14":"product-type-simple"},"_links":{"self":[{"href":"https:\/\/recarprofi.cz\/uvod\/wp-json\/wp\/v2\/product\/29094","targetHints":{"allow":["GET"]}}],"collection":[{"href":"https:\/\/recarprofi.cz\/uvod\/wp-json\/wp\/v2\/product"}],"about":[{"href":"https:\/\/recarprofi.cz\/uvod\/wp-json\/wp\/v2\/types\/product"}],"replies":[{"embeddable":true,"href":"https:\/\/recarprofi.cz\/uvod\/wp-json\/wp\/v2\/comments?post=29094"}],"version-history":[{"count":3,"href":"https:\/\/recarprofi.cz\/uvod\/wp-json\/wp\/v2\/product\/29094\/revisions"}],"predecessor-version":[{"id":29101,"href":"https:\/\/recarprofi.cz\/uvod\/wp-json\/wp\/v2\/product\/29094\/revisions\/29101"}],"wp:featuredmedia":[{"embeddable":true,"href":"https:\/\/recarprofi.cz\/uvod\/wp-json\/wp\/v2\/media\/29095"}],"wp:attachment":[{"href":"https:\/\/recarprofi.cz\/uvod\/wp-json\/wp\/v2\/media?parent=29094"}],"wp:term":[{"taxonomy":"product_brand","embeddable":true,"href":"https:\/\/recarprofi.cz\/uvod\/wp-json\/wp\/v2\/product_brand?post=29094"},{"taxonomy":"product_cat","embeddable":true,"href":"https:\/\/recarprofi.cz\/uvod\/wp-json\/wp\/v2\/product_cat?post=29094"},{"taxonomy":"product_tag","embeddable":true,"href":"https:\/\/recarprofi.cz\/uvod\/wp-json\/wp\/v2\/product_tag?post=29094"}],"curies":[{"name":"wp","href":"https:\/\/api.w.org\/{rel}","templated":true}]}}