{"id":29106,"date":"2024-04-03T13:41:33","date_gmt":"2024-04-03T11:41:33","guid":{"rendered":"https:\/\/recarprofi.cz\/uvod\/?post_type=product&#038;p=29106"},"modified":"2024-04-03T13:41:33","modified_gmt":"2024-04-03T11:41:33","slug":"teleskopicky-kloubovy-nakladac-thaler-3448t","status":"publish","type":"product","link":"https:\/\/recarprofi.cz\/uvod\/produkt\/teleskopicky-kloubovy-nakladac-thaler-3448t\/","title":{"rendered":"Teleskopick\u00fd kloubov\u00fd naklada\u010d Thaler 3448T"},"content":{"rendered":"<p><strong>Vysok\u00fd v\u00fdkon a vysok\u00e1 stabilita<\/strong><br \/>\nPosouv\u00e1 v\u00fdkon o krok d\u00e1le. Nejen, \u017ee zvedne v\u00edce ne\u017e 3448 S\/L\/H, ale dos\u00e1hne tak\u00e9 v\u00fd\u0161e. Teleskopick\u00fd v\u00fdlo\u017en\u00edk lze vysunout o 75 cm a celkov\u00e1 v\u00fd\u0161ka tak dosahuje 3,90 m. To je to, co naz\u00fdv\u00e1me opravdov\u00fd dosah. Del\u0161\u00ed rozvor a v\u00fdkyvn\u00e1 n\u00e1prava vytv\u00e1\u0159\u00ed opravdu stabiln\u00ed z\u00e1kladnu. Nez\u00e1le\u017e\u00ed na tom, zda jste zem\u011bd\u011blci, prov\u00e1d\u00edte ter\u00e9nn\u00ed \u00fapravy, \u010di jste stava\u0159i. 3448T v\u00e1m v\u017edy kryje z\u00e1da. Stejn\u011b jako naklada\u010de \u0159ady 3448 pln\u00ed emisn\u00ed normu Stage V.<\/p>\n<p><strong>Standardn\u00ed v\u00fdbava:<\/strong><\/p>\n<ul>\n<li>CE schv\u00e1len\u00ed<\/li>\n<li>V\u00fdkyvn\u00fd centr\u00e1ln\u00ed kloub s vysokou pevnost\u00ed v tahu a 2 dvoj\u010dinn\u00e9 hydraul. v\u00e1lce.<\/li>\n<li>T\u0159et\u00ed hydraulick\u00e1 funkce (DN12 rychlospojky na v\u00fdlo\u017en\u00edku), hydraulick\u00e9 rychloup\u00edn\u00e1n\u00ed<\/li>\n<li>3 LED pracovn\u00ed sv\u011btla (1150 lm) um\u00edst\u011bn\u00e1 na ochrann\u00e9m r\u00e1mu (2x p\u0159edn\u00ed, 1x zadn\u00ed)<\/li>\n<li>Pohodln\u00fd p\u0159\u00edstup<\/li>\n<li>Skv\u011bl\u00e1 viditelnost d\u00edky inteligentn\u00ed konstrukci p\u0159edn\u00ed \u010d\u00e1sti ochrann\u00e9ho r\u00e1mu<\/li>\n<li>Multifunk\u010dn\u00ed joystick, jednop\u00e1kov\u00e9 ovl\u00e1d\u00e1n\u00ed s plovouc\u00ed polohou na v\u00fdlo\u017en\u00edku jako\u017e i blokov\u00e1n\u00ed k\u0159\u00ed\u017eov\u00e9ho ovl\u00e1d\u00e1n\u00ed pro j\u00edzdu na silnici, aretace a t\u0159et\u00edho ovl\u00e1dac\u00edho okruhu (mechanicky).<\/li>\n<li>Rychle\/pomalu (tla\u010d\u00edtko), joystick s p\u0159ep\u00edna\u010dem sm\u011bru j\u00edzdy.<\/li>\n<li>Individu\u00e1ln\u011b nastaviteln\u00fd sloupek \u0159\u00edzen\u00ed s digit\u00e1ln\u00ed p\u0159\u00edstrojovou deskou v\u010detn\u011b po\u010d\u00edtadla motohodin, teplom\u011brem, ot\u00e1\u010dkom\u011brem a ukazatele stavu paliva<\/li>\n<li>Optimalizovan\u00fd paraleln\u00ed pohyb<\/li>\n<li>Thaler inching ped\u00e1l (pracovn\u00ed spojka)<\/li>\n<li>Mech. odpru\u017een\u00e9 sedadlo obsluhy s bezpe\u010dnostn\u00edm p\u00e1sem a ochrann\u00fd syst\u00e9m obsluhy odpov\u00eddaj\u00ed nejnov\u011bj\u0161\u00edm sm\u011brnic\u00edcm CE<\/li>\n<li>Ochrann\u00fd r\u00e1m obsluhy ROPS\/FOPS<\/li>\n<li>Elektrohydraulick\u00e9 ovl\u00e1d\u00e1n\u00ed teleskopick\u00e9ho v\u00fdlo\u017en\u00edku.<\/li>\n<li>O 30% vy\u0161\u0161\u00ed stabilita d\u00edky v\u00fdkyvn\u00e9 zadn\u00ed n\u00e1prav\u011b.<\/li>\n<li>Pevn\u00e1 ocelov\u00e1 plo\u0161ina se nakl\u00e1p\u00ed nahoru pro dokonal\u00fd p\u0159\u00edstup k \u00fadr\u017eb\u011b<\/li>\n<li>Snadno p\u0159\u00edstupn\u00e1 mazac\u00ed m\u00edsta<\/li>\n<li>Velk\u00fd kombinovan\u00fd chladi\u010d oleje a vody<\/li>\n<li>Ochrann\u00e9 trubky na hydraulick\u00fdch hadic\u00edch Odpojova\u010d akumul\u00e1toru<\/li>\n<li>Rychloup\u00ednac\u00ed system THALER s hydraulick\u00fdm up\u00edn\u00e1n\u00edm 3-cestn\u00fdm ventilem<\/li>\n<li>Zadn\u00ed kryt motoru lamin\u00e1tov\u00fd \u2013 otev\u00edr\u00e1n\u00ed nahoru.<\/li>\n<li>P\u0159\u00eddavn\u00e9 z\u00e1va\u017e\u00ed cca 220 kg vzadu.<\/li>\n<li>Z-kinametika<\/li>\n<\/ul>\n<p><strong>Technick\u00e9 parametry:<\/strong><\/p>\n<ul>\n<li>Celkov\u00e1 d\u00e9lka s lopatou 5100mm<\/li>\n<li>Celkov\u00e1 d\u00e9lka bez lopaty 4340mm<\/li>\n<li>Vzd\u00e1lenost oka v\u00fdlo\u017en\u00edku od osy p\u0159edn\u00ed n\u00e1pravy 800mm<\/li>\n<li>Rozvor 2050mm<\/li>\n<li>Celkov\u00e1 v\u00fd\u0161ka s ochrann\u00fdm r\u00e1mem ROPS\/FOPS 2260mm<\/li>\n<li>Max. zvedac\u00ed v\u00fd\u0161ka v oku v\u00fdlo\u017en\u00edku 4056mm<\/li>\n<li>Zvedac\u00ed v\u00fd\u0161ka pod pracovn\u00edm n\u00e1\u0159ad\u00edm 3897mm<\/li>\n<li>Max. v\u00fdklopn\u00e1 v\u00fd\u0161ka 3272mm<\/li>\n<li>Celkov\u00e1 \u0161\u00ed\u0159ka se standard. koly 1386mm<\/li>\n<li>Pneumatiky 400\/50-15<\/li>\n<li>Rozchod 1006mm<\/li>\n<li>Sv\u011btlost 280mm<\/li>\n<li>Max. r\u00e1dius (zadn\u00edho rohu stroje) 2800mm<\/li>\n<li>R\u00e1dius zat\u00e1\u010den\u00ed vnit\u0159n\u00ed 1257mm<\/li>\n<li>\u00dahel zat\u00e1\u010den\u00ed v kloubu 55\u00b0<\/li>\n<li>Zakl\u00e1p\u011bc\u00ed \u00fahel n\u00e1\u0159ad\u00ed naho\u0159e 47\u00b0<\/li>\n<li>Vykl\u00e1p\u011bc\u00ed \u00fahel n\u00e1\u0159ad\u00ed naho\u0159e 47\u00b0<\/li>\n<li>Zvedac\u00ed s\u00edla 2500kg<\/li>\n<li>Nosnost s lopatou v p\u0159\u00edm\u00e9m sm\u011bru a rameno zasunut\u00e9 2280kg, vysunut\u00e9 1270kg<\/li>\n<li>Nosnost s lopatou v zalomen\u00ed 45\u00b0 a rameno zasunut\u00e9 1680kg, vysunut\u00e9 940kg<\/li>\n<li>Objem n\u00e1dr\u017ee na hydraulick\u00fd olej 50l<\/li>\n<li>Objem palivov\u00e9 n\u00e1dr\u017ee 50l<\/li>\n<li>Provozn\u00ed hmotnost 3300kg<\/li>\n<\/ul>\n","protected":false},"excerpt":{"rendered":"<p>Vysok\u00fd v\u00fdkon a vysok\u00e1 stabilita Posouv\u00e1 v\u00fdkon o krok d\u00e1le. Nejen, \u017ee zvedne v\u00edce ne\u017e 3448 S\/L\/H, ale dos\u00e1hne tak\u00e9 v\u00fd\u0161e. Teleskopick\u00fd v\u00fdlo\u017en\u00edk lze vysunout o 75 cm a celkov\u00e1 v\u00fd\u0161ka tak dosahuje 3,90 m.&hellip;<\/p>\n","protected":false},"featured_media":29107,"comment_status":"closed","ping_status":"closed","template":"","meta":[],"product_brand":[],"product_cat":[65],"product_tag":[],"class_list":{"0":"post-29106","1":"product","2":"type-product","3":"status-publish","4":"has-post-thumbnail","6":"product_cat-nakladace","8":"first","9":"instock","10":"sale","11":"taxable","12":"shipping-taxable","13":"purchasable","14":"product-type-simple"},"_links":{"self":[{"href":"https:\/\/recarprofi.cz\/uvod\/wp-json\/wp\/v2\/product\/29106","targetHints":{"allow":["GET"]}}],"collection":[{"href":"https:\/\/recarprofi.cz\/uvod\/wp-json\/wp\/v2\/product"}],"about":[{"href":"https:\/\/recarprofi.cz\/uvod\/wp-json\/wp\/v2\/types\/product"}],"replies":[{"embeddable":true,"href":"https:\/\/recarprofi.cz\/uvod\/wp-json\/wp\/v2\/comments?post=29106"}],"version-history":[{"count":1,"href":"https:\/\/recarprofi.cz\/uvod\/wp-json\/wp\/v2\/product\/29106\/revisions"}],"predecessor-version":[{"id":29113,"href":"https:\/\/recarprofi.cz\/uvod\/wp-json\/wp\/v2\/product\/29106\/revisions\/29113"}],"wp:featuredmedia":[{"embeddable":true,"href":"https:\/\/recarprofi.cz\/uvod\/wp-json\/wp\/v2\/media\/29107"}],"wp:attachment":[{"href":"https:\/\/recarprofi.cz\/uvod\/wp-json\/wp\/v2\/media?parent=29106"}],"wp:term":[{"taxonomy":"product_brand","embeddable":true,"href":"https:\/\/recarprofi.cz\/uvod\/wp-json\/wp\/v2\/product_brand?post=29106"},{"taxonomy":"product_cat","embeddable":true,"href":"https:\/\/recarprofi.cz\/uvod\/wp-json\/wp\/v2\/product_cat?post=29106"},{"taxonomy":"product_tag","embeddable":true,"href":"https:\/\/recarprofi.cz\/uvod\/wp-json\/wp\/v2\/product_tag?post=29106"}],"curies":[{"name":"wp","href":"https:\/\/api.w.org\/{rel}","templated":true}]}}