{"id":29126,"date":"2024-04-03T14:51:25","date_gmt":"2024-04-03T12:51:25","guid":{"rendered":"https:\/\/recarprofi.cz\/uvod\/?post_type=product&#038;p=29126"},"modified":"2024-04-03T14:51:26","modified_gmt":"2024-04-03T12:51:26","slug":"teleskopicky-manipulator-thaler-48t18","status":"publish","type":"product","link":"https:\/\/recarprofi.cz\/uvod\/produkt\/teleskopicky-manipulator-thaler-48t18\/","title":{"rendered":"Teleskopick\u00fd manipul\u00e1tor Thaler 48T18"},"content":{"rendered":"<ul>\n<li>Motor 4-v\u00e1lec Yanmar vzn\u011btov\u00fdmotor,35,4 kW (48hp)<\/li>\n<li>Objem 2190ccm &#8211; 3000 ot.\/min.<\/li>\n<li>Chlazen\u00ed chlazen\u00ed vody, chlazen\u00ed oleje<\/li>\n<li>Hydrostatick\u00fd pohon\/ hydrostatick\u00e1 p\u0159evodovka s automatick\u00fdm ovl\u00e1d\u00e1n\u00edm\/365 bar<\/li>\n<li>Pracovn\u00ed hydraulika 60l\/min, 180bar<\/li>\n<li>Rychlost \u00a020km\/h, (2 rychlosti)<\/li>\n<li>Baterie12V75Ah<\/li>\n<li>Palivov\u00e1 n\u00e1dr\u017e 50l<\/li>\n<li>N\u00e1dr\u017e na hydraulick\u00fd olej 50l<\/li>\n<li>Parkovac\u00ed brzda bubnov\u00e1 na kardanov\u00e9 h\u0159\u00eddeli &#8211; blokace 4 kol<\/li>\n<li>Brzdy lamelov\u00e9 v olejov\u00e9 l\u00e1zn\u011b na 4 kolech<\/li>\n<\/ul>\n<p><strong>Standardn\u00ed v\u00fdbava:<\/strong><\/p>\n<p>CE schv\u00e1len\u00ed<br \/>\nT\u0159et\u00ed hydraulick\u00e1 funkce (DN12 rychlospojky na v\u00fdlo\u017en\u00edku), hydraulick\u00e9 rychloup\u00edn\u00e1n\u00ed<br \/>\nElektro-hydraulick\u00e9 ovl\u00e1d\u00e1n\u00ed teleskopick\u00e9ho v\u00fdlo\u017en\u00edku.<br \/>\n3 LED pracovn\u00ed sv\u011btla (1150 lm) um\u00edst\u011bn\u00e1 na kabin\u011b (2x p\u0159edn\u00ed, 1x zadn\u00ed)<br \/>\nPohodln\u00fd p\u0159\u00edstup<br \/>\nSkv\u011bl\u00e1 viditelnost d\u00edky inteligentn\u00ed konstrukci kabiny<br \/>\nMultifunk\u010dn\u00ed joystick, jednop\u00e1kov\u00e9 ovl\u00e1d\u00e1n\u00ed jako\u017e i blokov\u00e1n\u00ed k\u0159\u00ed\u017eov\u00e9ho ovl\u00e1d\u00e1n\u00ed pro j\u00edzdu na silnici, aretace a t\u0159et\u00edho ovl\u00e1dac\u00edho okruhu<br \/>\nRychle\/pomalu (tla\u010d\u00edtko), joystick s p\u0159ep\u00edna\u010dem sm\u011bru j\u00edzdy.<br \/>\nIndividu\u00e1ln\u011b nastaviteln\u00fd sloupek \u0159\u00edzen\u00ed s digit\u00e1ln\u00ed p\u0159\u00edstrojovou deskou v\u010detn\u011b po\u010d\u00edtadla motohodin, teplom\u011brem, ot\u00e1\u010dkom\u011brem a ukazatele stavu paliva<br \/>\nOptimalizovan\u00fd paraleln\u00ed pohyb<br \/>\nThaler inching ped\u00e1l (pracovn\u00ed spojka)<br \/>\nMech. odpru\u017een\u00e9 sedadlo obsluhy s bezpe\u010dnostn\u00edm p\u00e1sem a ochrann\u00fd syst\u00e9m obsluhy odpov\u00eddaj\u00ed nejnov\u011bj\u0161\u00edm sm\u011brnic\u00edcm CE<br \/>\nProstorn\u00e1, odhlu\u010dn\u011bn\u00e1 kabina s topen\u00edm, multimedi\u00e1ln\u00edm syst\u00e9mem a st\u011bra\u010di p\u0159edn\u00ed+st\u0159e\u0161n\u00ed.<br \/>\n\u0158\u00edzen\u00ed 4 kol s \u00fahlem nato\u010den\u00ed 38 stup\u0148\u016f na v\u0161ech 4 kolech.<br \/>\nZadn\u00ed kryt motoru z lamin\u00e1tu se vykl\u00e1p\u00ed nahoru pro dokonal\u00fd p\u0159\u00edstup k \u00fadr\u017eb\u011b.<br \/>\nSnadno p\u0159\u00edstupn\u00e1 mazac\u00ed m\u00edsta<br \/>\nVelk\u00fd kombinovan\u00fd chladi\u010d oleje a vody<br \/>\nOchrann\u00e9 trubky na hydraulick\u00fdch hadic\u00edch Odpojova\u010d akumul\u00e1toru<br \/>\nRychloup\u00ednac\u00ed syst\u00e9m \u2013 THALER s hydraulick\u00fdm up\u00edn\u00e1n\u00edm a elektronick\u00fdm d\u011bli\u010dem pr\u016ftoku (obouru\u010dn\u00ed ovl\u00e1d\u00e1n\u00ed).<\/p>\n<ul>\n<li>Celkov\u00e1 d\u00e9lka s lopatou 4030mm<\/li>\n<li>Celkov\u00e1 d\u00e9lka bez lopaty 3360mm<\/li>\n<li>Vzd\u00e1lenost oka v\u00fdlo\u017en\u00edku od osy p\u0159edn\u00ed n\u00e1pravy 660mm<\/li>\n<li>Rozvor 2040mm<\/li>\n<li>Celkov\u00e1 v\u00fd\u0161ka s kabinou 1990mm<\/li>\n<li>Max. zvedac\u00ed v\u00fd\u0161ka v oku v\u00fdlo\u017en\u00edku 4900mm<\/li>\n<li>Zvedac\u00ed v\u00fd\u0161ka pod pracovn\u00edm n\u00e1\u0159ad\u00edm 4800mm<\/li>\n<li>Max. v\u00fdklopn\u00e1 v\u00fd\u0161ka 4000mm<\/li>\n<li>Celkov\u00e1 \u0161\u00ed\u0159ka 1800mm<\/li>\n<li>Rozchod 1400mm<\/li>\n<li>Sv\u011btlost 260mm<\/li>\n<li>Vnit\u0159n\u00ed r\u00e1dius zat\u00e1\u010den\u00ed 940mm<\/li>\n<li>Zvedac\u00ed s\u00edla 2500kg<\/li>\n<li>P\u0159eklopn\u00e9 zat\u00ed\u017een\u00ed s v\u00fdlo\u017en\u00edkem zasunut\u00fdm 1550kg, vysunut\u00fdm 580kg<\/li>\n<li>Objem n\u00e1dr\u017ee na hydraulick\u00fd olej 50l<\/li>\n<li>Provozn\u00ed hmotnost 3350kg<\/li>\n<\/ul>\n","protected":false},"excerpt":{"rendered":"<p>Motor 4-v\u00e1lec Yanmar vzn\u011btov\u00fdmotor,35,4 kW (48hp) Objem 2190ccm &#8211; 3000 ot.\/min. Chlazen\u00ed chlazen\u00ed vody, chlazen\u00ed oleje Hydrostatick\u00fd pohon\/ hydrostatick\u00e1 p\u0159evodovka s automatick\u00fdm ovl\u00e1d\u00e1n\u00edm\/365 bar Pracovn\u00ed hydraulika 60l\/min, 180bar Rychlost \u00a020km\/h, (2 rychlosti) Baterie12V75Ah Palivov\u00e1 n\u00e1dr\u017e&hellip;<\/p>\n","protected":false},"featured_media":29127,"comment_status":"closed","ping_status":"closed","template":"","meta":[],"product_brand":[],"product_cat":[122],"product_tag":[],"class_list":{"0":"post-29126","1":"product","2":"type-product","3":"status-publish","4":"has-post-thumbnail","6":"product_cat-teleskopicke-manipulatory","8":"first","9":"instock","10":"sale","11":"taxable","12":"shipping-taxable","13":"purchasable","14":"product-type-simple"},"_links":{"self":[{"href":"https:\/\/recarprofi.cz\/uvod\/wp-json\/wp\/v2\/product\/29126","targetHints":{"allow":["GET"]}}],"collection":[{"href":"https:\/\/recarprofi.cz\/uvod\/wp-json\/wp\/v2\/product"}],"about":[{"href":"https:\/\/recarprofi.cz\/uvod\/wp-json\/wp\/v2\/types\/product"}],"replies":[{"embeddable":true,"href":"https:\/\/recarprofi.cz\/uvod\/wp-json\/wp\/v2\/comments?post=29126"}],"version-history":[{"count":1,"href":"https:\/\/recarprofi.cz\/uvod\/wp-json\/wp\/v2\/product\/29126\/revisions"}],"predecessor-version":[{"id":29130,"href":"https:\/\/recarprofi.cz\/uvod\/wp-json\/wp\/v2\/product\/29126\/revisions\/29130"}],"wp:featuredmedia":[{"embeddable":true,"href":"https:\/\/recarprofi.cz\/uvod\/wp-json\/wp\/v2\/media\/29127"}],"wp:attachment":[{"href":"https:\/\/recarprofi.cz\/uvod\/wp-json\/wp\/v2\/media?parent=29126"}],"wp:term":[{"taxonomy":"product_brand","embeddable":true,"href":"https:\/\/recarprofi.cz\/uvod\/wp-json\/wp\/v2\/product_brand?post=29126"},{"taxonomy":"product_cat","embeddable":true,"href":"https:\/\/recarprofi.cz\/uvod\/wp-json\/wp\/v2\/product_cat?post=29126"},{"taxonomy":"product_tag","embeddable":true,"href":"https:\/\/recarprofi.cz\/uvod\/wp-json\/wp\/v2\/product_tag?post=29126"}],"curies":[{"name":"wp","href":"https:\/\/api.w.org\/{rel}","templated":true}]}}