{"id":31727,"date":"2024-05-24T14:01:09","date_gmt":"2024-05-24T12:01:09","guid":{"rendered":"https:\/\/recarprofi.cz\/uvod\/?post_type=product&#038;p=31727"},"modified":"2024-05-24T14:08:12","modified_gmt":"2024-05-24T12:08:12","slug":"teleskopicky-manipulator-dieci-mini-agri-smart-20-4","status":"publish","type":"product","link":"https:\/\/recarprofi.cz\/uvod\/produkt\/teleskopicky-manipulator-dieci-mini-agri-smart-20-4\/","title":{"rendered":"Teleskopick\u00fd manipul\u00e1tor Dieci Mini Agri Smart 20.4"},"content":{"rendered":"<p>Mini Agri je ide\u00e1ln\u00edm strojem pro man\u00e9vrov\u00e1n\u00ed ve st\u00edsn\u011bn\u00fdch prostorech. Z\u00e1rove\u0148 je vybaven velkou silou, vynikaj\u00edc\u00ed ovladatelnost\u00ed a p\u0159esn\u00fdm ovl\u00e1d\u00e1n\u00edm.\u00a0Mini Agri 20.4 Smart, kompletn\u011b nov\u00fd, nejmen\u0161\u00ed a nejagiln\u011bj\u0161\u00ed z\u00a0rodiny zem\u011bd\u011blsk\u00fdch manipul\u00e1tor\u016f Dieci. Cel\u00fd stroj si kompletn\u011b zachov\u00e1v\u00e1 vysok\u00e9 standardy komfortu a univerz\u00e1lnosti, kter\u00fdmi se vyzna\u010duje ka\u017ed\u00fd teleskopick\u00fd manipul\u00e1tor Dieci.<\/p>\n<p><strong>Technick\u00e9 parametry:<\/strong><\/p>\n<ul>\n<li>Maxim\u00e1ln\u00ed nosnost: 2 000 kg.<\/li>\n<li>Maxim\u00e1ln\u00ed dosah: 4,35 m, v\u00fdlo\u017en\u00edk s 1 v\u00fdsuvnou sekc\u00ed.<\/li>\n<li>Celkov\u00e1 hmotnost (nezat\u00ed\u017een\u00fd stroj): 4 300 kg.<\/li>\n<li>Maxim\u00e1ln\u00ed rychlost: 25 km\/h, ochrana motoru a podvozku, odhlu\u010dn\u011bn\u00ed motoru.<\/li>\n<li>Rozchod: 1230 mm, rozvor: 2250 mm.<\/li>\n<li>Rozm\u011bry: d 3534 x \u0161 1550 x v 1929 mm.<\/li>\n<li>Homologace \u201cCE\u201d, schv\u00e1len\u00ed k provozu na pozemn\u00edch komunikac\u00edch.<\/li>\n<\/ul>\n<p><strong>Motor<\/strong><\/p>\n<ul>\n<li>Kubota<\/li>\n<li>Nomin\u00e1ln\u00ed v\u00fdkon: 37 kW (50 kon\u00ed) p\u0159i 2700 ot\/min., turbodmychadlo<\/li>\n<li>Objem: 1826 cm\u00b3.<\/li>\n<li>Elektronicky \u0159\u00edzen\u00e9 vst\u0159ikovan\u00ed Common Rail, emisn\u00ed norma Stage V s katalyz\u00e1torem + filtr pevn\u00fdch \u010d\u00e1stic (DOC+DPF)<\/li>\n<li>Po\u010det v\u00e1lc\u016f: 3, vertik\u00e1ln\u00ed ulo\u017een\u00ed.<\/li>\n<li>P\u0159edeh\u0159ev vzduchu.<\/li>\n<li>Vzduchov\u00fd filtr s\u00e1n\u00ed se separ\u00e1torem prachu.<\/li>\n<\/ul>\n<p><strong style=\"background-color: transparent;\">P\u0159evodovka<\/strong><\/p>\n<ul>\n<li>Hydrostatick\u00e9 \u010derpadlo s prom\u011bnn\u00fdm pr\u016ftokem, 1-rychlostn\u00ed.<\/li>\n<li>Hydraulick\u00fd motor: hydrostatick\u00fd s plynul\u00fdm automatick\u00fdm nastaven\u00edm<\/li>\n<li>Elektro-hydraulicky ovl\u00e1dan\u00fd reverz.<\/li>\n<li>Pracovn\u00ed spojka hydraulick\u00fd &#8222;inching ped\u00e1l&#8220; pro p\u0159esn\u00e9 ovl\u00e1d\u00e1n\u00ed pohybu stroje .<\/li>\n<\/ul>\n<p><strong>Hydraulika<\/strong><\/p>\n<ul>\n<li>Zubov\u00e9 \u010derpadlo pro posilova\u010d \u0159\u00edzen\u00ed a hydraulick\u00e9 funkce<\/li>\n<li>Pr\u016ftok 101 l\/min. Tlak 25 MPa.<\/li>\n<li>Hydraulick\u00fd rozvad\u011b\u010d s joystickem 4 v 1 s proporcion\u00e1ln\u00edm ovl\u00e1d\u00e1n\u00edm v\u0161ech funkc\u00ed.<\/li>\n<li>Hydraulick\u00e9 okruhy na \u0161pi\u010dce v\u00fdlo\u017en\u00edku (s rychlospojkami), funkce kontinu\u00e1ln\u00edho pr\u016ftoku oleje.<\/li>\n<\/ul>\n<p><strong>N\u00e1pravy<\/strong><\/p>\n<ul>\n<li>P\u0159edn\u00ed a zadn\u00ed \u0159iditeln\u00e1 n\u00e1prava s koncov\u00fdmi epicykloidn\u00edmi p\u0159evody.<\/li>\n<li>\u0158\u00edzen\u00ed 4 kol \/ 2 kol \/ krab\u00ed chod<\/li>\n<li>P\u0159edn\u00ed n\u00e1prava pevn\u00e1. Zadn\u00ed n\u00e1prava v\u00fdkyvn\u00e1.<\/li>\n<li>Parkovac\u00ed brzda manu\u00e1ln\u011b ovl\u00e1dan\u00e1.<\/li>\n<li>Such\u00e9 diskov\u00e9 brzdy na zadn\u00ed n\u00e1prav\u011b.<\/li>\n<\/ul>\n<p><strong>Kabina<\/strong><\/p>\n<ul>\n<li>ROPS-FOPS homologace.<\/li>\n<li>Odpru\u017een\u00e1 na silentbloc\u00edch, ochrana proti hluku, vnit\u0159n\u00ed zp\u011btn\u00e9 zrc\u00e1tko.<\/li>\n<li>P\u0159edn\u00ed a zadn\u00ed st\u011bra\u010d s ost\u0159ikova\u010dem, otev\u00edrateln\u00e9 zadn\u00ed okno, dve\u0159e s otev\u00edrateln\u00fdm oknem.<\/li>\n<li>Omyvateln\u00e1 roho\u017eka, nastaviteln\u00e9 sedadlo, nastaviteln\u00fd volant.<\/li>\n<li>Multifunk\u010dn\u00ed joystick s integrovan\u00fdm reverzorem, nastaviteln\u00e1 loketn\u00ed op\u011brka.<\/li>\n<li>P\u0159\u00edstrojov\u00e1 deska vybavena ukazatelem zat\u00ed\u017een\u00ed, ot\u00e1\u010dkom\u011brem, teplom\u011brem vody.<\/li>\n<li>Ukazatelem stavu paliva, varovnou kontrolkou teploty vody a oleje, LCD displej.<\/li>\n<li>Tachometr, hodiny, DPF ukazatel.<\/li>\n<\/ul>\n<p><strong>Bezpe\u010dnost<\/strong><\/p>\n<ul>\n<li>Blokace pohybu ramene p\u0159i p\u0159et\u00ed\u017een\u00ed.<\/li>\n<li>Nouzov\u00e9 zastaven\u00ed.<\/li>\n<li>Startov\u00e1n\u00ed pouze pokud je za\u0159azen neutr\u00e1l a se zabrzd\u011bnou parkovac\u00ed brzdou.<\/li>\n<li>Bezpe\u010dnostn\u00ed p\u00e1s.<\/li>\n<li>J\u00edzda pouze s obsluhou na seda\u010dce.<\/li>\n<li>Blokace vidl\u00ed.<\/li>\n<li>Manu\u00e1ln\u00ed parkovac\u00ed brzda, maj\u00e1k, bzu\u010d\u00e1k reverzu, bo\u010dn\u00ed zrc\u00e1tka.<\/li>\n<\/ul>\n<p><strong>V\u00fdbava<\/strong><\/p>\n<ul>\n<li>Mechanicky odpru\u017een\u00e9 sedadlo \u0159idi\u010de<\/li>\n<li>Topen\u00ed<\/li>\n<li>Kola s blatn\u00edky 12.0 &#8211; 16,5&#8243;<\/li>\n<li>Up\u00edn\u00e1n\u00ed n\u00e1\u0159ad\u00ed Dieci<\/li>\n<li>Hydraulick\u00fd rozvad\u011b\u010d s joystickem 4 v 1 s proporcion\u00e1ln\u00edm ovl\u00e1d\u00e1n\u00edm v\u0161ech funkc\u00ed.<\/li>\n<li>P\u0159edn\u00ed a zadn\u00ed \u0159iditeln\u00e1 n\u00e1prava. \u0158\u00edzen\u00ed: 4 kola\/ krab\u00ed chod\/ 2 kola.<\/li>\n<\/ul>\n","protected":false},"excerpt":{"rendered":"<p>Mini Agri je ide\u00e1ln\u00edm strojem pro man\u00e9vrov\u00e1n\u00ed ve st\u00edsn\u011bn\u00fdch prostorech. Z\u00e1rove\u0148 je vybaven velkou silou, vynikaj\u00edc\u00ed ovladatelnost\u00ed a p\u0159esn\u00fdm ovl\u00e1d\u00e1n\u00edm.\u00a0Mini Agri 20.4 Smart, kompletn\u011b nov\u00fd, nejmen\u0161\u00ed a nejagiln\u011bj\u0161\u00ed z\u00a0rodiny zem\u011bd\u011blsk\u00fdch manipul\u00e1tor\u016f Dieci. Cel\u00fd stroj si&hellip;<\/p>\n","protected":false},"featured_media":24172,"comment_status":"closed","ping_status":"closed","template":"","meta":[],"product_brand":[],"product_cat":[122],"product_tag":[],"class_list":{"0":"post-31727","1":"product","2":"type-product","3":"status-publish","4":"has-post-thumbnail","6":"product_cat-teleskopicke-manipulatory","8":"first","9":"instock","10":"sale","11":"taxable","12":"shipping-taxable","13":"purchasable","14":"product-type-simple"},"_links":{"self":[{"href":"https:\/\/recarprofi.cz\/uvod\/wp-json\/wp\/v2\/product\/31727","targetHints":{"allow":["GET"]}}],"collection":[{"href":"https:\/\/recarprofi.cz\/uvod\/wp-json\/wp\/v2\/product"}],"about":[{"href":"https:\/\/recarprofi.cz\/uvod\/wp-json\/wp\/v2\/types\/product"}],"replies":[{"embeddable":true,"href":"https:\/\/recarprofi.cz\/uvod\/wp-json\/wp\/v2\/comments?post=31727"}],"version-history":[{"count":1,"href":"https:\/\/recarprofi.cz\/uvod\/wp-json\/wp\/v2\/product\/31727\/revisions"}],"predecessor-version":[{"id":31731,"href":"https:\/\/recarprofi.cz\/uvod\/wp-json\/wp\/v2\/product\/31727\/revisions\/31731"}],"wp:featuredmedia":[{"embeddable":true,"href":"https:\/\/recarprofi.cz\/uvod\/wp-json\/wp\/v2\/media\/24172"}],"wp:attachment":[{"href":"https:\/\/recarprofi.cz\/uvod\/wp-json\/wp\/v2\/media?parent=31727"}],"wp:term":[{"taxonomy":"product_brand","embeddable":true,"href":"https:\/\/recarprofi.cz\/uvod\/wp-json\/wp\/v2\/product_brand?post=31727"},{"taxonomy":"product_cat","embeddable":true,"href":"https:\/\/recarprofi.cz\/uvod\/wp-json\/wp\/v2\/product_cat?post=31727"},{"taxonomy":"product_tag","embeddable":true,"href":"https:\/\/recarprofi.cz\/uvod\/wp-json\/wp\/v2\/product_tag?post=31727"}],"curies":[{"name":"wp","href":"https:\/\/api.w.org\/{rel}","templated":true}]}}