{"id":31732,"date":"2024-05-24T14:31:40","date_gmt":"2024-05-24T12:31:40","guid":{"rendered":"https:\/\/recarprofi.cz\/uvod\/?post_type=product&#038;p=31732"},"modified":"2024-05-24T14:38:28","modified_gmt":"2024-05-24T12:38:28","slug":"teleskopicky-manipulator-dieci-mini-agri-26-6","status":"publish","type":"product","link":"https:\/\/recarprofi.cz\/uvod\/produkt\/teleskopicky-manipulator-dieci-mini-agri-26-6\/","title":{"rendered":"Teleskopick\u00fd manipul\u00e1tor Dieci Mini Agri 26.6"},"content":{"rendered":"<p>Mini Agri je ide\u00e1ln\u00ed stroj pro man\u00e9vrov\u00e1n\u00ed v t\u011bsn\u00fdch prostor\u00e1ch s velk\u00fdm v\u00fdkonem, skv\u011ble ovladateln\u00fd a s p\u0159esn\u00fdm \u0159\u00edzen\u00edm pohon\u016f. Schv\u00e1leno pro pou\u017eit\u00ed s ko\u0161em pro osoby bez podp\u011br nebo p\u011bnov\u00fdch pneumatik. Tato kombinace nov\u00e9ho, ekologicky p\u0159\u00e1telsk\u00e9ho, je\u0161t\u011b siln\u011bj\u0161\u00edho motoru s novou hydrostatickou p\u0159evodovkou p\u0159in\u00e1\u0161\u00ed \u00fa\u017easn\u00fd v\u00fdkon a z\u00e1rove\u0148 v\u00fdrazn\u011b sni\u017euje spot\u0159ebu paliva.<\/p>\n<p><strong>Technick\u00e9 parametry:<\/strong><\/p>\n<ul>\n<li>Maxim\u00e1ln\u00ed nosnost 2.600 kg<\/li>\n<li>Maxim\u00e1ln\u00ed dosah: 5,68 m, v\u00fdlo\u017en\u00edk s 1 v\u00fdsuvnou sekc\u00ed.<\/li>\n<li>Celkov\u00e1 hmotnost (nezat\u00ed\u017een\u00fd stroj): 5 100 kg.<\/li>\n<li>Maxim\u00e1ln\u00ed rychlost: 30 km\/h, ochrana motoru a podvozku, odhlu\u010dn\u011bn\u00ed motoru.<\/li>\n<li>Rozchod: 1510 mm, rozvor: 2350 mm.<\/li>\n<li>Rozm\u011bry: d 4125 x \u0161 1840 x v 1915 mm.<\/li>\n<li>Homologace \u201cCE\u201d, schv\u00e1len\u00ed k provozu na pozemn\u00edch komunikac\u00edch.<\/li>\n<\/ul>\n<p><strong>Motor<\/strong><\/p>\n<ul>\n<li>Kubota<\/li>\n<li>Nomin\u00e1ln\u00ed v\u00fdkon: 55 kW (74 kon\u00ed) p\u0159i 2600 ot\/min., turbodmychadlo<br \/>\nElektronicky \u0159\u00edzen\u00e9 vst\u0159ikov\u00e1n\u00ed,Common Rail<\/li>\n<li>Emisn\u00ed norma Stage V\/Tier 4f s katalyz\u00e1torem + filtr pevn\u00fdch \u010d\u00e1stic (DOC+DPF)<\/li>\n<li>Po\u010det v\u00e1lc\u016f: 4, vertik\u00e1ln\u00ed ulo\u017een\u00ed.<\/li>\n<li>P\u0159edeh\u0159ev vzduchu. Vzduchov\u00fd filtr s\u00e1n\u00ed se separ\u00e1torem prachu.<\/li>\n<li>Objem: 3331 cm\u00b3.<\/li>\n<\/ul>\n<p><strong>P\u0159evodovka<\/strong><\/p>\n<ul>\n<li>Hydrostatick\u00e9 \u010derpadlo s prom\u011bnn\u00fdm pr\u016ftokem, 1-rychlostn\u00ed.<\/li>\n<li>Hydraulick\u00fd motor: hydrostatick\u00fd s plynul\u00fdm automatick\u00fdm nastaven\u00edm<\/li>\n<li>Elektro-hydraulicky ovl\u00e1dan\u00fd reverz.<\/li>\n<li>Pracovn\u00ed spojka hydraulick\u00fd &#8222;inching ped\u00e1l&#8220; pro p\u0159esn\u00e9 ovl\u00e1d\u00e1n\u00ed pohybu stroje .<\/li>\n<\/ul>\n<p><strong>Hydraulika<\/strong><\/p>\n<ul>\n<li>Zubov\u00e9 \u010derpadlo pro posilova\u010d \u0159\u00edzen\u00ed a hydraulick\u00e9 funkce.<\/li>\n<li>Pr\u016ftok 80 l\/min. Tlak 23 MPa.<\/li>\n<li>Hydraulick\u00fd rozvad\u011b\u010d jednop\u00e1kov\u00fd s proporcion\u00e1ln\u00edm ovl\u00e1d\u00e1n\u00edm .<\/li>\n<li>Hydraulick\u00fd rozvad\u011b\u010d s joystickem 4 v 1 s proporcion\u00e1ln\u00edm ovl\u00e1d\u00e1n\u00edm v\u0161ech funkc\u00ed.<\/li>\n<li>Hydraulick\u00e9 okruhy na \u0161pi\u010dce v\u00fdlo\u017en\u00edku (s rychlospojkami), funkce kontinu\u00e1ln\u00edho pr\u016ftoku oleje.<\/li>\n<\/ul>\n<p><strong>N\u00e1pravy<\/strong><\/p>\n<ul>\n<li>P\u0159edn\u00ed a zadn\u00ed \u0159iditeln\u00e1 n\u00e1prava s koncov\u00fdmi epicykloidn\u00edmi p\u0159evody.<\/li>\n<li>\u0158\u00edzen\u00ed: 4 kola\/ krab\u00ed chod\/ 2 kola<\/li>\n<li>P\u0159edn\u00ed n\u00e1prava pevn\u00e1. Zadn\u00ed n\u00e1prava v\u00fdkyvn\u00e1.<\/li>\n<li>Parkovac\u00ed brzda negativn\u00ed, elektronicky ovl\u00e1dan\u00e1.<\/li>\n<li>Provozn\u00ed brzdy v olejov\u00e9 l\u00e1zni, na p\u0159edn\u00ed n\u00e1prav\u011b.<\/li>\n<\/ul>\n<p><strong>Kabina<\/strong><\/p>\n<ul>\n<li>ROPS-FOPS homologace. Odpru\u017een\u00e1 na silentbloc\u00edch, ochrana proti hluku, p\u0159edn\u00ed a zadn\u00ed st\u011bra\u010d s ost\u0159ikova\u010dem.<\/li>\n<li>Otev\u00edrateln\u00e9 zadn\u00ed okno, dve\u0159e s otev\u00edrateln\u00fdm oknem, nastaviteln\u00e9 sedadlo, nastaviteln\u00fd volant.<\/li>\n<li>P\u0159\u00edprava pro r\u00e1dio, DSCS dve\u0159n\u00ed syst\u00e9m.<\/li>\n<li>P\u0159\u00edstrojov\u00e1 deska vybavena ukazatelem zat\u00ed\u017een\u00ed, ot\u00e1\u010dkom\u011brem, teplom\u011brem vody, ukazatelem stavu paliva.<\/li>\n<li>Varovnou kontrolkou teploty vody a oleje, LCD displej, tachometr, hodiny, DPF ukazatel.<\/li>\n<\/ul>\n<p><strong>Bezpe\u010dnost<\/strong><\/p>\n<ul>\n<li>Blokace pohybu ramene p\u0159i p\u0159et\u00ed\u017een\u00ed.<\/li>\n<li>Nouzov\u00e9 zastaven\u00ed.<\/li>\n<li>Startov\u00e1n\u00ed pouze pokud je za\u0159azen neutr\u00e1l.<\/li>\n<li>Bezpe\u010dnostn\u00ed p\u00e1s.<\/li>\n<li>J\u00edzda pouze s obsluhou na seda\u010dce.<\/li>\n<li>Blokace vidl\u00ed.<\/li>\n<li>Automatick\u00e1 aktivace parkovac\u00ed brzdy p\u0159i vypnut\u00ed motoru, bo\u010dn\u00ed zrc\u00e1tko.<\/li>\n<\/ul>\n<p><strong>V\u00fdbava<\/strong><\/p>\n<ul>\n<li>P\u0159edn\u00ed a zadn\u00ed \u0159iditeln\u00e1 n\u00e1prava. \u0158\u00edzen\u00ed: 4 kola\/ krab\u00ed chod\/ 2 kola.<\/li>\n<li>Hydraulick\u00fd rozvad\u011b\u010d s joystickem 4 v 1 s proporcion\u00e1ln\u00edm ovl\u00e1d\u00e1n\u00edm v\u0161ech funkc\u00ed.<\/li>\n<li>Hydraulick\u00fd syst\u00e9m uzav\u0159en\u00fd st\u0159ed, v\u010detn\u011b odtlakov\u00e1n\u00ed rychlospojek.<\/li>\n<li>Mechanicky odpru\u017een\u00e9 sedadlo \u0159idi\u010de<\/li>\n<li>Topen\u00ed<\/li>\n<li>Kola s blatn\u00edky 12.0\/75-18<\/li>\n<li>Up\u00edna\u010d n\u00e1\u0159ad\u00ed Dieci<\/li>\n<\/ul>\n","protected":false},"excerpt":{"rendered":"<p>Mini Agri je ide\u00e1ln\u00ed stroj pro man\u00e9vrov\u00e1n\u00ed v t\u011bsn\u00fdch prostor\u00e1ch s velk\u00fdm v\u00fdkonem, skv\u011ble ovladateln\u00fd a s p\u0159esn\u00fdm \u0159\u00edzen\u00edm pohon\u016f. Schv\u00e1leno pro pou\u017eit\u00ed s ko\u0161em pro osoby bez podp\u011br nebo p\u011bnov\u00fdch pneumatik. Tato kombinace nov\u00e9ho,&hellip;<\/p>\n","protected":false},"featured_media":31735,"comment_status":"closed","ping_status":"closed","template":"","meta":[],"product_brand":[],"product_cat":[122],"product_tag":[],"class_list":{"0":"post-31732","1":"product","2":"type-product","3":"status-publish","4":"has-post-thumbnail","6":"product_cat-teleskopicke-manipulatory","8":"first","9":"instock","10":"sale","11":"taxable","12":"shipping-taxable","13":"purchasable","14":"product-type-simple"},"_links":{"self":[{"href":"https:\/\/recarprofi.cz\/uvod\/wp-json\/wp\/v2\/product\/31732","targetHints":{"allow":["GET"]}}],"collection":[{"href":"https:\/\/recarprofi.cz\/uvod\/wp-json\/wp\/v2\/product"}],"about":[{"href":"https:\/\/recarprofi.cz\/uvod\/wp-json\/wp\/v2\/types\/product"}],"replies":[{"embeddable":true,"href":"https:\/\/recarprofi.cz\/uvod\/wp-json\/wp\/v2\/comments?post=31732"}],"version-history":[{"count":1,"href":"https:\/\/recarprofi.cz\/uvod\/wp-json\/wp\/v2\/product\/31732\/revisions"}],"predecessor-version":[{"id":31733,"href":"https:\/\/recarprofi.cz\/uvod\/wp-json\/wp\/v2\/product\/31732\/revisions\/31733"}],"wp:featuredmedia":[{"embeddable":true,"href":"https:\/\/recarprofi.cz\/uvod\/wp-json\/wp\/v2\/media\/31735"}],"wp:attachment":[{"href":"https:\/\/recarprofi.cz\/uvod\/wp-json\/wp\/v2\/media?parent=31732"}],"wp:term":[{"taxonomy":"product_brand","embeddable":true,"href":"https:\/\/recarprofi.cz\/uvod\/wp-json\/wp\/v2\/product_brand?post=31732"},{"taxonomy":"product_cat","embeddable":true,"href":"https:\/\/recarprofi.cz\/uvod\/wp-json\/wp\/v2\/product_cat?post=31732"},{"taxonomy":"product_tag","embeddable":true,"href":"https:\/\/recarprofi.cz\/uvod\/wp-json\/wp\/v2\/product_tag?post=31732"}],"curies":[{"name":"wp","href":"https:\/\/api.w.org\/{rel}","templated":true}]}}