{"id":31736,"date":"2024-05-24T15:02:02","date_gmt":"2024-05-24T13:02:02","guid":{"rendered":"https:\/\/recarprofi.cz\/uvod\/?post_type=product&#038;p=31736"},"modified":"2024-05-24T15:02:02","modified_gmt":"2024-05-24T13:02:02","slug":"teleskopicky-manipulator-dieci-agri-farmer-30-7-gd","status":"publish","type":"product","link":"https:\/\/recarprofi.cz\/uvod\/produkt\/teleskopicky-manipulator-dieci-agri-farmer-30-7-gd\/","title":{"rendered":"Teleskopick\u00fd manipul\u00e1tor Dieci Agri Farmer 30.7 GD"},"content":{"rendered":"<p>Pro dosa\u017een\u00ed absolutn\u00ed kvality byla \u0159ada AGRI zcela p\u0159epracov\u00e1na. Byla obohacena futuristick\u00fdm designem a maxim\u00e1ln\u00edm komfortem nov\u00e9 kabiny, kterou navrhnul Giugiaro Design. AGRI FARMER, nejv\u00edce agiln\u00ed mezi zem\u011bd\u011blsk\u00fdmi teleskopick\u00fdmi manipul\u00e1tory Dieci, je velice komfortn\u00ed d\u00edky m\u011bkk\u00e9mu interi\u00e9ru pou\u017e\u00edvan\u00e9ho v automobilov\u00e9m pr\u016fmyslu. D\u00e1le tu najdete v\u00edce m\u00edsta pro nohy a mo\u017enost nastaven\u00ed loketn\u00ed op\u011brky a sloupku \u0159\u00edzen\u00ed.<\/p>\n<p><strong>Technick\u00e9 parametry:<\/strong><\/p>\n<ul>\n<li>Maxim\u00e1ln\u00ed nosnost: 3 000 kg.<\/li>\n<li>Maxim\u00e1ln\u00ed dosah: 6,35 m, v\u00fdlo\u017en\u00edk s 1 v\u00fdsuvnou sekc\u00ed, vybaven patentovan\u00fdm hydr. paralelogramem.<\/li>\n<li>Celkov\u00e1 hmotnost (nezat\u00ed\u017een\u00fd stroj): 6 700 kg.<\/li>\n<li>Maxim\u00e1ln\u00ed rychlost: 40 km\/h, ochrana motoru a podvozku, odhlu\u010dn\u011bn\u00ed motoru.<\/li>\n<li>Rozchod: 1 710 mm, rozvor: 2 830 mm.<\/li>\n<li>Rozm\u011bry: d 4815 x \u0161 2130 x v 2025 mm.<\/li>\n<li>Homologace \u201cCE\u201d, schv\u00e1len\u00ed k provozu na pozemn\u00edch komunikac\u00edch.<\/li>\n<\/ul>\n<p><strong>Motor<\/strong><\/p>\n<ul>\n<li>Kubota<\/li>\n<li>Nomin\u00e1ln\u00ed v\u00fdkon: 79,5 kW (107 kon\u00ed) p\u0159i 2200 ot\/min., max. v\u00fdkon: 79,5 kW (107 kon\u00ed) p\u0159i 2200 ot\/min.<\/li>\n<li>Elektronicky \u0159\u00edzen\u00e9 vst\u0159ikov\u00e1n\u00ed,Common Rail, emisn\u00ed norma Stage V\/Tier 4f (DOC+DPF+SCR)<\/li>\n<li>Po\u010det v\u00e1lc\u016f: 4, vertik\u00e1ln\u00ed ulo\u017een\u00ed.Objem: 3769 cm\u00b3.<\/li>\n<li>P\u0159edeh\u0159ev vzduchu. Vzduchov\u00fd filtr s\u00e1n\u00ed se separ\u00e1torem prachu.<\/li>\n<\/ul>\n<p><strong>P\u0159evodovka<\/strong><\/p>\n<ul>\n<li>Hydrostatick\u00e9 \u010derpadlo,elektronicky \u0159\u00edzen\u00e9 s prom\u011bnn\u00fdm pr\u016ftokem a ECO funkc\u00ed. 2-rychlostn\u00ed.<\/li>\n<li>Hydraulick\u00fd motor: hydrostatick\u00fd s plynul\u00fdm automatick\u00fdm nastaven\u00edm.<\/li>\n<li>Elektronicky ovl\u00e1dan\u00fd reverz s mo\u017enost\u00ed zapnut\u00ed p\u0159i pohybu stroje.<\/li>\n<li>Pracovn\u00ed spojka elektronick\u00fd &#8222;inching ped\u00e1l&#8220; pro p\u0159esn\u00e9 ovl\u00e1d\u00e1n\u00ed pohybu stroje.<\/li>\n<\/ul>\n<p><strong>Hydraulika<\/strong><\/p>\n<ul>\n<li>Zubov\u00e9 \u010derpadlo pro posilova\u010d \u0159\u00edzen\u00ed a hydraulick\u00e9 funkce.<\/li>\n<li>Pr\u016ftok 100 l\/min. Tlak 24,5 MPa.<\/li>\n<li>Hydraulick\u00fd rozvad\u011b\u010d s joystickem 4 v 1 s proporcion\u00e1ln\u00edm ovl\u00e1d\u00e1n\u00edm v\u0161ech funkc\u00ed.<\/li>\n<li>Z\u00e1suvka v\u00fdlo\u017en\u00edku:s rychlospojkami s ploch\u00fdm \u010delem, s mo\u017enost\u00ed kontinu\u00e1ln\u00edho pr\u016ftoku oleje 80 l\/min.<\/li>\n<\/ul>\n<p><strong>N\u00e1pravy<\/strong><\/p>\n<ul>\n<li>P\u0159edn\u00ed a zadn\u00ed \u0159iditeln\u00e1 n\u00e1prava s koncov\u00fdmi epicykloidn\u00edmi p\u0159evody.<\/li>\n<li>\u0158\u00edzen\u00ed: 4 kola\/ krab\u00ed chod\/ 2 kola<\/li>\n<li>P\u0159edn\u00ed n\u00e1prava pevn\u00e1. Zadn\u00ed n\u00e1prava v\u00fdkyvn\u00e1.<\/li>\n<li>Parkovac\u00ed brzda negativn\u00ed, elektronicky ovl\u00e1dan\u00e1.<\/li>\n<li>Provozn\u00ed brzdy dvouokruhov\u00e9, hydraulick\u00e9 s posilova\u010dem, v olejov\u00e9 l\u00e1zni, na p\u0159edn\u00ed a zadn\u00ed n\u00e1prav\u011b.<\/li>\n<\/ul>\n<p><strong>Kabina<\/strong><\/p>\n<ul>\n<li>ROPS-FOPS homologace.<\/li>\n<li>Odpru\u017een\u00e1 na silentbloc\u00edch, ochrana proti hluku, p\u0159edn\u00ed a zadn\u00ed st\u011bra\u010d s ost\u0159ikova\u010dem, otev\u00edrateln\u00e9 st\u0159e\u0161n\u00ed a zadn\u00ed okno.<\/li>\n<li>Dve\u0159e s el. otev\u00edrateln\u00fdm oknem, nastaviteln\u00e9 sedadlo, nastaviteln\u00fd volant, joystick s FNR.<\/li>\n<li>P\u0159\u00edstrojov\u00e1 deska vybavena ukazatelem zat\u00ed\u017een\u00ed, ot\u00e1\u010dkom\u011brem, teplom\u011brem vody, ukazatelem stavu paliva.<\/li>\n<li>Varovnou kontrolkou teploty vody a oleje, LCD displej, tachometr, hodiny, DPF ukazatel, ukazatel stavu AdBlue.<\/li>\n<\/ul>\n<p><strong>Bezpe\u010dnost<\/strong><\/p>\n<ul>\n<li>Blokace pohybu ramene p\u0159i p\u0159et\u00ed\u017een\u00ed, nouzov\u00e9 zastaven\u00ed, blokace vidl\u00ed.<\/li>\n<li>Bezpe\u010dnostn\u00ed p\u00e1s.<\/li>\n<li>Funkce kontroly v\u00fd\u0161ky ramene.<\/li>\n<li>Bzu\u010d\u00e1k reverzu.<\/li>\n<li>J\u00edzda pouze s obsluhou na seda\u010dce.<\/li>\n<li>Joystick se senzorem lidsk\u00e9 ruky.<\/li>\n<li>Automatick\u00e1 aktivace parkovac\u00ed brzdy p\u0159i vypnut\u00ed motoru, bo\u010dn\u00ed a zadn\u00ed zrc\u00e1tko.<\/li>\n<\/ul>\n<p><strong>V\u00fdbava<\/strong><\/p>\n<ul>\n<li>P\u0159edn\u00ed a zadn\u00ed \u0159iditeln\u00e1 n\u00e1prava. \u0158\u00edzen\u00ed: 4 kola\/ krab\u00ed chod\/ 2 kola.<\/li>\n<li>Hydraulick\u00fd rozvad\u011b\u010d s joystickem 4 v 1 s proporcion\u00e1ln\u00edm ovl\u00e1d\u00e1n\u00edm v\u0161ech funkc\u00ed.<\/li>\n<li>Hydraulick\u00fd syst\u00e9m otev\u0159en\u00fd st\u0159ed.<\/li>\n<li>Mechanicky odpru\u017een\u00e9 sedadlo \u0159idi\u010de<\/li>\n<li>Topen\u00ed<\/li>\n<li>Kola 400\/70-20 s blatn\u00edky<\/li>\n<li>Up\u00edna\u010d n\u00e1\u0159ad\u00ed Dieci<\/li>\n<li>Dvoj\u010dinn\u00fd hydraulick\u00fd z\u00e1mek<\/li>\n<li>Halogenov\u00e9 silni\u010dn\u00ed osv\u011btlen\u00ed (p\u0159edn\u00ed a zadn\u00ed)<\/li>\n<li>Prav\u00e1 a lev\u00e1 bo\u010dn\u00ed zrc\u00e1tka<\/li>\n<\/ul>\n","protected":false},"excerpt":{"rendered":"<p>Pro dosa\u017een\u00ed absolutn\u00ed kvality byla \u0159ada AGRI zcela p\u0159epracov\u00e1na. Byla obohacena futuristick\u00fdm designem a maxim\u00e1ln\u00edm komfortem nov\u00e9 kabiny, kterou navrhnul Giugiaro Design. AGRI FARMER, nejv\u00edce agiln\u00ed mezi zem\u011bd\u011blsk\u00fdmi teleskopick\u00fdmi manipul\u00e1tory Dieci, je velice komfortn\u00ed d\u00edky&hellip;<\/p>\n","protected":false},"featured_media":17296,"comment_status":"closed","ping_status":"closed","template":"","meta":[],"product_brand":[],"product_cat":[122],"product_tag":[],"class_list":{"0":"post-31736","1":"product","2":"type-product","3":"status-publish","4":"has-post-thumbnail","6":"product_cat-teleskopicke-manipulatory","8":"first","9":"instock","10":"sale","11":"taxable","12":"shipping-taxable","13":"purchasable","14":"product-type-simple"},"_links":{"self":[{"href":"https:\/\/recarprofi.cz\/uvod\/wp-json\/wp\/v2\/product\/31736","targetHints":{"allow":["GET"]}}],"collection":[{"href":"https:\/\/recarprofi.cz\/uvod\/wp-json\/wp\/v2\/product"}],"about":[{"href":"https:\/\/recarprofi.cz\/uvod\/wp-json\/wp\/v2\/types\/product"}],"replies":[{"embeddable":true,"href":"https:\/\/recarprofi.cz\/uvod\/wp-json\/wp\/v2\/comments?post=31736"}],"version-history":[{"count":1,"href":"https:\/\/recarprofi.cz\/uvod\/wp-json\/wp\/v2\/product\/31736\/revisions"}],"predecessor-version":[{"id":31737,"href":"https:\/\/recarprofi.cz\/uvod\/wp-json\/wp\/v2\/product\/31736\/revisions\/31737"}],"wp:featuredmedia":[{"embeddable":true,"href":"https:\/\/recarprofi.cz\/uvod\/wp-json\/wp\/v2\/media\/17296"}],"wp:attachment":[{"href":"https:\/\/recarprofi.cz\/uvod\/wp-json\/wp\/v2\/media?parent=31736"}],"wp:term":[{"taxonomy":"product_brand","embeddable":true,"href":"https:\/\/recarprofi.cz\/uvod\/wp-json\/wp\/v2\/product_brand?post=31736"},{"taxonomy":"product_cat","embeddable":true,"href":"https:\/\/recarprofi.cz\/uvod\/wp-json\/wp\/v2\/product_cat?post=31736"},{"taxonomy":"product_tag","embeddable":true,"href":"https:\/\/recarprofi.cz\/uvod\/wp-json\/wp\/v2\/product_tag?post=31736"}],"curies":[{"name":"wp","href":"https:\/\/api.w.org\/{rel}","templated":true}]}}